{"id":3417,"date":"2026-01-22T09:33:17","date_gmt":"2026-01-22T08:33:17","guid":{"rendered":"https:\/\/shop.steel-containers.com\/produkt\/kontejner-pro-otocne-hlavy-pmo-1000\/"},"modified":"2026-01-22T09:33:17","modified_gmt":"2026-01-22T08:33:17","slug":"kontejner-pro-otocne-hlavy-pmo-1000","status":"publish","type":"product","link":"https:\/\/shop.steel-containers.com\/cs\/produkt\/kontejner-pro-otocne-hlavy-pmo-1000\/","title":{"rendered":"Kontejner pro oto\u010dn\u00e9 hlavy PMO 1000"},"content":{"rendered":"<p data-path-to-node=\"3\">Kontejner pro oto\u010dn\u00e9 hlavy PMO 1000 je specializovan\u00fd obd\u00e9ln\u00edkov\u00fd z\u00e1sobn\u00edk o objemu 1 000 litr\u016f, navr\u017een\u00fd v\u00fdhradn\u011b pro spolupr\u00e1ci s vysokozdvi\u017en\u00fdmi voz\u00edky vybaven\u00fdmi oto\u010dnou hlavou (rot\u00e1torem). Jedn\u00e1 se o \u0159e\u0161en\u00ed ur\u010den\u00e9 pro t\u011b\u017ek\u00fd pr\u016fmysl, kde je kl\u00ed\u010dov\u00e1 tuhost konstrukce a odolnost v\u016f\u010di extr\u00e9mn\u00edmu zat\u00ed\u017een\u00ed b\u011bhem man\u00e9vru ot\u00e1\u010den\u00ed. <\/p>\n<h3 data-path-to-node=\"4\">Panc\u00e9\u0159ov\u00e1 z\u00e1kladna 5 mm<\/h3>\n<p data-path-to-node=\"5\">Model PMO 1000 ur\u010duje nov\u00e9 standardy odolnosti. Zat\u00edmco standardn\u00ed kontejnery maj\u00ed dno o tlou\u0161\u0165ce 3 nebo 4 mm, tento model je vybaven z\u00e1kladnou vyrobenou z plechu o tlou\u0161\u0165ce a\u017e 5 mm. Boky kontejneru tvo\u0159\u00ed solidn\u00ed 3mm plech formovan\u00fd metodou oh\u00fdb\u00e1n\u00ed, co\u017e dodate\u010dn\u011b zpev\u0148uje celou konstrukci. Tato konstrukce zaru\u010duje, \u017ee se n\u00e1doba nezdeformuje ani p\u0159i pln\u00e9m zat\u00ed\u017een\u00ed t\u011b\u017ek\u00fdm \u0161rotem, odlitky nebo sut\u00ed, a zaji\u0161\u0165uje tak dlouholetou \u017eivotnost.   <\/p>\n<h3 data-path-to-node=\"6\">P\u0159izp\u016fsoben pro rotaci a stohov\u00e1n\u00ed<\/h3>\n<p data-path-to-node=\"7\">Syst\u00e9m vykl\u00e1dky je zalo\u017een na gravitaci \u2013 vypr\u00e1zdn\u011bn\u00ed obsahu prob\u00edh\u00e1 oto\u010den\u00edm vidlic voz\u00edku. Aby byl tento proces bezpe\u010dn\u00fd a stabiln\u00ed, je kontejner vybaven kapsami vyroben\u00fdmi z uzav\u0159en\u00fdch ocelov\u00fdch profil\u016f. Ty jsou mnohem odoln\u011bj\u0161\u00ed ne\u017e standardn\u00ed kapsy z plechu, co\u017e zabra\u0148uje jejich opot\u0159eben\u00ed vlivem sil p\u016fsob\u00edc\u00edch b\u011bhem rotace. V horn\u00ed \u010d\u00e1sti n\u00e1dr\u017ee se nav\u00edc nach\u00e1zej\u00ed rohy, kter\u00e9 umo\u017e\u0148uj\u00ed stohov\u00e1n\u00ed v syst\u00e9mu 1+1, co\u017e napom\u00e1h\u00e1 efektivn\u00edmu \u0159\u00edzen\u00ed skladov\u00e9ho prostoru.   <\/p>\n<h3 data-path-to-node=\"8\">Estetika a funk\u010dnost<\/h3>\n<p data-path-to-node=\"9\">Kontejner je usazen na patk\u00e1ch, co\u017e izoluje dno od podkladu. Celek je chr\u00e1n\u011bn n\u00e1t\u011brov\u00fdm syst\u00e9mem skl\u00e1daj\u00edc\u00edm se ze z\u00e1kladov\u00e9 barvy a vrchn\u00ed polyuretanov\u00e9 barvy. To vytv\u00e1\u0159\u00ed hladk\u00fd, nepropustn\u00fd povrch, kter\u00fd nejen chr\u00e1n\u00ed ocel p\u0159ed koroz\u00ed, ale tak\u00e9 zaji\u0161\u0165uje, \u017ee ne\u010distoty a zbytky materi\u00e1lu neulp\u00edvaj\u00ed na st\u011bn\u00e1ch, co\u017e usnad\u0148uje \u010di\u0161t\u011bn\u00ed.  <\/p>\n<p data-path-to-node=\"10\">Zvolte kontejner PMO 1000, pokud vlastn\u00edte voz\u00edk s oto\u010dnou hlavou a hled\u00e1te nejodoln\u011bj\u0161\u00ed z\u00e1sobn\u00edk na trhu s dnem o tlou\u0161\u0165ce 5 mm.<\/p>\n","protected":false},"excerpt":{"rendered":"<p data-path-to-node=\"13\">Extr\u00e9mn\u011b odoln\u00fd kontejner pro rot\u00e1tory PMO 1000. Navr\u017een pro voz\u00edky s oto\u010dnou hlavou. Vynik\u00e1 z\u00e1kladnou z 5mm plechu a 3mm boky. Kapsy z profil\u016f, mo\u017enost stohov\u00e1n\u00ed 1+1.   <\/p>\n<p data-path-to-node=\"14\"><b data-path-to-node=\"14\" data-index-in-node=\"0\">Nejd\u016fle\u017eit\u011bj\u0161\u00ed vlastnosti:<\/b><\/p>\n<ul data-path-to-node=\"15\">\n<li>\n<p data-path-to-node=\"15,0,0\">Objem: 1 000 litr\u016f<\/p>\n<\/li>\n<li>\n<p data-path-to-node=\"15,1,0\">Odolnost: Z\u00e1kladna 5 mm (Max) \/ Boky 3 mm<\/p>\n<\/li>\n<li>\n<p data-path-to-node=\"15,2,0\">Syst\u00e9m: Ur\u010deno pro voz\u00edky s oto\u010dnou hlavou<\/p>\n<\/li>\n<li>\n<p data-path-to-node=\"15,3,0\">Konstrukce: Kapsy z ocelov\u00fdch profil\u016f<\/p>\n<\/li>\n<li>\n<p data-path-to-node=\"15,4,0\">Logistika: Mo\u017enost stohov\u00e1n\u00ed (1+1)<\/p>\n<\/li>\n<\/ul>\n","protected":false},"featured_media":380,"comment_status":"open","ping_status":"closed","template":"","meta":[],"product_brand":[],"product_cat":[349],"product_tag":[],"class_list":{"0":"post-3417","1":"product","2":"type-product","3":"status-publish","4":"has-post-thumbnail","6":"product_cat-kontejner-pro-otocny-mechanismus","7":"product_shipping_class-kurier-390","9":"first","10":"instock","11":"taxable","12":"shipping-taxable","13":"purchasable","14":"product-type-simple"},"_links":{"self":[{"href":"https:\/\/shop.steel-containers.com\/cs\/wp-json\/wp\/v2\/product\/3417","targetHints":{"allow":["GET"]}}],"collection":[{"href":"https:\/\/shop.steel-containers.com\/cs\/wp-json\/wp\/v2\/product"}],"about":[{"href":"https:\/\/shop.steel-containers.com\/cs\/wp-json\/wp\/v2\/types\/product"}],"replies":[{"embeddable":true,"href":"https:\/\/shop.steel-containers.com\/cs\/wp-json\/wp\/v2\/comments?post=3417"}],"wp:featuredmedia":[{"embeddable":true,"href":"https:\/\/shop.steel-containers.com\/cs\/wp-json\/wp\/v2\/media\/380"}],"wp:attachment":[{"href":"https:\/\/shop.steel-containers.com\/cs\/wp-json\/wp\/v2\/media?parent=3417"}],"wp:term":[{"taxonomy":"product_brand","embeddable":true,"href":"https:\/\/shop.steel-containers.com\/cs\/wp-json\/wp\/v2\/product_brand?post=3417"},{"taxonomy":"product_cat","embeddable":true,"href":"https:\/\/shop.steel-containers.com\/cs\/wp-json\/wp\/v2\/product_cat?post=3417"},{"taxonomy":"product_tag","embeddable":true,"href":"https:\/\/shop.steel-containers.com\/cs\/wp-json\/wp\/v2\/product_tag?post=3417"}],"curies":[{"name":"wp","href":"https:\/\/api.w.org\/{rel}","templated":true}]}}