{"id":3580,"date":"2026-01-22T09:33:50","date_gmt":"2026-01-22T08:33:50","guid":{"rendered":"https:\/\/shop.steel-containers.com\/produkt\/mulda-4-m%c2%b3\/"},"modified":"2026-03-13T10:31:07","modified_gmt":"2026-03-13T09:31:07","slug":"mulda-4-m%c2%b3","status":"publish","type":"product","link":"https:\/\/shop.steel-containers.com\/cs\/produkt\/mulda-4-m%c2%b3\/","title":{"rendered":"Mulda 4 m\u00b3"},"content":{"rendered":"<p data-path-to-node=\"12\">Asymetrick\u00e1 mulda 4 m\u00b3 je robustn\u00ed ocelov\u00fd kontejner s velk\u00fdm objemem, navr\u017een\u00fd pro intenzivn\u00ed provoz. D\u00edky optim\u00e1ln\u00edm pom\u011br\u016fm rozm\u011br\u016f k nosnosti pat\u0159\u00ed mezi nej\u010dast\u011bji volen\u00e9 kontejnery stavebn\u00edch a komun\u00e1ln\u00edch firem pro v\u011bt\u0161\u00ed investice a odvoz objemn\u00e9ho odpadu.<\/p>\n<h2 data-path-to-node=\"13\">Pro\u010d zvolit model: Asymetrick\u00e1 mulda 4 m\u00b3?<\/h2>\n<p data-path-to-node=\"14\">Nab\u00edzen\u00e1 asymetrick\u00e1 mulda 4 m\u00b3 se vyzna\u010duje specifickou, ergonomickou konstrukc\u00ed. P\u0159edn\u00ed st\u011bna kontejneru je ni\u017e\u0161\u00ed ne\u017e ostatn\u00ed, m\u00edrn\u011b se\u0159\u00edznut\u00e1 a osazen\u00e1 pod sklonem. Takov\u00e9 \u0159e\u0161en\u00ed v\u00fdrazn\u011b usnad\u0148uje ru\u010dn\u00ed nakl\u00e1dku \u2013 umo\u017e\u0148uje syp\u00e1n\u00ed odpadu (nap\u0159. lopatou nebo kole\u010dkem) bez nutnosti vysok\u00e9ho zved\u00e1n\u00ed.<br \/>\nObjem 4 m\u00b3 umo\u017e\u0148uje jednor\u00e1zov\u00fd odvoz velk\u00e9ho mno\u017estv\u00ed materi\u00e1lu, \u010d\u00edm\u017e optimalizuje n\u00e1klady na dopravu.<\/p>\n<h3 data-path-to-node=\"15\">Pevn\u00e1 konstrukce a t\u011bsnost<\/h3>\n<p data-path-to-node=\"16\">Na\u0161e kontejnery vyr\u00e1b\u00edme s d\u016frazem na dlouhou \u017eivotnost. Asymetrick\u00e1 mulda 4 m\u00b3 se vyzna\u010duje zv\u00fd\u0161enou pevnost\u00ed:<\/p>\n<ul data-path-to-node=\"17\">\n<li>\n<p data-path-to-node=\"17,0,0\">Tlou\u0161\u0165ka plechu: N\u00e1doba je vyrobena z plechu o tlou\u0161\u0165ce 3\u20134 mm, dno je zes\u00edleno plechem 3\u20135 mm.<\/p>\n<\/li>\n<li>\n<p data-path-to-node=\"17,1,0\">Oboustrann\u00e9 sva\u0159ov\u00e1n\u00ed: Pou\u017eit\u00ed souvisl\u00e9ho svaru z obou stran zaru\u010duje plnou t\u011bsnost kontejneru. D\u00edky tomu je mo\u017en\u00e1 bezpe\u010dn\u00e1 p\u0159eprava sypk\u00fdch materi\u00e1l\u016f (p\u00edsek, \u0161t\u011brk) i vlhk\u00fdch (organick\u00fd odpad, kaly).<\/p>\n<\/li>\n<li>\n<p data-path-to-node=\"17,2,0\">Tuhost: Konstrukce obsahuje \u0159adu v\u00fdztuh, kter\u00e9 zabra\u0148uj\u00ed deformac\u00edm bo\u010dn\u00edch st\u011bn p\u0159i zat\u00ed\u017een\u00ed n\u00e1kladem.<\/p>\n<\/li>\n<\/ul>\n<h2 data-path-to-node=\"18\">Pou\u017eit\u00ed otev\u0159en\u00e9 asymetrick\u00e9 muldy<\/h2>\n<p data-path-to-node=\"19\">Univerz\u00e1ln\u00ed asymetrick\u00e1 mulda 4 m\u00b3 m\u00e1 \u0161irok\u00e9 vyu\u017eit\u00ed v mnoha odv\u011btv\u00edch:<\/p>\n<ol start=\"1\" data-path-to-node=\"20\">\n<li>\n<p data-path-to-node=\"20,0,0\">Stavebnictv\u00ed: Ide\u00e1ln\u00ed jako kontejner na su\u0165, demoli\u010dn\u00ed odpad, zeminu a pro p\u0159epravu kameniva.<\/p>\n<\/li>\n<li>\n<p data-path-to-node=\"20,1,0\">Pr\u016fmysl a recyklace: Pro shroma\u017e\u010fov\u00e1n\u00ed \u0161rotu, d\u0159ev\u011bn\u00e9ho a pr\u016fmyslov\u00e9ho odpadu a t\u0159\u00edd\u011bn\u00ed druhotn\u00fdch surovin.<\/p>\n<\/li>\n<li>\n<p data-path-to-node=\"20,2,0\">Zem\u011bd\u011blstv\u00ed: Jako t\u011bsn\u00e1 n\u00e1doba na organick\u00e9 zbytky a biomasu ke kompostov\u00e1n\u00ed.<\/p>\n<\/li>\n<li>\n<p data-path-to-node=\"20,3,0\">Komun\u00e1ln\u00ed hospod\u00e1\u0159stv\u00ed: Pro odvoz sm\u011bsn\u00e9ho a objemn\u00e9ho odpadu.<\/p>\n<\/li>\n<\/ol>\n<h3 data-path-to-node=\"21\">Doprava a vybaven\u00ed<\/h3>\n<p data-path-to-node=\"22\">Kontejnery jsou pln\u011b p\u0159izp\u016fsobeny spolupr\u00e1ci s vozidly vybaven\u00fdmi h\u00e1kovou nebo bramovou n\u00e1stavbou. Ve standardu m\u00e1 asymetrick\u00e1 mulda 4 m\u00b3:<\/p>\n<ul data-path-to-node=\"23\">\n<li>\n<p data-path-to-node=\"23,0,0\">Transportn\u00ed \u010depy: 4 pevn\u00e9 bo\u010dn\u00ed \u00fachyty.<\/p>\n<\/li>\n<li>\n<p data-path-to-node=\"23,1,0\">Spodn\u00ed h\u00e1k: Um\u00edst\u011bn\u00fd vp\u0159edu pod hranou nakl\u00e1dky (jednoduch\u00fd nebo dvojit\u00fd), usnad\u0148uje p\u0159esn\u00e9 vykl\u00e1p\u011bn\u00ed.<\/p>\n<\/li>\n<li>\n<p data-path-to-node=\"23,2,0\">H\u00e1\u010dky pro plachtu: Rozm\u00edst\u011bn\u00e9 po cel\u00e9m obvodu, umo\u017e\u0148uj\u00ed rychl\u00e9 zaji\u0161t\u011bn\u00ed n\u00e1kladu s\u00edt\u00ed b\u011bhem p\u0159epravy.<\/p>\n<\/li>\n<\/ul>\n<p data-path-to-node=\"24\">Investujte do osv\u011bd\u010den\u00e9ho za\u0159\u00edzen\u00ed, kter\u00e9 zefektivn\u00ed logistiku na stavb\u011b.<\/p>\n","protected":false},"excerpt":{"rendered":"<p>Objemn\u00e1 asymetrick\u00e1 mulda 4 m\u00b3 s otev\u0159enou konstrukc\u00ed. Ocelov\u00fd kontejner p\u0159izp\u016fsoben\u00fd pro bramovou n\u00e1stavbu, vyroben\u00fd z plechu 3\u20135 mm a sva\u0159ovan\u00fd oboustrann\u011b. Sn\u00ed\u017een\u00e1 p\u0159edn\u00ed st\u011bna usnad\u0148uje ru\u010dn\u00ed nakl\u00e1dku suti, zeminy a odpadu. Prohl\u00e9dn\u011bte si technickou specifikaci!<\/p>\n","protected":false},"featured_media":3125,"comment_status":"open","ping_status":"closed","template":"","meta":[],"product_brand":[],"product_cat":[332],"product_tag":[],"class_list":{"0":"post-3580","1":"product","2":"type-product","3":"status-publish","4":"has-post-thumbnail","6":"product_cat-kontejnery-typu-mulda","7":"product_shipping_class-kurier-690","9":"first","10":"instock","11":"taxable","12":"shipping-taxable","13":"purchasable","14":"product-type-simple"},"_links":{"self":[{"href":"https:\/\/shop.steel-containers.com\/cs\/wp-json\/wp\/v2\/product\/3580","targetHints":{"allow":["GET"]}}],"collection":[{"href":"https:\/\/shop.steel-containers.com\/cs\/wp-json\/wp\/v2\/product"}],"about":[{"href":"https:\/\/shop.steel-containers.com\/cs\/wp-json\/wp\/v2\/types\/product"}],"replies":[{"embeddable":true,"href":"https:\/\/shop.steel-containers.com\/cs\/wp-json\/wp\/v2\/comments?post=3580"}],"wp:featuredmedia":[{"embeddable":true,"href":"https:\/\/shop.steel-containers.com\/cs\/wp-json\/wp\/v2\/media\/3125"}],"wp:attachment":[{"href":"https:\/\/shop.steel-containers.com\/cs\/wp-json\/wp\/v2\/media?parent=3580"}],"wp:term":[{"taxonomy":"product_brand","embeddable":true,"href":"https:\/\/shop.steel-containers.com\/cs\/wp-json\/wp\/v2\/product_brand?post=3580"},{"taxonomy":"product_cat","embeddable":true,"href":"https:\/\/shop.steel-containers.com\/cs\/wp-json\/wp\/v2\/product_cat?post=3580"},{"taxonomy":"product_tag","embeddable":true,"href":"https:\/\/shop.steel-containers.com\/cs\/wp-json\/wp\/v2\/product_tag?post=3580"}],"curies":[{"name":"wp","href":"https:\/\/api.w.org\/{rel}","templated":true}]}}