{"id":3605,"date":"2026-01-22T09:33:50","date_gmt":"2026-01-22T08:33:50","guid":{"rendered":"https:\/\/shop.steel-containers.com\/produkt\/mulda-10-m%c2%b3\/"},"modified":"2026-03-13T10:33:33","modified_gmt":"2026-03-13T09:33:33","slug":"mulda-10-m%c2%b3","status":"publish","type":"product","link":"https:\/\/shop.steel-containers.com\/cs\/produkt\/mulda-10-m%c2%b3\/","title":{"rendered":"Mulda 10 m\u00b3"},"content":{"rendered":"<p data-path-to-node=\"12\">Asymetrick\u00e1 mulda 10 m\u00b3 je nejv\u011bt\u0161\u00ed dostupn\u00fd kontejner typu \u201emulda\u201c v nab\u00eddce, navr\u017een\u00fd pro z\u00e1kazn\u00edky vy\u017eaduj\u00edc\u00ed maxim\u00e1ln\u00ed lo\u017en\u00fd prostor. Tento v\u00fdkonn\u00fd ocelov\u00fd kontejner je nenahraditeln\u00fd p\u0159i obsluze velk\u00fdch staveni\u0161\u0165, v\u00fdrobn\u00edch z\u00e1vod\u016f a v logistice komun\u00e1ln\u00edho odpadu.<\/p>\n<h2 data-path-to-node=\"13\">Pro\u010d zvolit model: Asymetrick\u00e1 mulda 10 m\u00b3?<\/h2>\n<p data-path-to-node=\"14\">Nab\u00edzen\u00e1 asymetrick\u00e1 mulda 10 m\u00b3 se vyzna\u010duje jedine\u010dn\u00fdm spojen\u00edm obrovsk\u00e9ho objemu s funk\u010dn\u00ed, asymetrickou konstrukc\u00ed. P\u0159edn\u00ed st\u011bna je ni\u017e\u0161\u00ed, m\u00edrn\u011b se\u0159\u00edznut\u00e1 a osazen\u00e1 pod sklonem. D\u00edky tomu je i p\u0159es impozantn\u00ed rozm\u011bry ru\u010dn\u00ed nakl\u00e1d\u00e1n\u00ed v\u00fdrazn\u011b jednodu\u0161\u0161\u00ed ne\u017e u symetrick\u00fdch kontejner\u016f s vysok\u00fdmi bo\u010dnicemi. Objem 10 m\u00b3 z n\u00ed \u010din\u00ed ide\u00e1ln\u00ed \u0159e\u0161en\u00ed pro p\u0159epravu lehk\u00fdch, objemn\u00fdch materi\u00e1l\u016f (d\u0159evo, n\u00e1bytek, obalov\u00fd odpad), co\u017e umo\u017e\u0148uje v\u00fdrazn\u011b sn\u00ed\u017eit po\u010det transportn\u00edch j\u00edzd.<\/p>\n<h3 data-path-to-node=\"15\">Pevn\u00e1 konstrukce a odolnost<\/h3>\n<p data-path-to-node=\"16\">P\u0159i takto velk\u00e9m objemu jsou tuhost a odolnost kl\u00ed\u010dov\u00e9. Na\u0161e asymetrick\u00e1 mulda 10 m\u00b3 byla navr\u017eena tak, aby vydr\u017eela dlouh\u00e1 l\u00e9ta provozu:<\/p>\n<ul data-path-to-node=\"17\">\n<li>\n<p data-path-to-node=\"17,0,0\">Materi\u00e1ly: St\u011bny n\u00e1doby jsou vyrobeny z plechu o tlou\u0161\u0165ce 3\u20134 mm, z\u00e1kladna je zes\u00edlena plechem 3\u20135 mm.<\/p>\n<\/li>\n<li>\n<p data-path-to-node=\"17,1,0\">Oboustrann\u00e9 sva\u0159ov\u00e1n\u00ed: Cel\u00e1 konstrukce je sva\u0159ov\u00e1na oboustrann\u011b souvisl\u00fdm svarem, co\u017e zaru\u010duje plnou t\u011bsnost (d\u016fle\u017eit\u00e9 p\u0159i p\u0159eprav\u011b jemn\u00e9ho a vlhk\u00e9ho odpadu) a vysokou pevnost spoj\u016f.<\/p>\n<\/li>\n<li>\n<p data-path-to-node=\"17,2,0\">Tuhost: Konstrukce m\u00e1 \u010detn\u00e9 masivn\u00ed v\u00fdztuhy, kter\u00e9 stabilizuj\u00ed bo\u010dn\u00ed st\u011bny a chr\u00e1n\u00ed je p\u0159ed \u201erozp\u00edn\u00e1n\u00edm\u201c vlivem n\u00e1kladu.<\/p>\n<\/li>\n<\/ul>\n<h2 data-path-to-node=\"18\">Pou\u017eit\u00ed otev\u0159en\u00e9 asymetrick\u00e9 muldy<\/h2>\n<p data-path-to-node=\"19\">V\u0161estrann\u00e1 asymetrick\u00e1 mulda 10 m\u00b3 nach\u00e1z\u00ed uplatn\u011bn\u00ed v nejn\u00e1ro\u010dn\u011bj\u0161\u00edch sektorech:<\/p>\n<ol start=\"1\" data-path-to-node=\"20\">\n<li>\n<p data-path-to-node=\"20,0,0\">Komun\u00e1ln\u00ed hospod\u00e1\u0159stv\u00ed: Ide\u00e1ln\u00ed pro sb\u011br a odvoz objemn\u00e9ho odpadu (star\u00fd n\u00e1bytek, vybaven\u00ed) i sm\u011bsn\u00e9ho odpadu.<\/p>\n<\/li>\n<li>\n<p data-path-to-node=\"20,1,0\">Pr\u016fmysl: Ke shroma\u017e\u010fov\u00e1n\u00ed velk\u00e9ho mno\u017estv\u00ed v\u00fdrobn\u00edho odpadu, obal\u016f, palet \u010di kovov\u00fdch t\u0159\u00edsek.<\/p>\n<\/li>\n<li>\n<p data-path-to-node=\"20,2,0\">Stavebnictv\u00ed: P\u0159i rozs\u00e1hl\u00fdch investic\u00edch ke skladov\u00e1n\u00ed odpadu po rekonstrukc\u00edch, izolac\u00ed nebo leh\u010d\u00ed stavebn\u00ed suti.<\/p>\n<\/li>\n<li>\n<p data-path-to-node=\"20,3,0\">Zem\u011bd\u011blstv\u00ed: Jako objemn\u00e1 n\u00e1doba na biomasu a zem\u011bd\u011blsk\u00e9 produkty.<\/p>\n<\/li>\n<\/ol>\n<h3 data-path-to-node=\"21\">Doprava a bezpe\u010dnost<\/h3>\n<p data-path-to-node=\"22\">Kontejnery jsou pln\u011b kompatibiln\u00ed s t\u011b\u017ek\u00fdmi vozidly vybaven\u00fdmi bramovou n\u00e1stavbou.<\/p>\n<ul data-path-to-node=\"23\">\n<li>\n<p data-path-to-node=\"23,0,0\">Uchopovac\u00ed prvky: V\u00fdbava zahrnuje 4 pevn\u00e9 bo\u010dn\u00ed transportn\u00ed \u010depy a spodn\u00ed h\u00e1k (jednoduch\u00fd nebo dvojit\u00fd) na p\u0159edn\u00ed st\u011bn\u011b.<\/p>\n<\/li>\n<li>\n<p data-path-to-node=\"23,1,0\">Plachtov\u00e1n\u00ed: Po cel\u00e9m obvodu jsou rozm\u00edst\u011bny h\u00e1\u010dky, kter\u00e9 umo\u017e\u0148uj\u00ed bezpe\u010dn\u00e9 upevn\u011bn\u00ed s\u00edt\u011b nebo plachty. To je nezbytn\u00e9 p\u0159i p\u0159eprav\u011b 10 m\u00b3 odpadu pro zaji\u0161t\u011bn\u00ed bezpe\u010dnosti na silnici.<\/p>\n<\/li>\n<\/ul>\n<p data-path-to-node=\"24\">Zvolte maxim\u00e1ln\u00ed v\u00fdkon. Objednejte kontejner, kter\u00fd si porad\u00ed s ka\u017ed\u00fdm \u00fakolem.<\/p>\n","protected":false},"excerpt":{"rendered":"<p>Nejv\u011bt\u0161\u00ed asymetrick\u00e1 mulda 10 m\u00b3 v otev\u0159en\u00e9m proveden\u00ed. V\u00fdkonn\u00fd ocelov\u00fd kontejner pro bramovou n\u00e1stavbu, vyroben\u00fd z plechu 3\u20135 mm a sva\u0159ovan\u00fd oboustrann\u011b. Sn\u00ed\u017een\u00e1 p\u0159edn\u00ed \u010d\u00e1st usnad\u0148uje nakl\u00e1d\u00e1n\u00ed pr\u016fmyslov\u00e9ho odpadu, objemn\u00fdch materi\u00e1l\u016f a suti. Prohl\u00e9dn\u011bte si technickou specifikaci!<\/p>\n","protected":false},"featured_media":3125,"comment_status":"open","ping_status":"closed","template":"","meta":[],"product_brand":[],"product_cat":[332],"product_tag":[],"class_list":{"0":"post-3605","1":"product","2":"type-product","3":"status-publish","4":"has-post-thumbnail","6":"product_cat-kontejnery-typu-mulda","7":"product_shipping_class-kurier-690","9":"first","10":"instock","11":"taxable","12":"shipping-taxable","13":"purchasable","14":"product-type-simple"},"_links":{"self":[{"href":"https:\/\/shop.steel-containers.com\/cs\/wp-json\/wp\/v2\/product\/3605","targetHints":{"allow":["GET"]}}],"collection":[{"href":"https:\/\/shop.steel-containers.com\/cs\/wp-json\/wp\/v2\/product"}],"about":[{"href":"https:\/\/shop.steel-containers.com\/cs\/wp-json\/wp\/v2\/types\/product"}],"replies":[{"embeddable":true,"href":"https:\/\/shop.steel-containers.com\/cs\/wp-json\/wp\/v2\/comments?post=3605"}],"wp:featuredmedia":[{"embeddable":true,"href":"https:\/\/shop.steel-containers.com\/cs\/wp-json\/wp\/v2\/media\/3125"}],"wp:attachment":[{"href":"https:\/\/shop.steel-containers.com\/cs\/wp-json\/wp\/v2\/media?parent=3605"}],"wp:term":[{"taxonomy":"product_brand","embeddable":true,"href":"https:\/\/shop.steel-containers.com\/cs\/wp-json\/wp\/v2\/product_brand?post=3605"},{"taxonomy":"product_cat","embeddable":true,"href":"https:\/\/shop.steel-containers.com\/cs\/wp-json\/wp\/v2\/product_cat?post=3605"},{"taxonomy":"product_tag","embeddable":true,"href":"https:\/\/shop.steel-containers.com\/cs\/wp-json\/wp\/v2\/product_tag?post=3605"}],"curies":[{"name":"wp","href":"https:\/\/api.w.org\/{rel}","templated":true}]}}