{"id":3634,"date":"2026-01-22T09:34:02","date_gmt":"2026-01-22T08:34:02","guid":{"rendered":"https:\/\/shop.steel-containers.com\/produkt\/nakladovy-hak-na-vidlice\/"},"modified":"2026-01-22T09:34:02","modified_gmt":"2026-01-22T08:34:02","slug":"nakladovy-hak-na-vidlice","status":"publish","type":"product","link":"https:\/\/shop.steel-containers.com\/cs\/produkt\/nakladovy-hak-na-vidlice\/","title":{"rendered":"N\u00e1kladov\u00fd h\u00e1k na vidlice"},"content":{"rendered":"<p data-path-to-node=\"3\">N\u00e1kladov\u00fd h\u00e1k je kompaktn\u00ed a mimo\u0159\u00e1dn\u011b praktick\u00e9 p\u0159\u00eddavn\u00e9 za\u0159\u00edzen\u00ed, kter\u00e9 b\u011bhem n\u011bkolika sekund prom\u011bn\u00ed v\u00e1\u0161 vysokozdvi\u017en\u00fd voz\u00edk v mobiln\u00ed je\u0159\u00e1b. Je to ide\u00e1ln\u00ed \u0159e\u0161en\u00ed pro p\u0159epravu n\u00e1klad\u016f, kter\u00e9 nelze um\u00edstit na paletu, jako jsou stroje, konstruk\u010dn\u00ed prvky nebo vaky typu Big-Bag. <\/p>\n<h3 data-path-to-node=\"4\">Dv\u011b za\u0159\u00edzen\u00ed v jednom<\/h3>\n<p data-path-to-node=\"5\">To, co tento model odli\u0161uje, je jeho univerz\u00e1lnost. Konstrukce byla navr\u017eena tak, aby spolupracovala se dv\u011bma typy za\u0159\u00edzen\u00ed: <\/p>\n<ol start=\"1\" data-path-to-node=\"6\">\n<li>\n<p data-path-to-node=\"6,0,0\">Vysokozdvi\u017en\u00fd voz\u00edk: N\u00e1stavec se nasazuje na jeden zub vidlice.<\/p>\n<\/li>\n<li>\n<p data-path-to-node=\"6,1,0\">Je\u0159\u00e1b\/Suvnice: V horn\u00ed \u010d\u00e1sti se nach\u00e1z\u00ed robustn\u00ed z\u00e1v\u011bsn\u00e9 oko, kter\u00e9 umo\u017e\u0148uje zav\u011b\u0161en\u00ed samotn\u00e9ho dr\u017e\u00e1ku pod h\u00e1k je\u0159\u00e1bu, kde slou\u017e\u00ed jako adapt\u00e9r nebo pomocn\u00fd z\u00e1v\u011bs.<\/p>\n<\/li>\n<\/ol>\n<h3 data-path-to-node=\"7\">Bezpe\u010dnost a stabilita<\/h3>\n<p data-path-to-node=\"8\">Navzdory jednoduch\u00e9 konstrukci n\u00e1kladov\u00fd h\u00e1k zaru\u010duje plnou bezpe\u010dnost pr\u00e1ce. Mont\u00e1\u017e na vidlici je zaji\u0161t\u011bna pomoc\u00ed \u0161roubov\u00e9 sv\u011brky (p\u0159\u00edtla\u010dn\u00e9ho \u0161roubu). Toto jednoduch\u00e9, ale spolehliv\u00e9 \u0159e\u0161en\u00ed \u00fa\u010dinn\u011b chr\u00e1n\u00ed za\u0159\u00edzen\u00ed p\u0159ed n\u00e1hodn\u00fdm sklouznut\u00edm z vidlic p\u0159i brzd\u011bn\u00ed nebo man\u00e9vrov\u00e1n\u00ed. N\u00e1klad se zav\u011b\u0161uje na atestovan\u00fd oto\u010dn\u00fd h\u00e1k um\u00edst\u011bn\u00fd pod konstrukc\u00ed, co\u017e usnad\u0148uje polohov\u00e1n\u00ed zbo\u017e\u00ed a zabra\u0148uje kroucen\u00ed z\u00e1v\u011bs\u016f.   <\/p>\n<h3 data-path-to-node=\"9\">Lehkost a mobilita<\/h3>\n<p data-path-to-node=\"10\">Konstrukce h\u00e1ku je lehk\u00e1 a praktick\u00e1, co\u017e umo\u017e\u0148uje jeho ru\u010dn\u00ed p\u0159en\u00e1\u0161en\u00ed a mont\u00e1\u017e jedn\u00edm pracovn\u00edkem bez pou\u017eit\u00ed dal\u0161\u00edho n\u00e1\u0159ad\u00ed. D\u00edky tomu je za\u0159\u00edzen\u00ed v\u017edy p\u0159ipraveno k pou\u017eit\u00ed tam, kde je pot\u0159eba, ani\u017e by nadm\u011brn\u011b zat\u011b\u017eovalo nosnost samotn\u00e9ho voz\u00edku. <\/p>\n<p data-path-to-node=\"11\">Zvolte n\u00e1kladov\u00fd h\u00e1k, pokud pot\u0159ebujete rychle a levn\u011b roz\u0161\u00ed\u0159it mo\u017enosti sv\u00e9ho vysokozdvi\u017en\u00e9ho voz\u00edku o funkci zved\u00e1n\u00ed visut\u00fdch n\u00e1klad\u016f.<\/p>\n","protected":false},"excerpt":{"rendered":"<p data-path-to-node=\"14\">Zm\u011b\u0148te voz\u00edk v je\u0159\u00e1b d\u00edky n\u00e1kladov\u00e9mu h\u00e1ku na vidlice. Mont\u00e1\u017e na jednu vidlici se \u0161roubov\u00fdm zaji\u0161t\u011bn\u00edm. Vybaven oto\u010dn\u00fdm h\u00e1kem a horn\u00edm okem pro je\u0159\u00e1b. Lehk\u00fd, mobiln\u00ed a bezpe\u010dn\u00fd na obsluhu.   <\/p>\n<p data-path-to-node=\"15\"><b data-path-to-node=\"15\" data-index-in-node=\"0\">Nejd\u016fle\u017eit\u011bj\u0161\u00ed vlastnosti:<\/b><\/p>\n<ul data-path-to-node=\"16\">\n<li>\n<p data-path-to-node=\"16,0,0\">Mont\u00e1\u017e: Na jeden zub vidlice<\/p>\n<\/li>\n<li>\n<p data-path-to-node=\"16,1,0\">Zaji\u0161t\u011bn\u00ed: \u0160roubov\u00e1 sv\u011brka (p\u0159\u00edtlak)<\/p>\n<\/li>\n<li>\n<p data-path-to-node=\"16,2,0\">Vybaven\u00ed: Oto\u010dn\u00fd h\u00e1k (dole) + Z\u00e1v\u011bsn\u00e9 oko (naho\u0159e)<\/p>\n<\/li>\n<li>\n<p data-path-to-node=\"16,3,0\">Obsluha: Vysokozdvi\u017en\u00fd voz\u00edk a je\u0159\u00e1b<\/p>\n<\/li>\n<li>\n<p data-path-to-node=\"16,4,0\">Vlastnosti: Lehk\u00e1 konstrukce, ru\u010dn\u00ed mont\u00e1\u017e<\/p>\n<\/li>\n<\/ul>\n","protected":false},"featured_media":3630,"comment_status":"open","ping_status":"closed","template":"","meta":[],"product_brand":[],"product_cat":[455],"product_tag":[],"class_list":{"0":"post-3634","1":"product","2":"type-product","3":"status-publish","4":"has-post-thumbnail","6":"product_cat-zvedaci-hak-pro-vysokozdvizne-voziky","7":"product_shipping_class-kurier-35","9":"first","10":"instock","11":"taxable","12":"shipping-taxable","13":"purchasable","14":"product-type-simple"},"_links":{"self":[{"href":"https:\/\/shop.steel-containers.com\/cs\/wp-json\/wp\/v2\/product\/3634","targetHints":{"allow":["GET"]}}],"collection":[{"href":"https:\/\/shop.steel-containers.com\/cs\/wp-json\/wp\/v2\/product"}],"about":[{"href":"https:\/\/shop.steel-containers.com\/cs\/wp-json\/wp\/v2\/types\/product"}],"replies":[{"embeddable":true,"href":"https:\/\/shop.steel-containers.com\/cs\/wp-json\/wp\/v2\/comments?post=3634"}],"wp:featuredmedia":[{"embeddable":true,"href":"https:\/\/shop.steel-containers.com\/cs\/wp-json\/wp\/v2\/media\/3630"}],"wp:attachment":[{"href":"https:\/\/shop.steel-containers.com\/cs\/wp-json\/wp\/v2\/media?parent=3634"}],"wp:term":[{"taxonomy":"product_brand","embeddable":true,"href":"https:\/\/shop.steel-containers.com\/cs\/wp-json\/wp\/v2\/product_brand?post=3634"},{"taxonomy":"product_cat","embeddable":true,"href":"https:\/\/shop.steel-containers.com\/cs\/wp-json\/wp\/v2\/product_cat?post=3634"},{"taxonomy":"product_tag","embeddable":true,"href":"https:\/\/shop.steel-containers.com\/cs\/wp-json\/wp\/v2\/product_tag?post=3634"}],"curies":[{"name":"wp","href":"https:\/\/api.w.org\/{rel}","templated":true}]}}