{"id":3671,"date":"2026-01-22T09:35:01","date_gmt":"2026-01-22T08:35:01","guid":{"rendered":"https:\/\/shop.steel-containers.com\/produkt\/jednostranny-stojan-typu-a-a-bok\/"},"modified":"2026-02-10T13:11:08","modified_gmt":"2026-02-10T12:11:08","slug":"jednostranny-stojan-typu-a-a-bok","status":"publish","type":"product","link":"https:\/\/shop.steel-containers.com\/cs\/produkt\/jednostranny-stojan-typu-a-a-bok\/","title":{"rendered":"Jednostrann\u00fd stojan typu A (A-BOK)"},"content":{"rendered":"<p data-path-to-node=\"10\">Jednostrann\u00fd stojan A-BOK je specializovan\u00e1, extr\u00e9mn\u011b odoln\u00e1 konstrukce navr\u017een\u00e1 pro profesion\u00e1ln\u00ed skladov\u00e1n\u00ed, p\u0159epravu a expozici t\u011b\u017ek\u00fdch kamenn\u00fdch desek, sintr\u016f, \u017euly nebo mramoru. D\u00edky sv\u00e9 konstrukci zaji\u0161\u0165uje maxim\u00e1ln\u00ed bezpe\u010dnost skladovan\u00fdch materi\u00e1l\u016f a z\u00e1rove\u0148 zab\u00edr\u00e1 m\u00e1lo m\u00edsta ve skladu nebo v\u00fdrobn\u00ed hale. <\/p>\n<h2 data-path-to-node=\"11\">Robustn\u00ed konstrukce z profil\u016f C a T<\/h2>\n<p data-path-to-node=\"12\">To, co odli\u0161uje tento model od konkurence, je jeho pom\u011br vlastn\u00ed hmotnosti k nosnosti. Celek je vyroben z odoln\u00fdch ocelov\u00fdch profil\u016f typu C a T. D\u00edky tomu stojan v\u00e1\u017e\u00ed pouh\u00fdch 51,26 kg, p\u0159i\u010dem\u017e jeho bezpe\u010dn\u00e1 nosnost \u010din\u00ed \u00factyhodn\u00fdch 3 000 kg. Jedn\u00e1 se o masivn\u00ed a stabiln\u00ed \u0159e\u0161en\u00ed, kter\u00e9 zaru\u010duje bezpe\u010dnost pr\u00e1ce kamen\u00edk\u016f a skladn\u00edk\u016f.   <\/p>\n<p data-path-to-node=\"13\">Geometrie stojanu byla navr\u017eena s ohledem na fyzik\u00e1ln\u00ed z\u00e1kony t\u00fdkaj\u00edc\u00ed se skladov\u00e1n\u00ed ploch\u00fdch prvk\u016f. Konstrukce vynucuje \u00fahel sklonu 10\u00b0, co\u017e je optim\u00e1ln\u00ed hodnota zabra\u0148uj\u00edc\u00ed p\u0159evr\u00e1cen\u00ed desek a z\u00e1rove\u0148 usnad\u0148uj\u00edc\u00ed jejich nakl\u00e1dku a vykl\u00e1dku (nap\u0159. pomoc\u00ed je\u0159\u00e1bu nebo chapadla). <\/p>\n<h3 data-path-to-node=\"14\">Rozm\u011bry a lo\u017en\u00fd prostor<\/h3>\n<p data-path-to-node=\"15\">Jednostrann\u00fd stojan A-BOK i p\u0159es kompaktn\u00ed vn\u011bj\u0161\u00ed rozm\u011bry (1160 x 850 x 1484 mm) nab\u00edz\u00ed vysokou funk\u010dnost. Lo\u017en\u00fd prostor o \u0161\u00ed\u0159ce 390 mm umo\u017e\u0148uje skladov\u00e1n\u00ed mnoha desek sou\u010dasn\u011b. Konstrukce je uzp\u016fsobena pro manipulaci s materi\u00e1ly o maxim\u00e1ln\u00ed v\u00fd\u0161ce do 1 800 mm, co\u017e pokr\u00fdv\u00e1 popt\u00e1vku po v\u011bt\u0161in\u011b standardn\u00edch kamenick\u00fdch form\u00e1t\u016f.  <\/p>\n<h2 data-path-to-node=\"16\">Pou\u017eit\u00ed: Sklad, doprava, expozice<\/h2>\n<p data-path-to-node=\"17\">Univerz\u00e1lnost tohoto modelu umo\u017e\u0148uje jeho vyu\u017eit\u00ed v mnoha oblastech kamenick\u00e9ho pr\u016fmyslu:<\/p>\n<ul data-path-to-node=\"18\">\n<li>\n<p data-path-to-node=\"18,0,0\">V\u00fdroba a sklad: Jako bezpe\u010dn\u00fd uzel pro hotov\u00e9 v\u00fdrobky nebo surov\u00e9 desky.<\/p>\n<\/li>\n<li>\n<p data-path-to-node=\"18,1,0\">Vnitropodnikov\u00e1 doprava: Jednoduch\u00e1 a bezpe\u010dn\u00e1 konstrukce usnad\u0148uje logistiku.<\/p>\n<\/li>\n<li>\n<p data-path-to-node=\"18,2,0\">Showroom: D\u00edky estetick\u00e9mu proveden\u00ed a bezpe\u010dn\u00e9mu \u00fahlu sklonu se stojan skv\u011ble hod\u00ed k prezentaci vzork\u016f kamene z\u00e1kazn\u00edk\u016fm.<\/p>\n<\/li>\n<\/ul>\n<p data-path-to-node=\"19\">Produkt jest gotowy do ci\u0119\u017ckiej pracy natychmiast po ustawieniu \u2013 nie wymaga skomplikowanego monta\u017cu i jest prosty w codziennym u\u017cytkowaniu.<\/p>\n","protected":false},"excerpt":{"rendered":"<p data-path-to-node=\"30\">Postarejte se o bezpe\u010dnost v kamenick\u00e9m z\u00e1vod\u011b se <b>Stojanem A-BOK JEDNOSTRANN\u00ddM<\/b>. Je to stabiln\u00ed konstrukce z profil\u016f C a T s nosnost\u00ed a\u017e <b>3000 kg<\/b>. <\/p>\n<p data-path-to-node=\"31\"><b>Nejd\u016fle\u017eit\u011bj\u0161\u00ed vlastnosti produktu:<\/b><\/p>\n<ul data-path-to-node=\"32\">\n<li>\n<p data-path-to-node=\"32,0,0\">Obrovsk\u00e1 nosnost: 3 tuny nosnosti p\u0159i vlastn\u00ed hmotnosti cca 51 kg. <\/p>\n<\/li>\n<li>\n<p data-path-to-node=\"32,1,0\">Bezpe\u010dnost: \u00dahel sklonu 10\u00b0 stabilizuje desky.<\/p>\n<\/li>\n<li>\n<p data-path-to-node=\"32,2,0\">Kapacita: Lo\u017en\u00fd prostor 390 mm pro desky do v\u00fd\u0161ky 1 800 mm.<\/p>\n<\/li>\n<li>\n<p data-path-to-node=\"32,3,0\">Univerz\u00e1lnost: Ide\u00e1ln\u00ed pro skladov\u00e1n\u00ed, dopravu a expozici.<\/p>\n<\/li>\n<li>\n<p data-path-to-node=\"32,4,0\">Rozm\u011bry: Kompaktn\u00ed 1160 x 850 x 1484 mm.<\/p>\n<\/li>\n<\/ul>\n<p data-path-to-node=\"33\">Nezbytn\u00e9 vybaven\u00ed ka\u017ed\u00e9ho kamenick\u00e9ho a skl\u00e1\u0159sk\u00e9ho z\u00e1vodu.<\/p>\n","protected":false},"featured_media":5554,"comment_status":"open","ping_status":"closed","template":"","meta":[],"product_brand":[],"product_cat":[376,321],"product_tag":[],"class_list":{"0":"post-3671","1":"product","2":"type-product","3":"status-publish","4":"has-post-thumbnail","6":"product_cat-skladove-stojany","7":"product_cat-transportni-stojany-typu-a","8":"product_shipping_class-kurier-690","10":"first","11":"instock","12":"taxable","13":"shipping-taxable","14":"purchasable","15":"product-type-simple"},"_links":{"self":[{"href":"https:\/\/shop.steel-containers.com\/cs\/wp-json\/wp\/v2\/product\/3671","targetHints":{"allow":["GET"]}}],"collection":[{"href":"https:\/\/shop.steel-containers.com\/cs\/wp-json\/wp\/v2\/product"}],"about":[{"href":"https:\/\/shop.steel-containers.com\/cs\/wp-json\/wp\/v2\/types\/product"}],"replies":[{"embeddable":true,"href":"https:\/\/shop.steel-containers.com\/cs\/wp-json\/wp\/v2\/comments?post=3671"}],"wp:featuredmedia":[{"embeddable":true,"href":"https:\/\/shop.steel-containers.com\/cs\/wp-json\/wp\/v2\/media\/5554"}],"wp:attachment":[{"href":"https:\/\/shop.steel-containers.com\/cs\/wp-json\/wp\/v2\/media?parent=3671"}],"wp:term":[{"taxonomy":"product_brand","embeddable":true,"href":"https:\/\/shop.steel-containers.com\/cs\/wp-json\/wp\/v2\/product_brand?post=3671"},{"taxonomy":"product_cat","embeddable":true,"href":"https:\/\/shop.steel-containers.com\/cs\/wp-json\/wp\/v2\/product_cat?post=3671"},{"taxonomy":"product_tag","embeddable":true,"href":"https:\/\/shop.steel-containers.com\/cs\/wp-json\/wp\/v2\/product_tag?post=3671"}],"curies":[{"name":"wp","href":"https:\/\/api.w.org\/{rel}","templated":true}]}}