{"id":3688,"date":"2026-01-22T09:34:03","date_gmt":"2026-01-22T08:34:03","guid":{"rendered":"https:\/\/shop.steel-containers.com\/produkt\/dvojity-stojan-typu-a-a-bok-dvojity\/"},"modified":"2026-01-22T09:34:03","modified_gmt":"2026-01-22T08:34:03","slug":"dvojity-stojan-typu-a-a-bok-dvojity","status":"publish","type":"product","link":"https:\/\/shop.steel-containers.com\/cs\/produkt\/dvojity-stojan-typu-a-a-bok-dvojity\/","title":{"rendered":"Dvojit\u00fd stojan typu A (A-BOK dvojit\u00fd)"},"content":{"rendered":"<p data-path-to-node=\"12\">Stojan na kamenn\u00e9 desky ve verzi \u201eA-BOK dvojit\u00fd\u201c je pokro\u010dil\u00e9 logistick\u00e9 \u0159e\u0161en\u00ed, kter\u00e9 p\u0159edstavuje evoluci klasick\u00e9ho jednoduch\u00e9ho stojanu. Tato konstrukce se vyzna\u010duje mimo\u0159\u00e1dnou stabilitou a zv\u011bt\u0161enou \u00falo\u017enou plochou d\u00edky spojen\u00ed dvou r\u00e1m\u016f typu \u201eA\u201c pevn\u00fdmi kovov\u00fdmi p\u0159\u00ed\u010dkami o d\u00e9lce 2000 mm. Celek je vyroben z vysoce odoln\u00fdch ocelov\u00fdch profil\u016f C a T, co\u017e zaru\u010duje masivnost, bezpe\u010dnost a odolnost v\u016f\u010di obrovsk\u00e9mu zat\u00ed\u017een\u00ed generovan\u00e9mu \u017eulov\u00fdmi, mramorov\u00fdmi nebo sintrov\u00fdmi deskami.  <\/p>\n<h2 data-path-to-node=\"13\">Bezpe\u010dnost a estetika expozice<\/h2>\n<p data-path-to-node=\"14\">Tento model byl navr\u017een pro dvoj\u00ed vyu\u017eit\u00ed. Na jedn\u00e9 stran\u011b se jeho panc\u00e9\u0159ov\u00e1 konstrukce dokonale osv\u011bd\u010duje v n\u00e1ro\u010dn\u00fdch v\u00fdrobn\u00edch a skladov\u00fdch podm\u00ednk\u00e1ch, kde minimalizuje riziko prasknut\u00ed nebo po\u0161kozen\u00ed cenn\u00fdch desek. Na druh\u00e9 stran\u011b je d\u00edky dokonal\u00e9 estetice proveden\u00ed dvojit\u00fd stojan \u010dasto volen do firemn\u00edch prodejen a showroom\u016f jako profesion\u00e1ln\u00ed v\u00fdstavn\u00ed reg\u00e1l, kter\u00fd z\u00e1kazn\u00edk\u016fm umo\u017e\u0148uje pohodln\u00e9 prohl\u00ed\u017een\u00ed sortimentu.  <\/p>\n<h2 data-path-to-node=\"15\">Univerz\u00e1ln\u00ed pou\u017eit\u00ed pro nadrozm\u011brn\u00e9 n\u00e1klady<\/h2>\n<p data-path-to-node=\"16\">Navzdory sv\u00e9mu prim\u00e1rn\u00edmu ur\u010den\u00ed pro kamenick\u00fd pr\u016fmysl je tato konstrukce mimo\u0159\u00e1dn\u011b univerz\u00e1ln\u00ed. \u0160irok\u00fd rozestup a stabiln\u00ed opora \u010din\u00ed tento stojan ide\u00e1ln\u00edm tak\u00e9 pro skladov\u00e1n\u00ed a p\u0159epravu jin\u00fdch velkoobjemov\u00fdch produkt\u016f. S \u00fasp\u011bchem se vyu\u017e\u00edv\u00e1 v truhl\u00e1\u0159sk\u00e9m pr\u016fmyslu pro bezpe\u010dn\u00e9 ukl\u00e1d\u00e1n\u00ed hotov\u00fdch dve\u0159\u00ed, oken nebo velk\u00fdch tabul\u00ed skla, kter\u00fdm zaji\u0161\u0165uje stabilitu, ji\u017a standardn\u00ed reg\u00e1ly nemohou zaru\u010dit.  <\/p>\n","protected":false},"excerpt":{"rendered":"<p>Komplexn\u00ed dvojit\u00fd kamenn\u00fd stojan na vystaven\u00ed. Skl\u00e1d\u00e1 se ze dvou modul\u016f &#8222;A&#8220; spojen\u00fdch 2000 mm dlouh\u00fdmi p\u0159\u00ed\u010dn\u00edky. Vyroben z robustn\u00edch profil\u016f C a T, je ide\u00e1ln\u00ed pro bezpe\u010dn\u00e9 skladov\u00e1n\u00ed a estetickou prezentaci kamene, ale i dve\u0159\u00ed a oken.  <\/p>\n","protected":false},"featured_media":3684,"comment_status":"open","ping_status":"closed","template":"","meta":[],"product_brand":[],"product_cat":[376,321],"product_tag":[],"class_list":{"0":"post-3688","1":"product","2":"type-product","3":"status-publish","4":"has-post-thumbnail","6":"product_cat-skladove-stojany","7":"product_cat-transportni-stojany-typu-a","8":"product_shipping_class-kurier-690","10":"first","11":"instock","12":"taxable","13":"shipping-taxable","14":"purchasable","15":"product-type-simple"},"_links":{"self":[{"href":"https:\/\/shop.steel-containers.com\/cs\/wp-json\/wp\/v2\/product\/3688","targetHints":{"allow":["GET"]}}],"collection":[{"href":"https:\/\/shop.steel-containers.com\/cs\/wp-json\/wp\/v2\/product"}],"about":[{"href":"https:\/\/shop.steel-containers.com\/cs\/wp-json\/wp\/v2\/types\/product"}],"replies":[{"embeddable":true,"href":"https:\/\/shop.steel-containers.com\/cs\/wp-json\/wp\/v2\/comments?post=3688"}],"wp:featuredmedia":[{"embeddable":true,"href":"https:\/\/shop.steel-containers.com\/cs\/wp-json\/wp\/v2\/media\/3684"}],"wp:attachment":[{"href":"https:\/\/shop.steel-containers.com\/cs\/wp-json\/wp\/v2\/media?parent=3688"}],"wp:term":[{"taxonomy":"product_brand","embeddable":true,"href":"https:\/\/shop.steel-containers.com\/cs\/wp-json\/wp\/v2\/product_brand?post=3688"},{"taxonomy":"product_cat","embeddable":true,"href":"https:\/\/shop.steel-containers.com\/cs\/wp-json\/wp\/v2\/product_cat?post=3688"},{"taxonomy":"product_tag","embeddable":true,"href":"https:\/\/shop.steel-containers.com\/cs\/wp-json\/wp\/v2\/product_tag?post=3688"}],"curies":[{"name":"wp","href":"https:\/\/api.w.org\/{rel}","templated":true}]}}