{"id":3713,"date":"2026-01-22T09:33:19","date_gmt":"2026-01-22T08:33:19","guid":{"rendered":"https:\/\/shop.steel-containers.com\/produkt\/stojan-na-kamenne-desky-typu-a-bok\/"},"modified":"2026-01-22T09:33:19","modified_gmt":"2026-01-22T08:33:19","slug":"stojan-na-kamenne-desky-typu-a-bok","status":"publish","type":"product","link":"https:\/\/shop.steel-containers.com\/cs\/produkt\/stojan-na-kamenne-desky-typu-a-bok\/","title":{"rendered":"Stojan na kamenn\u00e9 desky typu A-bok"},"content":{"rendered":"<p data-path-to-node=\"12\">Stojan na kamenn\u00e9 desky typu A-bok je specializovan\u00e1, masivn\u00ed konstrukce navr\u017een\u00e1 pro kamenick\u00fd a stavebn\u00ed pr\u016fmysl. Jeho hlavn\u00edm \u00fakolem je zajistit maxim\u00e1ln\u00ed bezpe\u010dnost p\u0159i skladov\u00e1n\u00ed, p\u0159eprav\u011b a expozici velkoform\u00e1tov\u00fdch desek (nap\u0159. \u017euly, mramoru, konglomer\u00e1tu nebo sintr\u016f). Skelet stojanu je vyroben z odoln\u00fdch ocelov\u00fdch profil\u016f typu C a T, co\u017e mu dod\u00e1v\u00e1 nezbytnou tuhost a odolnost v\u016f\u010di vysok\u00e9mu zat\u00ed\u017een\u00ed, kter\u00e9 je pro tento typ materi\u00e1l\u016f typick\u00e9.  <\/p>\n<h2 data-path-to-node=\"13\">Bezpe\u010dnost n\u00e1kladu a minimalizace ztr\u00e1t<\/h2>\n<p data-path-to-node=\"14\">Kl\u00ed\u010dovou v\u00fdhodou konstrukce typu \u201eA\u201c (tvar p\u00edsmene A) je optim\u00e1ln\u00ed \u00fahel n\u00e1klonu op\u011bry. D\u00edky tomu je riziko p\u0159evr\u00e1cen\u00ed, prasknut\u00ed nebo po\u0161kozen\u00ed k\u0159ehk\u00fdch kamenn\u00fdch desek sn\u00ed\u017eeno na minimum. Stojan na kamenn\u00e9 desky stabilizuje n\u00e1klad a chr\u00e1n\u00ed jej p\u0159ed vibracemi b\u011bhem p\u0159epravy a n\u00e1hodn\u00fdmi n\u00e1razy b\u011bhem skladov\u00e1n\u00ed v hale nebo na dvo\u0159e. <\/p>\n<h2 data-path-to-node=\"15\">Funk\u010dnost a trvanlivost na l\u00e9ta<\/h2>\n<p data-path-to-node=\"16\">Toto \u0159e\u0161en\u00ed je vysoce cen\u011bno pro svou jednoduchost a ergonomii. Umo\u017e\u0148uje \u00fasporu m\u00edsta ve skladu d\u00edky vertik\u00e1ln\u00edmu ukl\u00e1d\u00e1n\u00ed desek a usnad\u0148uje jejich p\u0159emis\u0165ov\u00e1n\u00ed (nap\u0159. pomoc\u00ed vysokozdvi\u017en\u00e9ho voz\u00edku nebo je\u0159\u00e1bu, v z\u00e1vislosti na modelu). Konstrukce je opat\u0159ena kvalitn\u00edm polyuretanov\u00fdm n\u00e1t\u011brem. Tato vrstva p\u0159edstavuje vynikaj\u00edc\u00ed antikorozn\u00ed ochranu, kter\u00e1 chr\u00e1n\u00ed ocel p\u0159ed vlhkost\u00ed a pov\u011btrnostn\u00edmi vlivy, co\u017e umo\u017e\u0148uje pou\u017eit\u00ed stojan\u016f jak uvnit\u0159 hal, tak venku.   <\/p>\n","protected":false},"excerpt":{"rendered":"<p data-path-to-node=\"9\">Profesion\u00e1ln\u00ed stojan na kamenn\u00e9 desky s konstrukc\u00ed typu \u201eA\u201c. Vyroben z masivn\u00edch profil\u016f C a T, co\u017e zaru\u010duje stabilitu a bezpe\u010dnost n\u00e1kladu. Ide\u00e1ln\u00ed pro p\u0159epravu, skladov\u00e1n\u00ed a expozici. Celkov\u011b antikorozn\u011b chr\u00e1n\u011bno polyuretanovou barvou.   <\/p>\n","protected":false},"featured_media":3705,"comment_status":"open","ping_status":"closed","template":"","meta":[],"product_brand":[],"product_cat":[376,321],"product_tag":[],"class_list":{"0":"post-3713","1":"product","2":"type-product","3":"status-publish","4":"has-post-thumbnail","6":"product_cat-skladove-stojany","7":"product_cat-transportni-stojany-typu-a","8":"product_shipping_class-kurier-690","10":"first","11":"instock","12":"taxable","13":"shipping-taxable","14":"purchasable","15":"product-type-simple"},"_links":{"self":[{"href":"https:\/\/shop.steel-containers.com\/cs\/wp-json\/wp\/v2\/product\/3713","targetHints":{"allow":["GET"]}}],"collection":[{"href":"https:\/\/shop.steel-containers.com\/cs\/wp-json\/wp\/v2\/product"}],"about":[{"href":"https:\/\/shop.steel-containers.com\/cs\/wp-json\/wp\/v2\/types\/product"}],"replies":[{"embeddable":true,"href":"https:\/\/shop.steel-containers.com\/cs\/wp-json\/wp\/v2\/comments?post=3713"}],"wp:featuredmedia":[{"embeddable":true,"href":"https:\/\/shop.steel-containers.com\/cs\/wp-json\/wp\/v2\/media\/3705"}],"wp:attachment":[{"href":"https:\/\/shop.steel-containers.com\/cs\/wp-json\/wp\/v2\/media?parent=3713"}],"wp:term":[{"taxonomy":"product_brand","embeddable":true,"href":"https:\/\/shop.steel-containers.com\/cs\/wp-json\/wp\/v2\/product_brand?post=3713"},{"taxonomy":"product_cat","embeddable":true,"href":"https:\/\/shop.steel-containers.com\/cs\/wp-json\/wp\/v2\/product_cat?post=3713"},{"taxonomy":"product_tag","embeddable":true,"href":"https:\/\/shop.steel-containers.com\/cs\/wp-json\/wp\/v2\/product_tag?post=3713"}],"curies":[{"name":"wp","href":"https:\/\/api.w.org\/{rel}","templated":true}]}}