{"id":3753,"date":"2026-01-22T09:34:03","date_gmt":"2026-01-22T08:34:03","guid":{"rendered":"https:\/\/shop.steel-containers.com\/produkt\/kontejner-na-pouzite-zarivky-pfl\/"},"modified":"2026-01-22T09:34:03","modified_gmt":"2026-01-22T08:34:03","slug":"kontejner-na-pouzite-zarivky-pfl","status":"publish","type":"product","link":"https:\/\/shop.steel-containers.com\/cs\/produkt\/kontejner-na-pouzite-zarivky-pfl\/","title":{"rendered":"Kontejner na pou\u017eit\u00e9 z\u00e1\u0159ivky PFL"},"content":{"rendered":"<p data-path-to-node=\"3\">Kontejner na pou\u017eit\u00e9 z\u00e1\u0159ivky PFL je specializovan\u00fd ocelov\u00fd z\u00e1sobn\u00edk navr\u017een\u00fd tak, aby spl\u0148oval p\u0159\u00edsn\u00e9 normy pro sb\u011br a p\u0159epravu nebezpe\u010dn\u00e9ho odpadu. Je to nezbytn\u00e9 vybaven\u00ed pro pracovi\u0161t\u011b, recykla\u010dn\u00ed firmy a sb\u011brn\u00e1 m\u00edsta, kter\u00e9 zaru\u010duje, \u017ee k\u0159ehk\u00e9 a \u017eivotn\u00edmu prost\u0159ed\u00ed \u0161kodliv\u00e9 fluorescen\u010dn\u00ed lampy budou skladov\u00e1ny bezpe\u010dn\u00fdm a t\u011bsn\u00fdm zp\u016fsobem. <\/p>\n<h3 data-path-to-node=\"4\">T\u011bsn\u00e1 a bezpe\u010dn\u00e1 konstrukce<\/h3>\n<p data-path-to-node=\"5\">Kl\u00ed\u010dov\u00fdm aspektem p\u0159i skladov\u00e1n\u00ed pou\u017eit\u00fdch z\u00e1\u0159ivek je zabr\u00e1n\u011bn\u00ed jejich rozbit\u00ed a \u00faniku \u0161kodliv\u00fdch l\u00e1tek (nap\u0159. rtuti) do okol\u00ed. Proto je model PFL vyroben kompletn\u011b z plechu o tlou\u0161\u0165ce 2 mm a je oboustrann\u011b sva\u0159ov\u00e1n. Tato technologie v\u00fdroby zaji\u0161\u0165uje nejen vysokou mechanickou odolnost, ale p\u0159edev\u0161\u00edm t\u011bsnost n\u00e1doby. Bezpe\u010dnost obsahu zaru\u010duje robustn\u00ed horn\u00ed v\u00edko uzav\u00edrateln\u00e9 na dva p\u00e1kov\u00e9 z\u00e1mky, co\u017e chr\u00e1n\u00ed p\u0159ed n\u00e1hodn\u00fdm otev\u0159en\u00edm. Uvnit\u0159 je namontov\u00e1na praktick\u00e1 podp\u011bra, kter\u00e1 dr\u017e\u00ed v\u00edko b\u011bhem nakl\u00e1dky.    <\/p>\n<h3 data-path-to-node=\"6\">Logistika: Voz\u00edk, je\u0159\u00e1b a stohov\u00e1n\u00ed<\/h3>\n<p data-path-to-node=\"7\">Kontejner PFL byl uzp\u016fsoben pro r\u016fzn\u00e9 syst\u00e9my vnitropodnikov\u00e9 dopravy. V z\u00e1kladn\u011b m\u00e1 kapsy pro vysokozdvi\u017en\u00e9 voz\u00edky a v horn\u00ed \u010d\u00e1sti \u010dty\u0159i masivn\u00ed \u00fachyty pro upevn\u011bn\u00ed z\u00e1v\u011bs\u016f, co\u017e umo\u017e\u0148uje obsluhu je\u0159\u00e1by a suvnice. Konstrukce roh\u016f a patek umo\u017e\u0148uje bezpe\u010dn\u00e9 stohov\u00e1n\u00ed v syst\u00e9mu 1+2 (jeden na dva), co\u017e umo\u017e\u0148uje zna\u010dnou \u00fasporu m\u00edsta ve sklad\u011b.  <\/p>\n<h3 data-path-to-node=\"8\">Flexibiln\u00ed metody vykl\u00e1dky<\/h3>\n<p data-path-to-node=\"9\">Kontejner nab\u00edz\u00ed t\u0159i zp\u016fsoby vyprazd\u0148ov\u00e1n\u00ed v z\u00e1vislosti na dostupn\u00e9m vybaven\u00ed:<\/p>\n<ol start=\"1\" data-path-to-node=\"10\">\n<li>\n<p data-path-to-node=\"10,0,0\">Je\u0159\u00e1bem: Odpojen\u00edm p\u0159edn\u00edch h\u00e1k\u016f, co\u017e zp\u016fsob\u00ed naklon\u011bn\u00ed kontejneru dop\u0159edu a vysyp\u00e1n\u00ed obsahu.<\/p>\n<\/li>\n<li>\n<p data-path-to-node=\"10,1,0\">Vysokozdvi\u017en\u00fdm voz\u00edkem: P\u0159i pou\u017eit\u00ed voz\u00edku vybaven\u00e9ho oto\u010dn\u00fdm za\u0159\u00edzen\u00edm.<\/p>\n<\/li>\n<li>\n<p data-path-to-node=\"10,2,0\">Ru\u010dn\u011b: D\u00edky p\u0159\u00edstupu p\u0159es horn\u00ed v\u00edko (nap\u0159. p\u0159i t\u0159\u00edd\u011bn\u00ed).<\/p>\n<\/li>\n<\/ol>\n<p data-path-to-node=\"11\">Pokud je pro v\u00e1s prioritou ekologick\u00e1 bezpe\u010dnost a dodr\u017eov\u00e1n\u00ed p\u0159edpis\u016f p\u0159i likvidaci z\u00e1\u0159ivek, zvolte kontejner PFL.<\/p>\n","protected":false},"excerpt":{"rendered":"<p data-path-to-node=\"14\">Dbejte na bezpe\u010dnost s kontejnerem na pou\u017eit\u00e9 z\u00e1\u0159ivky PFL. T\u011bsn\u00fd ocelov\u00fd kontejner (plech 2 mm) s v\u00edkem na z\u00e1mky. Uzp\u016fsoben pro vysokozdvi\u017en\u00e9 voz\u00edky a je\u0159\u00e1by. Mo\u017enost stohov\u00e1n\u00ed (1+2). Ide\u00e1ln\u00ed pro nebezpe\u010dn\u00fd odpad.    <\/p>\n<p data-path-to-node=\"15\"><b data-path-to-node=\"15\" data-index-in-node=\"0\">Nejd\u016fle\u017eit\u011bj\u0161\u00ed vlastnosti:<\/b><\/p>\n<ul data-path-to-node=\"16\">\n<li>\n<p data-path-to-node=\"16,0,0\">Ur\u010den\u00ed: Pou\u017eit\u00e9 z\u00e1\u0159ivki (nebezpe\u010dn\u00fd odpad)<\/p>\n<\/li>\n<li>\n<p data-path-to-node=\"16,1,0\">Konstrukce: Plech 2 mm, oboustrann\u00e9 svary (t\u011bsnost)<\/p>\n<\/li>\n<li>\n<p data-path-to-node=\"16,2,0\">Logistika: Vysokozdvi\u017en\u00fd voz\u00edk + je\u0159\u00e1b (\u00fachyty)<\/p>\n<\/li>\n<li>\n<p data-path-to-node=\"16,3,0\">Skladov\u00e1n\u00ed: Mo\u017enost stohov\u00e1n\u00ed (pom\u011br 1+2)<\/p>\n<\/li>\n<li>\n<p data-path-to-node=\"16,4,0\">Bezpe\u010dnost: Uzamykateln\u00e9 v\u00edko s podp\u011brou<\/p>\n<\/li>\n<\/ul>\n","protected":false},"featured_media":650,"comment_status":"open","ping_status":"closed","template":"","meta":[],"product_brand":[],"product_cat":[356],"product_tag":[],"class_list":{"0":"post-3753","1":"product","2":"type-product","3":"status-publish","4":"has-post-thumbnail","6":"product_cat-nebezpecny-odpad","7":"product_shipping_class-kurier-450","9":"first","10":"instock","11":"taxable","12":"shipping-taxable","13":"purchasable","14":"product-type-simple"},"_links":{"self":[{"href":"https:\/\/shop.steel-containers.com\/cs\/wp-json\/wp\/v2\/product\/3753","targetHints":{"allow":["GET"]}}],"collection":[{"href":"https:\/\/shop.steel-containers.com\/cs\/wp-json\/wp\/v2\/product"}],"about":[{"href":"https:\/\/shop.steel-containers.com\/cs\/wp-json\/wp\/v2\/types\/product"}],"replies":[{"embeddable":true,"href":"https:\/\/shop.steel-containers.com\/cs\/wp-json\/wp\/v2\/comments?post=3753"}],"wp:featuredmedia":[{"embeddable":true,"href":"https:\/\/shop.steel-containers.com\/cs\/wp-json\/wp\/v2\/media\/650"}],"wp:attachment":[{"href":"https:\/\/shop.steel-containers.com\/cs\/wp-json\/wp\/v2\/media?parent=3753"}],"wp:term":[{"taxonomy":"product_brand","embeddable":true,"href":"https:\/\/shop.steel-containers.com\/cs\/wp-json\/wp\/v2\/product_brand?post=3753"},{"taxonomy":"product_cat","embeddable":true,"href":"https:\/\/shop.steel-containers.com\/cs\/wp-json\/wp\/v2\/product_cat?post=3753"},{"taxonomy":"product_tag","embeddable":true,"href":"https:\/\/shop.steel-containers.com\/cs\/wp-json\/wp\/v2\/product_tag?post=3753"}],"curies":[{"name":"wp","href":"https:\/\/api.w.org\/{rel}","templated":true}]}}