{"id":3822,"date":"2026-01-22T09:33:17","date_gmt":"2026-01-22T08:33:17","guid":{"rendered":"https:\/\/shop.steel-containers.com\/produkt\/zabezpeceny-kontejner-pzz\/"},"modified":"2026-02-20T12:27:15","modified_gmt":"2026-02-20T11:27:15","slug":"zabezpeceny-kontejner-pzz","status":"publish","type":"product","link":"https:\/\/shop.steel-containers.com\/cs\/produkt\/zabezpeceny-kontejner-pzz\/","title":{"rendered":"N\u00e1doba na odpad proti divok\u00fdm zv\u00ed\u0159at\u016fm"},"content":{"rendered":"<p data-path-to-node=\"3\">Zabezpe\u010den\u00fd kontejner PZZ je specializovan\u00fd z\u00e1sobn\u00edk se zes\u00edlenou konstrukc\u00ed, navr\u017een\u00fd pro \u00fakoly vy\u017eaduj\u00edc\u00ed vysokou \u00farove\u0148 ochrany. Jeho hlavn\u00edm \u00fa\u010delem je zcela zamezit p\u0159\u00edstupu k obsahu nepovolan\u00fdm osob\u00e1m a divok\u00fdm zv\u00ed\u0159at\u016fm. Je to \u0159e\u0161en\u00ed ur\u010den\u00e9 pro lesn\u00ed spr\u00e1vy, n\u00e1rodn\u00ed parky, ale tak\u00e9 pro staveni\u0161t\u011b a pr\u016fmyslov\u00e9 z\u00e1vody, kter\u00e9 si cen\u00ed bezpe\u010dnosti vybaven\u00ed.  <\/p>\n<h3 data-path-to-node=\"4\">Panc\u00e9\u0159ov\u00e1 konstrukce s vnit\u0159n\u00edm r\u00e1mem<\/h3>\n<p data-path-to-node=\"5\">PZZ je v\u00edc ne\u017e jen oby\u010dejn\u00e1 sk\u0159\u00ed\u0148. Z\u00e1sobn\u00edk je vyroben ze siln\u00fdch ocelov\u00fdch plech\u016f (2 \u2013 2,5 mm), d\u00edky \u010demu\u017e je odoln\u00fd proti pokus\u016fm o n\u00e1siln\u00e9 vniknut\u00ed, n\u00e1raz\u016fm nebo zni\u010den\u00ed velk\u00fdmi zv\u00ed\u0159aty (nap\u0159. medv\u011bdy, divo\u010d\u00e1ky). Vnit\u0159ek kontejneru je dodate\u010dn\u011b vyztu\u017een kovov\u00fdm r\u00e1mem, kter\u00fd zpev\u0148uje celou konstrukci a zabra\u0148uje jej\u00ed deformaci i p\u0159i siln\u00e9m tlaku zven\u010d\u00ed.  <\/p>\n<h3 data-path-to-node=\"6\">Pokro\u010dil\u00fd syst\u00e9m uzamyk\u00e1n\u00ed<\/h3>\n<p data-path-to-node=\"7\">To, co odli\u0161uje model PZZ, je unik\u00e1tn\u00ed syst\u00e9m ryglov\u00e1n\u00ed. Upraven\u00e1 z\u00e1vora byla ukryta pod speci\u00e1ln\u00ed kopul\u00ed, co\u017e znemo\u017e\u0148uje manipulaci s n\u00ed pomoc\u00ed n\u00e1\u0159ad\u00ed. P\u0159\u00edstup do vnit\u0159ku je chr\u00e1n\u011bn z\u00e1mkem na speci\u00e1ln\u00ed kl\u00ed\u010d, um\u00edst\u011bn\u00fdm netradi\u010dn\u011b na zadn\u00ed st\u011bn\u011b. Toto um\u00edst\u011bn\u00ed z\u00e1mku d\u00e1le zt\u011b\u017euje pokusy o vloup\u00e1n\u00ed. D\u00edky tomu kontejner \u00fa\u010dinn\u011b chr\u00e1n\u00ed drah\u00e9 n\u00e1\u0159ad\u00ed na stavb\u011b p\u0159ed kr\u00e1de\u017e\u00ed a v lese zabezpe\u010duje odpady p\u0159ed rozh\u00e1zen\u00edm zv\u011b\u0159\u00ed.    <\/p>\n<h3 data-path-to-node=\"8\">Odolnost v\u016f\u010di pov\u011btrnostn\u00edm vliv\u016fm<\/h3>\n<p data-path-to-node=\"9\">Konstrukce byla promy\u0161lena pro venkovn\u00ed pou\u017eit\u00ed. \u0160ikm\u00e9 v\u00edko se speci\u00e1ln\u00edm profilem \u00fa\u010dinn\u011b odv\u00e1d\u00ed de\u0161\u0165ovou vodu a sn\u00edh, \u010d\u00edm\u017e zabra\u0148uje jejich usazov\u00e1n\u00ed na krytu a korozi citliv\u00fdch bod\u016f. T\u011bsn\u00e1 stavba chr\u00e1n\u00ed obsah \u2013 a\u0165 u\u017e jde o odpad, nebo cenn\u00e9 suroviny \u2013 p\u0159ed vlhkost\u00ed. <\/p>\n<p data-path-to-node=\"10\">Pokud hled\u00e1te nekompromisn\u00ed zabezpe\u010den\u00ed, zvolte kontejner PZZ.<\/p>\n","protected":false},"excerpt":{"rendered":"<p data-path-to-node=\"13\">Zes\u00edlen\u00fd zabezpe\u010den\u00fd kontejner PZZ na odpad nebo n\u00e1\u0159ad\u00ed. Vyroben z plechu 2-2,5 mm, vyztu\u017een r\u00e1mem. M\u00e1 z\u00e1mek na speci\u00e1ln\u00ed kl\u00ed\u010d (zadn\u00ed st\u011bna) a \u0161ikm\u00e9 v\u00edko. \u00da\u010dinn\u011b chr\u00e1n\u00ed p\u0159ed kr\u00e1de\u017e\u00ed a divokou zv\u011b\u0159\u00ed.   <\/p>\n<p data-path-to-node=\"14\"><b data-path-to-node=\"14\" data-index-in-node=\"0\">Nejd\u016fle\u017eit\u011bj\u0161\u00ed vlastnosti:<\/b><\/p>\n<ul data-path-to-node=\"15\">\n<li>\n<p data-path-to-node=\"15,0,0\">Materi\u00e1l: Plech 2 \u2013 2,5 mm + vnit\u0159n\u00ed r\u00e1m<\/p>\n<\/li>\n<li>\n<p data-path-to-node=\"15,1,0\">Zabezpe\u010den\u00ed: Z\u00e1mek na kl\u00ed\u010d (zadn\u00ed st\u011bna), kryt\u00e1 z\u00e1vora<\/p>\n<\/li>\n<li>\n<p data-path-to-node=\"15,2,0\">Konstrukce: \u0160ikm\u00e9 v\u00edko (odtok vody)<\/p>\n<\/li>\n<li>\n<p data-path-to-node=\"15,3,0\">Funkce: Anti-bear (proti zv\u011b\u0159i) \/ Antivandal (proti vloup\u00e1n\u00ed)<\/p>\n<\/li>\n<li>\n<p data-path-to-node=\"15,4,0\">Pou\u017eit\u00ed: Lesy, parky, staveni\u0161t\u011b<\/p>\n<\/li>\n<\/ul>\n","protected":false},"featured_media":3823,"comment_status":"open","ping_status":"closed","template":"","meta":[],"product_brand":[],"product_cat":[366,542],"product_tag":[],"class_list":{"0":"post-3822","1":"product","2":"type-product","3":"status-publish","4":"has-post-thumbnail","6":"product_cat-kontejner-se-zamky-pzz","7":"product_cat-trideni-odpadu","8":"product_shipping_class-kurier-390","10":"first","11":"instock","12":"taxable","13":"shipping-taxable","14":"purchasable","15":"product-type-simple"},"_links":{"self":[{"href":"https:\/\/shop.steel-containers.com\/cs\/wp-json\/wp\/v2\/product\/3822","targetHints":{"allow":["GET"]}}],"collection":[{"href":"https:\/\/shop.steel-containers.com\/cs\/wp-json\/wp\/v2\/product"}],"about":[{"href":"https:\/\/shop.steel-containers.com\/cs\/wp-json\/wp\/v2\/types\/product"}],"replies":[{"embeddable":true,"href":"https:\/\/shop.steel-containers.com\/cs\/wp-json\/wp\/v2\/comments?post=3822"}],"wp:featuredmedia":[{"embeddable":true,"href":"https:\/\/shop.steel-containers.com\/cs\/wp-json\/wp\/v2\/media\/3823"}],"wp:attachment":[{"href":"https:\/\/shop.steel-containers.com\/cs\/wp-json\/wp\/v2\/media?parent=3822"}],"wp:term":[{"taxonomy":"product_brand","embeddable":true,"href":"https:\/\/shop.steel-containers.com\/cs\/wp-json\/wp\/v2\/product_brand?post=3822"},{"taxonomy":"product_cat","embeddable":true,"href":"https:\/\/shop.steel-containers.com\/cs\/wp-json\/wp\/v2\/product_cat?post=3822"},{"taxonomy":"product_tag","embeddable":true,"href":"https:\/\/shop.steel-containers.com\/cs\/wp-json\/wp\/v2\/product_tag?post=3822"}],"curies":[{"name":"wp","href":"https:\/\/api.w.org\/{rel}","templated":true}]}}