{"id":3909,"date":"2026-02-20T14:30:18","date_gmt":"2026-02-20T13:30:18","guid":{"rendered":"https:\/\/shop.steel-containers.com\/produkt\/kryt-na-komunalni-kontejner-1100-l\/"},"modified":"2026-02-20T14:30:18","modified_gmt":"2026-02-20T13:30:18","slug":"kryt-na-komunalni-kontejner-1100-l","status":"publish","type":"product","link":"https:\/\/shop.steel-containers.com\/cs\/produkt\/kryt-na-komunalni-kontejner-1100-l\/","title":{"rendered":"Kryt na komun\u00e1ln\u00ed kontejner 1100 l"},"content":{"rendered":"<h3 data-start=\"457\" data-end=\"534\">Kryt na komun\u00e1ln\u00ed kontejner 1100 l \u2013 estetick\u00e9 \u0159e\u0161en\u00ed pro z\u00f3nu odpadu<\/h3>\n<p data-start=\"536\" data-end=\"872\">Kryt na komun\u00e1ln\u00ed kontejner 1100 l je pevn\u00e1 a funk\u010dn\u00ed konstrukce ur\u010den\u00e1 pro ulo\u017een\u00ed odpadov\u00fdch n\u00e1dob s maxim\u00e1ln\u00edm objemem 1100 litr\u016f. \u0158e\u0161en\u00ed pom\u00e1h\u00e1 uspo\u0159\u00e1dat prostor kolem obytn\u00fdch budov, ve\u0159ejn\u00fdch i pr\u016fmyslov\u00fdch objekt\u016f a zaji\u0161\u0165uje estetick\u00fd vzhled i pohodln\u00fd p\u0159\u00edstup ke kontejneru. <\/p>\n<p data-start=\"874\" data-end=\"1029\">Modul\u00e1rn\u00ed konstrukce umo\u017e\u0148uje spojov\u00e1n\u00ed jednotliv\u00fdch segment\u016f boky, zadn\u00edmi st\u011bnami nebo do tvaru \u201eL\u201c, co\u017e umo\u017e\u0148uje vytvo\u0159it p\u0159ehledn\u00e9 a organizovan\u00e9 stanovi\u0161t\u011b odpadov\u00e9ho hospod\u00e1\u0159stv\u00ed.<\/p>\n<h3 data-start=\"1031\" data-end=\"1082\">ODOLN\u00c1 KONSTRUKCE A ODOLNOST P\u0158I POU\u017d\u00cdV\u00c1N\u00cd<\/h3>\n<p data-start=\"1083\" data-end=\"1246\">Kryt je vyroben z plechu na ocelov\u00e9 konstrukci, co\u017e zaji\u0161\u0165uje vysokou pevnost, stabilitu a odolnost v\u016f\u010di vn\u011bj\u0161\u00edm vliv\u016fm a mechanick\u00e9mu po\u0161kozen\u00ed.<\/p>\n<ul data-start=\"1248\" data-end=\"1437\">\n<li data-start=\"1248\" data-end=\"1295\">\n<p data-start=\"1250\" data-end=\"1295\">boky, zadn\u00ed st\u011bny a dve\u0159e: plech o tlou\u0161\u0165ce 1 mm<\/p>\n<\/li>\n<li data-start=\"1296\" data-end=\"1366\">\n<p data-start=\"1298\" data-end=\"1366\">r\u00e1my a konstruk\u010dn\u00ed li\u0161ty: ocelov\u00e1 konstrukce o tlou\u0161\u0165ce 1,5 mm<\/p>\n<\/li>\n<li data-start=\"1367\" data-end=\"1437\">\n<p data-start=\"1369\" data-end=\"1437\">povrchov\u00e1 \u00faprava: pr\u00e1\u0161kov\u00e9 lakov\u00e1n\u00ed v barv\u011b antracit nebo \u010dern\u00e1<\/p>\n<\/li>\n<\/ul>\n<p data-start=\"1439\" data-end=\"1556\">Sklon st\u0159echy \u00fa\u010dinn\u011b odv\u00e1d\u00ed de\u0161\u0165ovou vodu a prostor pod konstrukc\u00ed podporuje p\u0159irozenou cirkulaci vzduchu.<\/p>\n<h3 data-start=\"1558\" data-end=\"1596\">POHODLN\u00c9 OVL\u00c1D\u00c1N\u00cd A BEZPE\u010cNOST<\/h3>\n<p data-start=\"1597\" data-end=\"1704\">Konstrukce je navr\u017eena s d\u016frazem na komfort pou\u017e\u00edv\u00e1n\u00ed a bezpe\u010dn\u00e9 ulo\u017een\u00ed odpadu.<\/p>\n<ul data-start=\"1706\" data-end=\"2031\">\n<li data-start=\"1706\" data-end=\"1764\">\n<p data-start=\"1708\" data-end=\"1764\">dvouk\u0159\u00eddl\u00e9 p\u0159edn\u00ed dve\u0159e uzamykateln\u00e9 z\u00e1mkem s klikou na kl\u00ed\u010d<\/p>\n<\/li>\n<li data-start=\"1765\" data-end=\"1812\">\n<p data-start=\"1767\" data-end=\"1812\">horn\u00ed posuvn\u00e9 v\u00edko na kole\u010dk\u00e1ch s madlem<\/p>\n<\/li>\n<li data-start=\"1813\" data-end=\"1884\">\n<p data-start=\"1815\" data-end=\"1884\">omezen\u00ed rizika samovoln\u00e9ho otev\u0159en\u00ed vlivem v\u011btru nebo zv\u00ed\u0159at<\/p>\n<\/li>\n<li data-start=\"1885\" data-end=\"1934\">\n<p data-start=\"1887\" data-end=\"1934\">nastaviteln\u00e9 no\u017eky pro vyrovn\u00e1n\u00ed konstrukce<\/p>\n<\/li>\n<li data-start=\"1935\" data-end=\"1983\">\n<p data-start=\"1937\" data-end=\"1983\">n\u00e1jezdov\u00e1 li\u0161ta usnad\u0148uj\u00edc\u00ed manipulaci s kontejnerem<\/p>\n<\/li>\n<li data-start=\"1984\" data-end=\"2031\">\n<p data-start=\"1986\" data-end=\"2031\">ke ka\u017ed\u00e9mu z\u00e1mku dod\u00e1v\u00e1ny 2 patentn\u00ed kl\u00ed\u010de<\/p>\n<\/li>\n<\/ul>\n<h3 data-start=\"2033\" data-end=\"2074\">ESTETIKA A MO\u017dNOST PERSONALIZACE<\/h3>\n<p data-start=\"2075\" data-end=\"2335\">Kryt je dostupn\u00fd ve dvou standardn\u00edch barv\u00e1ch: \u010dern\u00e9 a antracitov\u00e9. Na zak\u00e1zku je mo\u017en\u00e9 proveden\u00ed v libovoln\u00e9 barv\u011b ze vzorn\u00edku RAL a dopln\u011bn\u00ed o dal\u0161\u00ed prvky, nap\u0159\u00edklad laserem vy\u0159ez\u00e1van\u00e9 vzory nebo ozna\u010den\u00ed t\u0159\u00edd\u011bn\u00ed odpadu. <\/p>\n<p data-start=\"2337\" data-end=\"2417\">Konstrukce je dostupn\u00e1 tak\u00e9 ve v\u00edcesegmentov\u00fdch variant\u00e1ch \u2013 2, 3, 4 nebo 5 segment\u016f.<\/p>\n<h3 data-start=\"2419\" data-end=\"2445\">HLAVN\u00cd V\u00ddHODY<br \/><\/h3>\n<ul data-start=\"2446\" data-end=\"2736\">\n<li data-start=\"2446\" data-end=\"2487\">\n<p data-start=\"2448\" data-end=\"2487\">modul\u00e1rn\u00ed konstrukce a mo\u017enost roz\u0161\u00ed\u0159en\u00ed<\/p>\n<\/li>\n<li data-start=\"2488\" data-end=\"2526\">\n<p data-start=\"2490\" data-end=\"2526\">modern\u00ed minimalistick\u00fd design<\/p>\n<\/li>\n<li data-start=\"2527\" data-end=\"2567\">\n<p data-start=\"2529\" data-end=\"2567\">pohodln\u00fd p\u0159\u00edstup d\u00edky posuvn\u00e9mu v\u00edku<\/p>\n<\/li>\n<li data-start=\"2568\" data-end=\"2600\">\n<p data-start=\"2570\" data-end=\"2600\">\u00fa\u010dinn\u00fd odvod vody<\/p>\n<\/li>\n<li data-start=\"2601\" data-end=\"2633\">\n<p data-start=\"2603\" data-end=\"2633\">stabiln\u00ed ocelov\u00e1 konstrukce<\/p>\n<\/li>\n<li data-start=\"2634\" data-end=\"2683\">\n<p data-start=\"2636\" data-end=\"2683\">mo\u017enost volby barvy a dopl\u0148kov\u00e9ho vybaven\u00ed<\/p>\n<\/li>\n<li data-start=\"2684\" data-end=\"2736\">\n<p data-start=\"2686\" data-end=\"2736\">kompatibilita s dvoukolov\u00fdmi i \u010dty\u0159kolov\u00fdmi kontejnery<\/p>\n<\/li>\n<\/ul>\n<h3 data-start=\"2738\" data-end=\"2767\">TECHNICK\u00c1 SPECIFIKACE<br \/><\/h3>\n<ul data-start=\"2768\" data-end=\"3079\">\n<li data-start=\"2768\" data-end=\"2810\">\n<p data-start=\"2770\" data-end=\"2810\">maxim\u00e1ln\u00ed objem kontejneru: 1100 l<\/p>\n<\/li>\n<li data-start=\"2811\" data-end=\"2863\">\n<p data-start=\"2813\" data-end=\"2863\">vnit\u0159n\u00ed rozm\u011bry sekce: 1460 \u00d7 1350 \u00d7 1280 mm<\/p>\n<\/li>\n<li data-start=\"2864\" data-end=\"2916\">\n<p data-start=\"2866\" data-end=\"2916\">vn\u011bj\u0161\u00ed rozm\u011bry sekce: 1550 \u00d7 1540 \u00d7 1350 mm<\/p>\n<\/li>\n<li data-start=\"2917\" data-end=\"2951\">\n<p data-start=\"2919\" data-end=\"2951\">hmotnost jedn\u00e9 sekce: cca 120 kg <\/p>\n<\/li>\n<li data-start=\"2952\" data-end=\"2996\">\n<p data-start=\"2954\" data-end=\"2996\">materi\u00e1l: plech na ocelov\u00e9 konstrukci<\/p>\n<\/li>\n<li data-start=\"2997\" data-end=\"3033\">\n<p data-start=\"2999\" data-end=\"3033\">povrchov\u00e1 \u00faprava: pr\u00e1\u0161kov\u00fd lak polomat<\/p>\n<\/li>\n<li data-start=\"3034\" data-end=\"3079\">\n<p data-start=\"3036\" data-end=\"3079\">dostupn\u00e9 varianty: 1, 2, 3, 4 nebo 5 segment\u016f<\/p>\n<\/li>\n<\/ul>\n","protected":false},"excerpt":{"rendered":"<p data-start=\"119\" data-end=\"416\">Kryt na komun\u00e1ln\u00ed kontejner 1100 l je odoln\u00fd a estetick\u00fd p\u0159\u00edst\u0159e\u0161ek na odpad vyroben\u00fd z plechu na ocelov\u00e9 konstrukci. Zaji\u0161\u0165uje pohodln\u00fd p\u0159\u00edstup ke kontejneru d\u00edky posuvn\u00e9mu v\u00edku, \u00fa\u010dinn\u00fd odvod vody a mo\u017enost roz\u0161\u00ed\u0159en\u00ed o dal\u0161\u00ed segmenty. <\/p>\n","protected":false},"featured_media":3906,"comment_status":"open","ping_status":"closed","template":"","meta":[],"product_brand":[],"product_cat":[539],"product_tag":[],"class_list":{"0":"post-3909","1":"product","2":"type-product","3":"status-publish","4":"has-post-thumbnail","6":"product_cat-mestsky-mobiliar","7":"product_shipping_class-kurier-450","9":"first","10":"instock","11":"taxable","12":"shipping-taxable","13":"purchasable","14":"product-type-simple"},"_links":{"self":[{"href":"https:\/\/shop.steel-containers.com\/cs\/wp-json\/wp\/v2\/product\/3909","targetHints":{"allow":["GET"]}}],"collection":[{"href":"https:\/\/shop.steel-containers.com\/cs\/wp-json\/wp\/v2\/product"}],"about":[{"href":"https:\/\/shop.steel-containers.com\/cs\/wp-json\/wp\/v2\/types\/product"}],"replies":[{"embeddable":true,"href":"https:\/\/shop.steel-containers.com\/cs\/wp-json\/wp\/v2\/comments?post=3909"}],"wp:featuredmedia":[{"embeddable":true,"href":"https:\/\/shop.steel-containers.com\/cs\/wp-json\/wp\/v2\/media\/3906"}],"wp:attachment":[{"href":"https:\/\/shop.steel-containers.com\/cs\/wp-json\/wp\/v2\/media?parent=3909"}],"wp:term":[{"taxonomy":"product_brand","embeddable":true,"href":"https:\/\/shop.steel-containers.com\/cs\/wp-json\/wp\/v2\/product_brand?post=3909"},{"taxonomy":"product_cat","embeddable":true,"href":"https:\/\/shop.steel-containers.com\/cs\/wp-json\/wp\/v2\/product_cat?post=3909"},{"taxonomy":"product_tag","embeddable":true,"href":"https:\/\/shop.steel-containers.com\/cs\/wp-json\/wp\/v2\/product_tag?post=3909"}],"curies":[{"name":"wp","href":"https:\/\/api.w.org\/{rel}","templated":true}]}}