{"id":3951,"date":"2026-01-22T09:33:47","date_gmt":"2026-01-22T08:33:47","guid":{"rendered":"https:\/\/shop.steel-containers.com\/produkt\/paletova-nadstavba-model-mp-1800\/"},"modified":"2026-02-23T11:28:49","modified_gmt":"2026-02-23T10:28:49","slug":"paletova-nadstavba-model-mp-1800","status":"publish","type":"product","link":"https:\/\/shop.steel-containers.com\/cs\/produkt\/paletova-nadstavba-model-mp-1800\/","title":{"rendered":"Paletov\u00e1 nadstavba model MP 1800"},"content":{"rendered":"<p data-path-to-node=\"12\">Paletov\u00e1 nadstavba model MP 1800 je velkoobjemov\u00fd s\u00ed\u0165ov\u00fd ko\u0161 navr\u017een\u00fd pro p\u0159epravu a skladov\u00e1n\u00ed zbo\u017e\u00ed o velk\u00e9m objemu. D\u00edky sv\u00e9 p\u016fsobiv\u00e9 v\u00fd\u0161ce tato konstrukce umo\u017e\u0148uje maxim\u00e1ln\u00ed vyu\u017eit\u00ed lo\u017en\u00e9ho prostoru jedn\u00e9 palety 1200\u00d7800 mm a vytv\u00e1\u0159\u00ed z n\u00ed prostorn\u00fd a bezpe\u010dn\u00fd kontejner. Je to nenahraditeln\u00e9 \u0159e\u0161en\u00ed v logistice lehk\u00e9ho, ale objemn\u00e9ho zbo\u017e\u00ed, kde je kl\u00ed\u010dov\u00e1 stabilizace n\u00e1kladu. Kovov\u00e9 pletivo je mnohem odoln\u011bj\u0161\u00ed ne\u017e d\u0159evo, co\u017e eliminuje probl\u00e9m \u010dast\u00fdch oprav a v\u00fdm\u011bn po\u0161kozen\u00fdch obal\u016f a zaji\u0161\u0165uje dlouhodob\u00fd a bezporuchov\u00fd provoz.   <\/p>\n<h2 data-path-to-node=\"13\">Odoln\u00e1 konstrukce a mont\u00e1\u017e bez n\u00e1\u0159ad\u00ed<\/h2>\n<p data-path-to-node=\"14\">Nab\u00edzen\u00e1 paletov\u00e1 nadstavba je zalo\u017eena na pevn\u00e9m skeletu z ocelov\u00fdch trubek, vypln\u011bn\u00e9m sva\u0159ovanou s\u00edt\u00ed. Dr\u00e1t o tlou\u0161\u0165ce 3,8 mm, tvo\u0159\u00edc\u00ed oka o rozm\u011bru 100&#215;50 mm, zaru\u010duje odpov\u00eddaj\u00edc\u00ed tuhost bo\u010dn\u00edch st\u011bn a zaji\u0161\u0165uje zbo\u017e\u00ed proti vypadnut\u00ed. I p\u0159es velk\u00e9 rozm\u011bry je mont\u00e1\u017e ko\u0161e na paletu extr\u00e9mn\u011b jednoduch\u00e1 a prob\u00edh\u00e1 bez pou\u017eit\u00ed jak\u00e9hokoliv n\u00e1\u0159ad\u00ed. Tento syst\u00e9m umo\u017e\u0148uje rychlou p\u0159\u00edpravu nosi\u010de k nakl\u00e1dce a jeho demont\u00e1\u017e po ukon\u010den\u00ed p\u0159epravn\u00edho cyklu.   <\/p>\n<h2 data-path-to-node=\"15\">Ergonomie pr\u00e1ce a \u00faspora m\u00edsta<\/h2>\n<p data-path-to-node=\"16\">Model MP 1800 byl vybaven funk\u010dn\u00edmi \u0159e\u0161en\u00edmi usnad\u0148uj\u00edc\u00edmi ka\u017edodenn\u00ed skladovou pr\u00e1ci. P\u0159edn\u00ed st\u011bna m\u00e1 v\u00fdklopn\u00e9 okno (klapku), kter\u00e9 umo\u017e\u0148uje pohodln\u00fd p\u0159\u00edstup ke zbo\u017e\u00ed nach\u00e1zej\u00edc\u00edmu se na dn\u011b ko\u0161e, ani\u017e by bylo nutn\u00e9 jej sund\u00e1vat. Konstrukce je uzp\u016fsobena pro bezpe\u010dn\u00e9 stohov\u00e1n\u00ed v syst\u00e9mu 1+3, co\u017e umo\u017e\u0148uje pln\u011b vyu\u017e\u00edt v\u00fd\u0161ku skladov\u00e9 haly. Nepou\u017e\u00edvanou paletovou nadstavbu lze slo\u017eit naplocho, co\u017e \u0161et\u0159\u00ed cenn\u00fd prostor p\u0159i skladov\u00e1n\u00ed pr\u00e1zdn\u00fdch obal\u016f a sni\u017euje n\u00e1klady na zp\u011btnou p\u0159epravu.   <\/p>\n","protected":false},"excerpt":{"rendered":"<p>Velmi vysok\u00e1 paletov\u00e1 nadstavba MP 1800 kompatibiln\u00ed s paletami o rozm\u011brech 1200\u00d7800 mm. Vyrobena z dr\u00e1tu 3,8 mm a ocelov\u00fdch trubek. M\u00e1 v\u00fdklopnou p\u0159edn\u00ed st\u011bnu, funkci slo\u017een\u00ed naplocho a mo\u017enost bezpe\u010dn\u00e9ho stohov\u00e1n\u00ed v syst\u00e9mu 1+3.  <\/p>\n","protected":false},"featured_media":521,"comment_status":"open","ping_status":"closed","template":"","meta":[],"product_brand":[],"product_cat":[545],"product_tag":[],"class_list":{"0":"post-3951","1":"product","2":"type-product","3":"status-publish","4":"has-post-thumbnail","6":"product_cat-proszkowe","7":"product_shipping_class-kurier-450","9":"first","10":"instock","11":"taxable","12":"shipping-taxable","13":"purchasable","14":"product-type-simple"},"_links":{"self":[{"href":"https:\/\/shop.steel-containers.com\/cs\/wp-json\/wp\/v2\/product\/3951","targetHints":{"allow":["GET"]}}],"collection":[{"href":"https:\/\/shop.steel-containers.com\/cs\/wp-json\/wp\/v2\/product"}],"about":[{"href":"https:\/\/shop.steel-containers.com\/cs\/wp-json\/wp\/v2\/types\/product"}],"replies":[{"embeddable":true,"href":"https:\/\/shop.steel-containers.com\/cs\/wp-json\/wp\/v2\/comments?post=3951"}],"wp:featuredmedia":[{"embeddable":true,"href":"https:\/\/shop.steel-containers.com\/cs\/wp-json\/wp\/v2\/media\/521"}],"wp:attachment":[{"href":"https:\/\/shop.steel-containers.com\/cs\/wp-json\/wp\/v2\/media?parent=3951"}],"wp:term":[{"taxonomy":"product_brand","embeddable":true,"href":"https:\/\/shop.steel-containers.com\/cs\/wp-json\/wp\/v2\/product_brand?post=3951"},{"taxonomy":"product_cat","embeddable":true,"href":"https:\/\/shop.steel-containers.com\/cs\/wp-json\/wp\/v2\/product_cat?post=3951"},{"taxonomy":"product_tag","embeddable":true,"href":"https:\/\/shop.steel-containers.com\/cs\/wp-json\/wp\/v2\/product_tag?post=3951"}],"curies":[{"name":"wp","href":"https:\/\/api.w.org\/{rel}","templated":true}]}}