{"id":3983,"date":"2026-01-22T09:33:35","date_gmt":"2026-01-22T08:33:35","guid":{"rendered":"https:\/\/shop.steel-containers.com\/produkt\/paletova-nadstavba-model-mz-600\/"},"modified":"2026-01-22T09:33:35","modified_gmt":"2026-01-22T08:33:35","slug":"paletova-nadstavba-model-mz-600","status":"publish","type":"product","link":"https:\/\/shop.steel-containers.com\/cs\/produkt\/paletova-nadstavba-model-mz-600\/","title":{"rendered":"Paletov\u00e1 nadstavba model MZ 600"},"content":{"rendered":"<p>Paletov\u00e1 nadstavba je s\u00ed\u0165ov\u00fd ko\u0161 uzp\u016fsoben\u00fd pro pou\u017eit\u00ed s d\u0159ev\u011bn\u00fdmi i kovov\u00fdmi paletami o rozm\u011brech 1200\u00d7800 mm. Je vyrobena z dr\u00e1tu o tlou\u0161\u0165ce 3,8 mm sva\u0159en\u00e9ho do s\u00edt\u011b s oky 100&#215;50 mm a z ocelov\u00fdch trubek. \u00dakolem kontejneru je zabezpe\u010den\u00ed, skladov\u00e1n\u00ed a bezpe\u010dn\u00e1 p\u0159eprava zbo\u017e\u00ed. Tato dr\u00e1t\u011bn\u00e1 n\u00e1stavba je odoln\u011bj\u0161\u00ed ne\u017e jej\u00ed d\u0159ev\u011bn\u00fd prot\u011bj\u0161ek. Nadstavby jsou tak\u00e9 velmi praktick\u00e9<span style=\"font-family: 'din-next-w01-light', 'din-next-w02-light', 'din-next-w10-light', sans-serif; font-size: 16px;\"> <\/span><span style=\"font-family: 'din-next-w01-light', 'din-next-w02-light', 'din-next-w10-light', sans-serif; font-size: 16px;\">Jejich vysok\u00e1 nosnost a skl\u00e1dac\u00ed konstrukce zaru\u010duj\u00ed \u00fasporu m\u00edsta ve sklad\u011b, pohodl\u00ed a dlouhodob\u00e9 pou\u017e\u00edv\u00e1n\u00ed. Mont\u00e1\u017e a demont\u00e1\u017e ko\u0161e je rychl\u00e1 a nevy\u017eaduje pou\u017eit\u00ed \u017e\u00e1dn\u00e9ho n\u00e1\u0159ad\u00ed. P\u0159edn\u00ed st\u011bna je v polovin\u011b sklopn\u00e1, co\u017e zaji\u0161\u0165uje snadn\u011bj\u0161\u00ed p\u0159\u00edstup k ulo\u017een\u00fdm materi\u00e1l\u016fm. Konstrukci lze stohovat v syst\u00e9mu 1+3.   <\/span><\/p>\n","protected":false},"excerpt":{"rendered":"<p><strong>Skladov\u00fd a p\u0159epravn\u00ed ko\u0161<\/strong><\/p>\n","protected":false},"featured_media":3984,"comment_status":"open","ping_status":"closed","template":"","meta":[],"product_brand":[],"product_cat":[547],"product_tag":[],"class_list":{"0":"post-3983","1":"product","2":"type-product","3":"status-publish","4":"has-post-thumbnail","6":"product_cat-dipped","7":"product_shipping_class-kurier-390","9":"first","10":"instock","11":"taxable","12":"shipping-taxable","13":"purchasable","14":"product-type-simple"},"_links":{"self":[{"href":"https:\/\/shop.steel-containers.com\/cs\/wp-json\/wp\/v2\/product\/3983","targetHints":{"allow":["GET"]}}],"collection":[{"href":"https:\/\/shop.steel-containers.com\/cs\/wp-json\/wp\/v2\/product"}],"about":[{"href":"https:\/\/shop.steel-containers.com\/cs\/wp-json\/wp\/v2\/types\/product"}],"replies":[{"embeddable":true,"href":"https:\/\/shop.steel-containers.com\/cs\/wp-json\/wp\/v2\/comments?post=3983"}],"wp:featuredmedia":[{"embeddable":true,"href":"https:\/\/shop.steel-containers.com\/cs\/wp-json\/wp\/v2\/media\/3984"}],"wp:attachment":[{"href":"https:\/\/shop.steel-containers.com\/cs\/wp-json\/wp\/v2\/media?parent=3983"}],"wp:term":[{"taxonomy":"product_brand","embeddable":true,"href":"https:\/\/shop.steel-containers.com\/cs\/wp-json\/wp\/v2\/product_brand?post=3983"},{"taxonomy":"product_cat","embeddable":true,"href":"https:\/\/shop.steel-containers.com\/cs\/wp-json\/wp\/v2\/product_cat?post=3983"},{"taxonomy":"product_tag","embeddable":true,"href":"https:\/\/shop.steel-containers.com\/cs\/wp-json\/wp\/v2\/product_tag?post=3983"}],"curies":[{"name":"wp","href":"https:\/\/api.w.org\/{rel}","templated":true}]}}