{"id":4007,"date":"2026-01-22T09:33:35","date_gmt":"2026-01-22T08:33:35","guid":{"rendered":"https:\/\/shop.steel-containers.com\/produkt\/paletova-nadstavba-model-mz-890\/"},"modified":"2026-01-22T09:33:35","modified_gmt":"2026-01-22T08:33:35","slug":"paletova-nadstavba-model-mz-890","status":"publish","type":"product","link":"https:\/\/shop.steel-containers.com\/cs\/produkt\/paletova-nadstavba-model-mz-890\/","title":{"rendered":"Paletov\u00e1 nadstavba model MZ 890"},"content":{"rendered":"<p data-path-to-node=\"3\">Paletov\u00e1 nadstavba MZ 890 je prostorn\u00fd s\u00ed\u0165ov\u00fd ko\u0161 se zv\u00fd\u0161enou konstrukc\u00ed, ur\u010den\u00fd pro instalaci na d\u0159ev\u011bn\u00e9 a kovov\u00e9 palety standardn\u00edho rozm\u011bru 1200\u00d7800 mm (Euro). Tento model d\u00edky v\u011bt\u0161\u00ed v\u00fd\u0161ce st\u011bn umo\u017e\u0148uje efektivn\u00ed skladov\u00e1n\u00ed a p\u0159epravu zbo\u017e\u00ed o v\u011bt\u0161\u00edm objemu nebo rozm\u011brech a p\u0159edstavuje vynikaj\u00edc\u00ed alternativu k netrvanliv\u00fdm d\u0159ev\u011bn\u00fdm n\u00e1stavb\u00e1m nebo karton\u016fm. <\/p>\n<h3 data-path-to-node=\"4\">Odolnost a ochrana zbo\u017e\u00ed<\/h3>\n<p data-path-to-node=\"5\">Konstrukce ko\u0161e je zalo\u017eena na pevn\u00e9m r\u00e1mu z ocelov\u00fdch trubek a v\u00fdplni z dr\u00e1tu o tlou\u0161\u0165ce 3,8 mm, sva\u0159ovan\u00e9ho do s\u00edt\u011b s oky 100&#215;50 mm. Tato konstrukce zaji\u0161\u0165uje tuhost a stabilitu n\u00e1kladu a chr\u00e1n\u00ed jej p\u0159ed vypadnut\u00edm nebo po\u0161kozen\u00edm. A\u017eurov\u00e1 struktura s\u00edt\u011b zaru\u010duje plnou viditelnost obsahu, co\u017e usnad\u0148uje inventarizaci bez nutnosti p\u0159istupovat ke ka\u017ed\u00e9 palet\u011b zvl\u00e1\u0161\u0165.  <\/p>\n<h3 data-path-to-node=\"6\">Ergonomie p\u0159i v\u011bt\u0161\u00ed v\u00fd\u0161ce<\/h3>\n<p data-path-to-node=\"7\">U vy\u0161\u0161\u00edch nadstaveb je kl\u00ed\u010dov\u00fd p\u0159\u00edstup ke dnu kontejneru. Model MZ 890 je vybaven v\u00fdklopnou klapkou (p\u016floknem) na p\u0159edn\u00ed st\u011bn\u011b. D\u00edky tomu m\u00e1 oper\u00e1tor voln\u00fd p\u0159\u00edstup k n\u00edzko polo\u017een\u00e9mu zbo\u017e\u00ed, i kdy\u017e jsou nadstavby stohov\u00e1ny na sob\u011b. Tento syst\u00e9m umo\u017e\u0148uje bezpe\u010dn\u00e9 stohov\u00e1n\u00ed v syst\u00e9mu 1+3, co\u017e trojn\u00e1sob\u00ed skladovac\u00ed plochu na stejn\u00e9m p\u016fdorysu.   <\/p>\n<h3 data-path-to-node=\"8\">Mobilita a \u00faspora m\u00edsta<\/h3>\n<p data-path-to-node=\"9\">Nadstavba je vysoce flexibiln\u00ed \u0159e\u0161en\u00ed. Jej\u00ed skl\u00e1dac\u00ed konstrukce umo\u017e\u0148uje okam\u017eit\u00e9 slo\u017een\u00ed ko\u0161e naplocho, kdy\u017e se nepou\u017e\u00edv\u00e1, co\u017e generuje obrovsk\u00e9 \u00faspory m\u00edsta ve sklad\u011b i p\u0159i zp\u011btn\u00e9 p\u0159eprav\u011b. Mont\u00e1\u017e na paletu je jednoduch\u00e1, intuitivn\u00ed a nevy\u017eaduje pou\u017eit\u00ed \u017e\u00e1dn\u00e9ho n\u00e1\u0159ad\u00ed \u2013 nadstavba stabiln\u011b sed\u00ed na hran\u00e1ch palety.  <\/p>\n<p data-path-to-node=\"10\">Vyberte <b data-path-to-node=\"10\" data-index-in-node=\"8\">Paletov\u00fd n\u00e1stavec MZ 890<\/b>, pokud pot\u0159ebujete vysok\u00e9, prostorn\u00e9 a odoln\u00e9 \u0159e\u0161en\u00ed pro skladov\u00e1n\u00ed zbo\u017e\u00ed na Euro palet\u00e1ch.<\/p>\n","protected":false},"excerpt":{"rendered":"<p data-path-to-node=\"13\">Vysok\u00e1 paletov\u00e1 nadstavba MZ 890 pro palety 1200&#215;800 mm. Robustn\u00ed s\u00ed\u0165 (dr\u00e1t 3,8 mm) a zes\u00edlen\u00e1 konstrukce. Vybavena v\u00fdklopn\u00fdm oknem pro snadn\u00fd p\u0159\u00edstup. Skl\u00e1dac\u00ed naplocho, mo\u017enost stohov\u00e1n\u00ed 1+3.   <\/p>\n<p data-path-to-node=\"14\"><b data-path-to-node=\"14\" data-index-in-node=\"0\">Nejd\u016fle\u017eit\u011bj\u0161\u00ed vlastnosti:<\/b><\/p>\n<ul data-path-to-node=\"15\">\n<li>\n<p data-path-to-node=\"15,0,0\">Kompatibilita: Euro paleta 1200&#215;800 mm<\/p>\n<\/li>\n<li>\n<p data-path-to-node=\"15,1,0\">Model: MZ 890 (Zv\u00fd\u0161en\u00fd)<\/p>\n<\/li>\n<li>\n<p data-path-to-node=\"15,2,0\">Konstrukce: Dr\u00e1t 3,8 mm, s\u00ed\u0165 100&#215;50 mm<\/p>\n<\/li>\n<li>\n<p data-path-to-node=\"15,3,0\">Funkcionalita: Skl\u00e1dac\u00ed, v\u00fdklopn\u00e1 p\u0159edn\u00ed klapka<\/p>\n<\/li>\n<li>\n<p data-path-to-node=\"15,4,0\">Skladov\u00e1n\u00ed: Stohov\u00e1n\u00ed 1+3<\/p>\n<\/li>\n<\/ul>\n","protected":false},"featured_media":4036,"comment_status":"open","ping_status":"closed","template":"","meta":[],"product_brand":[],"product_cat":[547],"product_tag":[],"class_list":{"0":"post-4007","1":"product","2":"type-product","3":"status-publish","4":"has-post-thumbnail","6":"product_cat-dipped","7":"product_shipping_class-kurier-390","9":"first","10":"instock","11":"taxable","12":"shipping-taxable","13":"purchasable","14":"product-type-simple"},"_links":{"self":[{"href":"https:\/\/shop.steel-containers.com\/cs\/wp-json\/wp\/v2\/product\/4007","targetHints":{"allow":["GET"]}}],"collection":[{"href":"https:\/\/shop.steel-containers.com\/cs\/wp-json\/wp\/v2\/product"}],"about":[{"href":"https:\/\/shop.steel-containers.com\/cs\/wp-json\/wp\/v2\/types\/product"}],"replies":[{"embeddable":true,"href":"https:\/\/shop.steel-containers.com\/cs\/wp-json\/wp\/v2\/comments?post=4007"}],"wp:featuredmedia":[{"embeddable":true,"href":"https:\/\/shop.steel-containers.com\/cs\/wp-json\/wp\/v2\/media\/4036"}],"wp:attachment":[{"href":"https:\/\/shop.steel-containers.com\/cs\/wp-json\/wp\/v2\/media?parent=4007"}],"wp:term":[{"taxonomy":"product_brand","embeddable":true,"href":"https:\/\/shop.steel-containers.com\/cs\/wp-json\/wp\/v2\/product_brand?post=4007"},{"taxonomy":"product_cat","embeddable":true,"href":"https:\/\/shop.steel-containers.com\/cs\/wp-json\/wp\/v2\/product_cat?post=4007"},{"taxonomy":"product_tag","embeddable":true,"href":"https:\/\/shop.steel-containers.com\/cs\/wp-json\/wp\/v2\/product_tag?post=4007"}],"curies":[{"name":"wp","href":"https:\/\/api.w.org\/{rel}","templated":true}]}}