{"id":4011,"date":"2026-01-22T09:33:35","date_gmt":"2026-01-22T08:33:35","guid":{"rendered":"https:\/\/shop.steel-containers.com\/produkt\/paletova-nadstavba-model-mz-1000\/"},"modified":"2026-01-22T09:33:35","modified_gmt":"2026-01-22T08:33:35","slug":"paletova-nadstavba-model-mz-1000","status":"publish","type":"product","link":"https:\/\/shop.steel-containers.com\/cs\/produkt\/paletova-nadstavba-model-mz-1000\/","title":{"rendered":"Paletov\u00e1 nadstavba model MZ 1000"},"content":{"rendered":"<p data-path-to-node=\"3\">Paletov\u00e1 nadstavba MZ 1000 je nejv\u011bt\u0161\u00ed varianta s\u00ed\u0165ov\u00e9ho ko\u0161e, ur\u010den\u00e1 pro spolupr\u00e1ci se standardn\u00edmi paletami (d\u0159ev\u011bn\u00fdmi i kovov\u00fdmi) o rozm\u011bru 1200\u00d7800 mm. D\u00edky maxim\u00e1ln\u00ed v\u00fd\u0161ce st\u011bn nab\u00edz\u00ed tento model nejv\u011bt\u0161\u00ed lo\u017en\u00fd prostor, co\u017e umo\u017e\u0148uje bezpe\u010dn\u00e9 skladov\u00e1n\u00ed zbo\u017e\u00ed velk\u00fdch rozm\u011br\u016f nebo zna\u010dn\u00e9ho objemu, kter\u00e9 by se do ni\u017e\u0161\u00edch n\u00e1dob neve\u0161lo. <\/p>\n<h3 data-path-to-node=\"4\">Prostor a bezpe\u010dnost zbo\u017e\u00ed<\/h3>\n<p data-path-to-node=\"5\">Konstrukce nadstavby byla navr\u017eena tak, aby odolala n\u00e1poru velk\u00e9ho mno\u017estv\u00ed zbo\u017e\u00ed. Skelet vyztu\u017een\u00fd ocelov\u00fdmi trubkami a v\u00fdpl\u0148 z dr\u00e1tu o tlou\u0161\u0165ce 3,8 mm (s\u00ed\u0165 100&#215;50 mm) zaru\u010duj\u00ed stabilitu n\u00e1kladu b\u011bhem p\u0159epravy a skladov\u00e1n\u00ed. Jedn\u00e1 se o \u0159e\u0161en\u00ed mnohem odoln\u011bj\u0161\u00ed a hygieni\u010dt\u011bj\u0161\u00ed ne\u017e d\u0159ev\u011bn\u00e9 nadstavby, kter\u00e9 nav\u00edc zaji\u0161\u0165uje pln\u00e9 v\u011btr\u00e1n\u00ed a viditelnost obsahu.  <\/p>\n<h3 data-path-to-node=\"6\">Funk\u010dnost p\u0159i velk\u00e9 v\u00fd\u0161ce<\/h3>\n<p data-path-to-node=\"7\">U vysok\u00fdch ko\u0161\u016f je kl\u00ed\u010dov\u00fd snadn\u00fd p\u0159\u00edstup do interi\u00e9ru. MZ 1000 m\u00e1 v\u00fdklopnou klapku (p\u016flokno) na p\u0159edn\u00ed st\u011bn\u011b, co\u017e umo\u017e\u0148uje pohodlnou nakl\u00e1dku a vykl\u00e1dku zbo\u017e\u00ed i ze dna kontejneru, bez nutnosti demont\u00e1\u017ee konstrukce. Navzdory sv\u00fdm rozm\u011br\u016fm lze tyto nadstavby bezpe\u010dn\u011b stohovat v syst\u00e9mu 1+3, \u010d\u00edm\u017e vznikaj\u00ed stabiln\u00ed vertik\u00e1ln\u00ed reg\u00e1ly, kter\u00e9 \u0161et\u0159\u00ed drahocenn\u00e9 m\u00edsto na podlaze.  <\/p>\n<h3 data-path-to-node=\"8\">Rychl\u00e1 mont\u00e1\u017e a skl\u00e1d\u00e1n\u00ed<\/h3>\n<p data-path-to-node=\"9\">Nadstavba MZ 1000 je pln\u011b mobiln\u00ed \u0159e\u0161en\u00ed. Jej\u00ed skl\u00e1dac\u00ed konstrukce umo\u017e\u0148uje nepou\u017e\u00edvan\u00fd ko\u0161 slo\u017eit naplocho, \u010d\u00edm\u017e se minimalizuje prostor, kter\u00fd zab\u00edr\u00e1 \u2013 co\u017e je kl\u00ed\u010dov\u00e1 v\u00fdhoda v reverzn\u00ed logistice. Mont\u00e1\u017e na paletu je bleskov\u00e1 a nevy\u017eaduje n\u00e1\u0159ad\u00ed \u2013 sta\u010d\u00ed konstrukci nasadit na paletu a speci\u00e1ln\u00ed \u00fachyty zajist\u00ed jej\u00ed stabilitu.  <\/p>\n<p data-path-to-node=\"10\">Zvolte <b data-path-to-node=\"10\" data-index-in-node=\"8\">Paletovou n\u00e1stavbu MZ 1000<\/b>, pokud je Va\u0161\u00ed prioritou maximalizace skladovac\u00ed kapacity na jedn\u00e9 Euro palet\u011b.<\/p>\n","protected":false},"excerpt":{"rendered":"<p data-path-to-node=\"13\">Nejobjemn\u011bj\u0161\u00ed paletov\u00e1 nadstavba MZ 1000 pro palety 1200&#215;800 mm. Vysok\u00e1 s\u00ed\u0165ov\u00e1 konstrukce z dr\u00e1tu 3,8 mm. M\u00e1 v\u00fdklopn\u00e9 okno pro snadn\u00fd p\u0159\u00edstup. Skl\u00e1dac\u00ed naplocho, mo\u017enost stohov\u00e1n\u00ed 1+3. Ide\u00e1ln\u00ed pro velk\u00e9 objemy.    <\/p>\n<p data-path-to-node=\"14\"><b data-path-to-node=\"14\" data-index-in-node=\"0\">Nejd\u016fle\u017eit\u011bj\u0161\u00ed vlastnosti:<\/b><\/p>\n<ul data-path-to-node=\"15\">\n<li>\n<p data-path-to-node=\"15,0,0\">Rozm\u011bry: Vhodn\u00e9 pro palety 1200&#215;800 mm<\/p>\n<\/li>\n<li>\n<p data-path-to-node=\"15,1,0\">Model: MZ 1000 (Nejvy\u0161\u0161\u00ed kapacita)<\/p>\n<\/li>\n<li>\n<p data-path-to-node=\"15,2,0\">Konstrukce: Dr\u00e1t 3,8 mm, s\u00ed\u0165 100&#215;50 mm<\/p>\n<\/li>\n<li>\n<p data-path-to-node=\"15,3,0\">Funkcionalita: Skl\u00e1dac\u00ed, v\u00fdklopn\u00e1 p\u0159edn\u00ed klapka<\/p>\n<\/li>\n<li>\n<p data-path-to-node=\"15,4,0\">Skladov\u00e1n\u00ed: Stohov\u00e1n\u00ed 1+3<\/p>\n<\/li>\n<\/ul>\n","protected":false},"featured_media":4036,"comment_status":"open","ping_status":"closed","template":"","meta":[],"product_brand":[],"product_cat":[547],"product_tag":[],"class_list":{"0":"post-4011","1":"product","2":"type-product","3":"status-publish","4":"has-post-thumbnail","6":"product_cat-dipped","7":"product_shipping_class-kurier-450","9":"first","10":"instock","11":"taxable","12":"shipping-taxable","13":"purchasable","14":"product-type-simple"},"_links":{"self":[{"href":"https:\/\/shop.steel-containers.com\/cs\/wp-json\/wp\/v2\/product\/4011","targetHints":{"allow":["GET"]}}],"collection":[{"href":"https:\/\/shop.steel-containers.com\/cs\/wp-json\/wp\/v2\/product"}],"about":[{"href":"https:\/\/shop.steel-containers.com\/cs\/wp-json\/wp\/v2\/types\/product"}],"replies":[{"embeddable":true,"href":"https:\/\/shop.steel-containers.com\/cs\/wp-json\/wp\/v2\/comments?post=4011"}],"wp:featuredmedia":[{"embeddable":true,"href":"https:\/\/shop.steel-containers.com\/cs\/wp-json\/wp\/v2\/media\/4036"}],"wp:attachment":[{"href":"https:\/\/shop.steel-containers.com\/cs\/wp-json\/wp\/v2\/media?parent=4011"}],"wp:term":[{"taxonomy":"product_brand","embeddable":true,"href":"https:\/\/shop.steel-containers.com\/cs\/wp-json\/wp\/v2\/product_brand?post=4011"},{"taxonomy":"product_cat","embeddable":true,"href":"https:\/\/shop.steel-containers.com\/cs\/wp-json\/wp\/v2\/product_cat?post=4011"},{"taxonomy":"product_tag","embeddable":true,"href":"https:\/\/shop.steel-containers.com\/cs\/wp-json\/wp\/v2\/product_tag?post=4011"}],"curies":[{"name":"wp","href":"https:\/\/api.w.org\/{rel}","templated":true}]}}