{"id":4103,"date":"2026-01-22T09:33:49","date_gmt":"2026-01-22T08:33:49","guid":{"rendered":"https:\/\/shop.steel-containers.com\/produkt\/pevny-gitterbox-nizka-verze\/"},"modified":"2026-02-23T14:37:49","modified_gmt":"2026-02-23T13:37:49","slug":"pevny-gitterbox-nizka-verze","status":"publish","type":"product","link":"https:\/\/shop.steel-containers.com\/cs\/produkt\/pevny-gitterbox-nizka-verze\/","title":{"rendered":"Pevn\u00fd Gitterbox \u2013 n\u00edzk\u00e1 verze"},"content":{"rendered":"<p>Gitterbox je p\u0159epravn\u00ed a skladovac\u00ed s\u00ed\u0165ov\u00fd kontejner s kovovo-d\u0159ev\u011bnou z\u00e1kladnou. Je vyroben z ocelov\u00fdch profil\u016f, dr\u00e1tu a desek. Je vybaven v\u00fdklopnou klapkou otev\u00edranou v polovin\u011b v\u00fd\u0161ky zdola i shora, co\u017e usnad\u0148uje nakl\u00e1dku a vykl\u00e1dku zbo\u017e\u00ed. V horn\u00ed \u010d\u00e1sti m\u00e1 kontejner zar\u00e1\u017eky, jejich\u017e \u00fakolem je stabilizace ko\u0161\u016f p\u0159i ukl\u00e1d\u00e1n\u00ed na sebe. Kontejnery lze stohovat v pom\u011bru 1+3. V z\u00e1kladn\u011b jsou vysok\u00e9 patky, d\u00edky kter\u00fdm m\u016f\u017ee b\u00fdt Gitterbox obsluhov\u00e1n ru\u010dn\u00edmi paletov\u00fdmi voz\u00edky.<\/p>\n<p data-path-to-node=\"12\">Pevn\u00fd Gitterbox v n\u00edzk\u00e9 verzi je odoln\u00fd s\u00ed\u0165ov\u00fd kontejner navr\u017een\u00fd pro efektivn\u00ed skladov\u00e1n\u00ed a p\u0159epravu zbo\u017e\u00ed p\u0159i sou\u010dasn\u00e9 optimalizaci lo\u017en\u00e9 v\u00fd\u0161ky. Jeho konstrukce p\u0159edstavuje osv\u011bd\u010denou kombinaci tuh\u00e9ho r\u00e1mu z ocelov\u00fdch profil\u016f, siln\u00e9 dr\u00e1t\u011bn\u00e9 s\u00edt\u011b a pevn\u00e9 z\u00e1kladny vyroben\u00e9 z desek. D\u0159ev\u011bn\u00e9 dno zaji\u0161\u0165uje stabiln\u00ed oporu pro sortiment a zvy\u0161uje mechanickou odolnost cel\u00e9ho nosi\u010de, d\u00edky \u010demu\u017e je odoln\u00fd v\u016f\u010di intenzivn\u00edmu pr\u016fmyslov\u00e9mu provozu.  <\/p>\n<h2 data-path-to-node=\"13\">Snadn\u00fd p\u0159\u00edstup a univerz\u00e1ln\u00ed obsluha<\/h2>\n<p data-path-to-node=\"14\">Kontejner vynik\u00e1 vysokou ergonomi\u00ed pou\u017e\u00edv\u00e1n\u00ed. Na p\u0159edn\u00ed st\u011bn\u011b je namontov\u00e1na v\u00fdklopn\u00e1 klapka, kterou lze otev\u0159\u00edt v polovin\u011b v\u00fd\u0161ky (zdola i shora). Toto \u0159e\u0161en\u00ed zaji\u0161\u0165uje pohodln\u00fd p\u0159\u00edstup do interi\u00e9ru ko\u0161e, co\u017e v\u00fdrazn\u011b urychluje procesy nakl\u00e1dky a vykl\u00e1dky. Podstatnou v\u00fdhodou tohoto modelu jsou vysok\u00e9 patky v z\u00e1kladn\u011b. D\u00edky nim m\u016f\u017ee b\u00fdt n\u00edzk\u00fd Gitterbox p\u0159epravov\u00e1n nejen vysokozdvi\u017en\u00fdmi voz\u00edky, ale tak\u00e9 standardn\u00edmi ru\u010dn\u00edmi paletov\u00fdmi voz\u00edky, co\u017e zvy\u0161uje logistickou flexibilitu uvnit\u0159 skladu.    <\/p>\n<h2 data-path-to-node=\"15\">Bezpe\u010dn\u00e9 stohov\u00e1n\u00ed a \u00faspora m\u00edsta<\/h2>\n<p data-path-to-node=\"16\">N\u00edzk\u00fd profil kontejneru umo\u017e\u0148uje lep\u0161\u00ed vyu\u017eit\u00ed prostoru v p\u0159\u00edpad\u011b men\u0161\u00edho zbo\u017e\u00ed. Konstrukce byla vybavena horn\u00edmi zar\u00e1\u017ekami (rohy), kter\u00e9 stabilizuj\u00ed ko\u0161e postaven\u00e9 na sob\u011b. To umo\u017e\u0148uje bezpe\u010dn\u00e9 stohov\u00e1n\u00ed v syst\u00e9mu 1+3, co\u017e dovoluje maxim\u00e1ln\u011b vyu\u017e\u00edt dostupnou kubaturu skladov\u00e9 haly p\u0159i zachov\u00e1n\u00ed pln\u00e9 stability stohu.  <\/p>\n","protected":false},"excerpt":{"rendered":"<p>Skladov\u00fd Gitterbox v n\u00edzk\u00e9 verzi. Robustn\u00ed konstrukce z ocelov\u00fdch profil\u016f a s\u00edt\u011b, vyztu\u017een\u00e1 dnem z desek. M\u00e1 v\u00fdklopnou klapku usnad\u0148uj\u00edc\u00ed p\u0159\u00edstup ke zbo\u017e\u00ed. Uzp\u016fsoben pro bezpe\u010dn\u00e9 stohov\u00e1n\u00ed v syst\u00e9mu 1+3 a manipulaci ru\u010dn\u00edmi paletov\u00fdmi voz\u00edky.   <\/p>\n","protected":false},"featured_media":4083,"comment_status":"open","ping_status":"closed","template":"","meta":[],"product_brand":[],"product_cat":[505],"product_tag":[],"class_list":{"0":"post-4103","1":"product","2":"type-product","3":"status-publish","4":"has-post-thumbnail","6":"product_cat-dratene-kontejnery","7":"product_shipping_class-kurier-450","9":"first","10":"instock","11":"taxable","12":"shipping-taxable","13":"purchasable","14":"product-type-simple"},"_links":{"self":[{"href":"https:\/\/shop.steel-containers.com\/cs\/wp-json\/wp\/v2\/product\/4103","targetHints":{"allow":["GET"]}}],"collection":[{"href":"https:\/\/shop.steel-containers.com\/cs\/wp-json\/wp\/v2\/product"}],"about":[{"href":"https:\/\/shop.steel-containers.com\/cs\/wp-json\/wp\/v2\/types\/product"}],"replies":[{"embeddable":true,"href":"https:\/\/shop.steel-containers.com\/cs\/wp-json\/wp\/v2\/comments?post=4103"}],"wp:featuredmedia":[{"embeddable":true,"href":"https:\/\/shop.steel-containers.com\/cs\/wp-json\/wp\/v2\/media\/4083"}],"wp:attachment":[{"href":"https:\/\/shop.steel-containers.com\/cs\/wp-json\/wp\/v2\/media?parent=4103"}],"wp:term":[{"taxonomy":"product_brand","embeddable":true,"href":"https:\/\/shop.steel-containers.com\/cs\/wp-json\/wp\/v2\/product_brand?post=4103"},{"taxonomy":"product_cat","embeddable":true,"href":"https:\/\/shop.steel-containers.com\/cs\/wp-json\/wp\/v2\/product_cat?post=4103"},{"taxonomy":"product_tag","embeddable":true,"href":"https:\/\/shop.steel-containers.com\/cs\/wp-json\/wp\/v2\/product_tag?post=4103"}],"curies":[{"name":"wp","href":"https:\/\/api.w.org\/{rel}","templated":true}]}}