{"id":4106,"date":"2026-01-22T09:33:49","date_gmt":"2026-01-22T08:33:49","guid":{"rendered":"https:\/\/shop.steel-containers.com\/produkt\/skladaci-gitterbox-s-hd-ocelovou-podlahou\/"},"modified":"2026-01-22T09:33:49","modified_gmt":"2026-01-22T08:33:49","slug":"skladaci-gitterbox-s-hd-ocelovou-podlahou","status":"publish","type":"product","link":"https:\/\/shop.steel-containers.com\/cs\/produkt\/skladaci-gitterbox-s-hd-ocelovou-podlahou\/","title":{"rendered":"Skl\u00e1dac\u00ed Gitterbox s HD ocelovou podlahou"},"content":{"rendered":"<p>Gitterbox je p\u0159epravn\u00ed a skladovac\u00ed s\u00ed\u0165ov\u00fd kontejner s kovovo-d\u0159ev\u011bnou z\u00e1kladnou. Je vyroben z ocelov\u00fdch profil\u016f, dr\u00e1tu a desek. Je vybaven v\u00fdklopnou klapkou otev\u00edranou v polovin\u011b v\u00fd\u0161ky zdola i shora, co\u017e usnad\u0148uje nakl\u00e1dku a vykl\u00e1dku zbo\u017e\u00ed. V horn\u00ed \u010d\u00e1sti m\u00e1 kontejner zar\u00e1\u017eky, jejich\u017e \u00fakolem je stabilizace ko\u0161\u016f p\u0159i ukl\u00e1d\u00e1n\u00ed na sebe. Kontejnery lze stohovat v pom\u011bru 1+3. V z\u00e1kladn\u011b jsou vysok\u00e9 patky, d\u00edky kter\u00fdm m\u016f\u017ee b\u00fdt Gitterbox obsluhov\u00e1n ru\u010dn\u00edmi paletov\u00fdmi voz\u00edky.<\/p>\n","protected":false},"excerpt":{"rendered":"<p><strong>Skladov\u00fd a p\u0159epravn\u00ed ko\u0161<\/strong><\/p>\n","protected":false},"featured_media":559,"comment_status":"open","ping_status":"closed","template":"","meta":[],"product_brand":[],"product_cat":[505],"product_tag":[],"class_list":{"0":"post-4106","1":"product","2":"type-product","3":"status-publish","4":"has-post-thumbnail","6":"product_cat-dratene-kontejnery","7":"product_shipping_class-kurier-450","9":"first","10":"instock","11":"taxable","12":"shipping-taxable","13":"purchasable","14":"product-type-simple"},"_links":{"self":[{"href":"https:\/\/shop.steel-containers.com\/cs\/wp-json\/wp\/v2\/product\/4106","targetHints":{"allow":["GET"]}}],"collection":[{"href":"https:\/\/shop.steel-containers.com\/cs\/wp-json\/wp\/v2\/product"}],"about":[{"href":"https:\/\/shop.steel-containers.com\/cs\/wp-json\/wp\/v2\/types\/product"}],"replies":[{"embeddable":true,"href":"https:\/\/shop.steel-containers.com\/cs\/wp-json\/wp\/v2\/comments?post=4106"}],"wp:featuredmedia":[{"embeddable":true,"href":"https:\/\/shop.steel-containers.com\/cs\/wp-json\/wp\/v2\/media\/559"}],"wp:attachment":[{"href":"https:\/\/shop.steel-containers.com\/cs\/wp-json\/wp\/v2\/media?parent=4106"}],"wp:term":[{"taxonomy":"product_brand","embeddable":true,"href":"https:\/\/shop.steel-containers.com\/cs\/wp-json\/wp\/v2\/product_brand?post=4106"},{"taxonomy":"product_cat","embeddable":true,"href":"https:\/\/shop.steel-containers.com\/cs\/wp-json\/wp\/v2\/product_cat?post=4106"},{"taxonomy":"product_tag","embeddable":true,"href":"https:\/\/shop.steel-containers.com\/cs\/wp-json\/wp\/v2\/product_tag?post=4106"}],"curies":[{"name":"wp","href":"https:\/\/api.w.org\/{rel}","templated":true}]}}