{"id":4123,"date":"2026-01-22T09:33:49","date_gmt":"2026-01-22T08:33:49","guid":{"rendered":"https:\/\/shop.steel-containers.com\/produkt\/pevny-epal-gitterbox\/"},"modified":"2026-01-22T09:33:49","modified_gmt":"2026-01-22T08:33:49","slug":"pevny-epal-gitterbox","status":"publish","type":"product","link":"https:\/\/shop.steel-containers.com\/cs\/produkt\/pevny-epal-gitterbox\/","title":{"rendered":"Pevn\u00fd EPAL Gitterbox"},"content":{"rendered":"<p data-path-to-node=\"12\">Pevn\u00fd EPAL Gitterbox je nejobl\u00edben\u011bj\u0161\u00ed v\u00fdm\u011bnn\u00fd p\u0159epravn\u00ed a skladovac\u00ed kontejner v Evrop\u011b, cen\u011bn\u00fd pro svou spolehlivost a univerz\u00e1lnost. D\u00edky sv\u00e9 robustn\u00ed konstrukci a standardizovan\u00fdm rozm\u011br\u016fm tvo\u0159\u00ed z\u00e1klad logistiky v automobilov\u00e9m pr\u016fmyslu, v\u00fdrob\u011b a v mezin\u00e1rodn\u00ed doprav\u011b. <\/p>\n<h2 data-path-to-node=\"13\">Konstrukce a odolnost<\/h2>\n<p data-path-to-node=\"14\">Nab\u00edzen\u00fd pevn\u00fd EPAL Gitterbox se vyzna\u010duje hybridn\u00ed, mimo\u0159\u00e1dn\u011b odolnou konstrukc\u00ed.<\/p>\n<ul data-path-to-node=\"15\">\n<li>\n<p data-path-to-node=\"15,0,0\">Z\u00e1kladna: Skl\u00e1d\u00e1 se z pevn\u00e9ho ocelov\u00e9ho r\u00e1mu vypln\u011bn\u00e9ho d\u0159ev\u011bn\u00fdmi deskami. Tato kovovo-d\u0159ev\u011bn\u00e1 konstrukce zaji\u0161\u0165uje vynikaj\u00edc\u00ed odpru\u017een\u00ed zbo\u017e\u00ed a zabra\u0148uje posunu n\u00e1kladu. <\/p>\n<\/li>\n<li>\n<p data-path-to-node=\"15,1,0\">St\u011bny: Jsou vyrobeny ze siln\u00e9 dr\u00e1t\u011bn\u00e9 s\u00edt\u011b rozprost\u0159en\u00e9 na ocelov\u00fdch profilech. To zaji\u0161\u0165uje plnou viditelnost skladovan\u00e9ho obsahu p\u0159i sou\u010dasn\u00e9 ochran\u011b p\u0159ed po\u0161kozen\u00edm. <\/p>\n<\/li>\n<\/ul>\n<h3 data-path-to-node=\"16\">Funkcionalita: Snadn\u00fd p\u0159\u00edstup a stohov\u00e1n\u00ed<\/h3>\n<p data-path-to-node=\"17\">Kontejner byl navr\u017een s ohledem na ergonomii skladov\u00fdch prac\u00ed.<\/p>\n<ul data-path-to-node=\"18\">\n<li>\n<p data-path-to-node=\"18,0,0\">V\u00fdklopn\u00e1 klapka: Na p\u0159edn\u00ed st\u011bn\u011b je um\u00edst\u011bna dvoud\u00edln\u00e1 klapka (otev\u00edrateln\u00e1 zdola i shora). Toto \u0159e\u0161en\u00ed je kl\u00ed\u010dov\u00e9 pro pracovn\u00ed komfort \u2013 umo\u017e\u0148uje snadnou ru\u010dn\u00ed nakl\u00e1dku a vykl\u00e1dku zbo\u017e\u00ed i ze dna ko\u0161e, ani\u017e by bylo nutn\u00e9 se nakl\u00e1n\u011bt p\u0159es vysok\u00e9 bo\u010dnice. <\/p>\n<\/li>\n<li>\n<p data-path-to-node=\"18,1,0\">Bezpe\u010dn\u00e9 skladov\u00e1n\u00ed: V horn\u00edch roz\u00edch m\u00e1 kontejner speci\u00e1ln\u00ed zar\u00e1\u017eky (stabiliza\u010dn\u00ed patky). Jejich \u00fakolem je zajistit v\u00fd\u0161e postaven\u00fd ko\u0161, co\u017e zaru\u010duje stabilitu stohu. Tento Gitterbox je uzp\u016fsoben pro stohov\u00e1n\u00ed v syst\u00e9mu 1+3.  <\/p>\n<\/li>\n<\/ul>\n<h2 data-path-to-node=\"19\">Doprava a logistick\u00e1 obsluha<\/h2>\n<p data-path-to-node=\"20\">Konstrukce z\u00e1kladny m\u00e1 vysok\u00e9 patky, d\u00edky \u010demu\u017e je pevn\u00fd EPAL Gitterbox pln\u011b kompatibiln\u00ed se skladovou technikou. M\u016f\u017ee b\u00fdt voln\u011b obsluhov\u00e1n ze \u010dty\u0159 stran vysokozdvi\u017en\u00fdmi voz\u00edky a specifick\u00fd pr\u016fsvit umo\u017e\u0148uje tak\u00e9 snadnou p\u0159epravu pomoc\u00ed ru\u010dn\u00edch paletov\u00fdch voz\u00edk\u016f (\u201epale\u0165\u00e1k\u016f\u201c). <\/p>\n<p data-path-to-node=\"21\">Toto je univerz\u00e1ln\u00ed \u0159e\u0161en\u00ed pro p\u0159epravu t\u011b\u017ek\u00fdch d\u00edl\u016f, odlitk\u016f a mal\u00fdch p\u0159edm\u011bt\u016f vy\u017eaduj\u00edc\u00edch ochranu.<\/p>\n","protected":false},"excerpt":{"rendered":"<p>Standardizovan\u00fd pevn\u00fd EPAL Gitterbox s kovovo-d\u0159ev\u011bnou z\u00e1kladnou. Odoln\u00fd s\u00ed\u0165ov\u00fd kontejner vybaven\u00fd v\u00fdklopnou klapkou pro snaz\u0161\u00ed nakl\u00e1dku. Konstrukce z ocelov\u00fdch profil\u016f umo\u017e\u0148uje bezpe\u010dn\u00e9 stohov\u00e1n\u00ed (1+3). Uzp\u016fsoben pro manipulaci paletov\u00fdmi i vysokozdvi\u017en\u00fdmi voz\u00edky.   <\/p>\n","protected":false},"featured_media":5539,"comment_status":"open","ping_status":"closed","template":"","meta":[],"product_brand":[],"product_cat":[505],"product_tag":[],"class_list":{"0":"post-4123","1":"product","2":"type-product","3":"status-publish","4":"has-post-thumbnail","6":"product_cat-dratene-kontejnery","7":"product_shipping_class-kurier-450","9":"first","10":"instock","11":"taxable","12":"shipping-taxable","13":"purchasable","14":"product-type-simple"},"_links":{"self":[{"href":"https:\/\/shop.steel-containers.com\/cs\/wp-json\/wp\/v2\/product\/4123","targetHints":{"allow":["GET"]}}],"collection":[{"href":"https:\/\/shop.steel-containers.com\/cs\/wp-json\/wp\/v2\/product"}],"about":[{"href":"https:\/\/shop.steel-containers.com\/cs\/wp-json\/wp\/v2\/types\/product"}],"replies":[{"embeddable":true,"href":"https:\/\/shop.steel-containers.com\/cs\/wp-json\/wp\/v2\/comments?post=4123"}],"wp:featuredmedia":[{"embeddable":true,"href":"https:\/\/shop.steel-containers.com\/cs\/wp-json\/wp\/v2\/media\/5539"}],"wp:attachment":[{"href":"https:\/\/shop.steel-containers.com\/cs\/wp-json\/wp\/v2\/media?parent=4123"}],"wp:term":[{"taxonomy":"product_brand","embeddable":true,"href":"https:\/\/shop.steel-containers.com\/cs\/wp-json\/wp\/v2\/product_brand?post=4123"},{"taxonomy":"product_cat","embeddable":true,"href":"https:\/\/shop.steel-containers.com\/cs\/wp-json\/wp\/v2\/product_cat?post=4123"},{"taxonomy":"product_tag","embeddable":true,"href":"https:\/\/shop.steel-containers.com\/cs\/wp-json\/wp\/v2\/product_tag?post=4123"}],"curies":[{"name":"wp","href":"https:\/\/api.w.org\/{rel}","templated":true}]}}