{"id":4142,"date":"2026-01-22T09:34:00","date_gmt":"2026-01-22T08:34:00","guid":{"rendered":"https:\/\/shop.steel-containers.com\/produkt\/mobilni-stojan-na-disky\/"},"modified":"2026-01-22T09:34:00","modified_gmt":"2026-01-22T08:34:00","slug":"mobilni-stojan-na-disky","status":"publish","type":"product","link":"https:\/\/shop.steel-containers.com\/cs\/produkt\/mobilni-stojan-na-disky\/","title":{"rendered":"Mobiln\u00ed stojan na disky"},"content":{"rendered":"<p data-path-to-node=\"12\">Stojan na disky je nezbytn\u00fdm vybaven\u00edm ka\u017ed\u00e9 profesion\u00e1ln\u00ed d\u00edlny, pneuservisu i gar\u00e1\u017ee automobilov\u00e9ho nad\u0161ence. Tento mobiln\u00ed reg\u00e1l, navr\u017een\u00fd pro ulo\u017een\u00ed sad kol, kombinuje robustnost proveden\u00ed s vysokou estetikou, d\u00edky \u010demu\u017e se skv\u011ble hod\u00ed i jako v\u00fdstavn\u00ed stojan v obchodn\u00edch m\u00edstech. <\/p>\n<h2 data-path-to-node=\"13\">Pro\u010d si vybrat n\u00e1\u0161 mobiln\u00ed stojan na disky?<\/h2>\n<p data-path-to-node=\"14\">Nab\u00edzen\u00fd produkt nen\u00ed jen zp\u016fsobem, jak udr\u017eet po\u0159\u00e1dek, ale p\u0159edev\u0161\u00edm cestou k n\u00e1le\u017eit\u00e9 p\u00e9\u010di o zbo\u017e\u00ed. Stojan na disky byl zkonstruov\u00e1n tak, aby pojal 8 kus\u016f disk\u016f nebo kompletn\u00edch kol (pneumatik s disky).<\/p>\n<h3 data-path-to-node=\"15\">Ochrana a bezpe\u010dnost pneumatik<\/h3>\n<p data-path-to-node=\"16\">Nespr\u00e1vn\u00e9 skladov\u00e1n\u00ed kol (nap\u0159. ve stohu na zemi) vede k po\u0161kozen\u00ed. N\u00e1\u0161 reg\u00e1l tato rizika eliminuje: <\/p>\n<ul data-path-to-node=\"17\">\n<li>\n<p data-path-to-node=\"17,0,0\">\u017d\u00e1dn\u00e9 deformace: Pneumatiky nejsou stla\u010dov\u00e1ny vlastn\u00ed vahou, co\u017e zabra\u0148uje jejich deformaci a unik\u00e1n\u00ed vzduchu.<\/p>\n<\/li>\n<li>\n<p data-path-to-node=\"17,1,0\">Ochrana p\u0159ed po\u0161kozen\u00edm: Disky nejsou v kontaktu s betonov\u00fdm podkladem, co\u017e je chr\u00e1n\u00ed p\u0159ed t\u0159en\u00edm, po\u0161kr\u00e1b\u00e1n\u00edm, vlhkost\u00ed a ne\u010distotami.<\/p>\n<\/li>\n<\/ul>\n<h3 data-path-to-node=\"18\">Robustn\u00ed konstrukce a mobilita<\/h3>\n<p data-path-to-node=\"19\">Reg\u00e1l je vyroben z vysoce kvalitn\u00edch uzav\u0159en\u00fdch profil\u016f. Pou\u017eit\u00ed materi\u00e1l\u016f s odpov\u00eddaj\u00edc\u00ed tlou\u0161\u0165kou st\u011bny zaji\u0161\u0165uje vysokou nosnost a odolnost \u2013 stojan bez probl\u00e9m\u016f udr\u017e\u00ed v\u00e1hu 8 masivn\u00edch kol. Dal\u0161\u00ed v\u00fdhodou je mobilita. Stojan na disky je vybaven sadou kol, co\u017e umo\u017e\u0148uje jeho snadn\u00e9 p\u0159emis\u0165ov\u00e1n\u00ed na libovoln\u00e9 m\u00edsto v d\u00edln\u011b nebo prodejn\u011b, a to i p\u0159i pln\u00e9m zat\u00ed\u017een\u00ed. To je obrovsk\u00e9 logistick\u00e9 usnadn\u011bn\u00ed b\u011bhem sez\u00f3nn\u00ed v\u00fdm\u011bny pneumatik.   <\/p>\n<h2 data-path-to-node=\"20\">Univerz\u00e1ln\u00ed pou\u017eit\u00ed: Skladov\u00e1n\u00ed a prezentace<\/h2>\n<p data-path-to-node=\"21\">D\u00edky bezchybn\u00e9mu vzhledu a estetick\u00e9 povrchov\u00e9 \u00faprav\u011b pln\u00ed tento reg\u00e1l dvoj\u00ed funkci:<\/p>\n<ol start=\"1\" data-path-to-node=\"22\">\n<li>\n<p data-path-to-node=\"22,0,0\">Skladovac\u00ed: Usnad\u0148uje klasifikaci zbo\u017e\u00ed a udr\u017eov\u00e1n\u00ed dokonal\u00e9ho po\u0159\u00e1dku. Kola jsou v\u017edy p\u0159ipravena k okam\u017eit\u00e9mu pou\u017eit\u00ed. <\/p>\n<\/li>\n<li>\n<p data-path-to-node=\"22,1,0\">Prezenta\u010dn\u00ed: Skv\u011ble prezentuje sortiment z\u00e1kazn\u00edk\u016fm v prodejn\u00e1ch autodopl\u0148k\u016f a showroomech s disky, \u010d\u00edm\u017e podporuje prodej.<\/p>\n<\/li>\n<\/ol>\n<p data-path-to-node=\"23\">Investujte do profesion\u00e1ln\u00edho stojanu na r\u00e1fky, abyste u\u0161et\u0159ili m\u00edsto a zajistili nejvy\u0161\u0161\u00ed kvalitu ulo\u017een\u00fdch kol.<\/p>\n","protected":false},"excerpt":{"rendered":"<p>Mobiln\u00ed stojan na disky s kapacitou 8 kus\u016f. Vyroben z odoln\u00fdch uzav\u0159en\u00fdch profil\u016f, zaru\u010duje stabilitu a vysokou nosnost. Chr\u00e1n\u00ed pneumatiky p\u0159ed deformac\u00ed a disky p\u0159ed po\u0161kr\u00e1b\u00e1n\u00edm. Vybaven kole\u010dky pro snadnou p\u0159epravu. Ide\u00e1ln\u00ed jako d\u00edlensk\u00fd reg\u00e1l nebo prodejn\u00ed stojan.    <\/p>\n","protected":false},"featured_media":608,"comment_status":"open","ping_status":"closed","template":"","meta":[],"product_brand":[],"product_cat":[381],"product_tag":[],"class_list":{"0":"post-4142","1":"product","2":"type-product","3":"status-publish","4":"has-post-thumbnail","6":"product_cat-stojany-na-disky","7":"product_shipping_class-kurier-390","9":"first","10":"instock","11":"taxable","12":"shipping-taxable","13":"purchasable","14":"product-type-simple"},"_links":{"self":[{"href":"https:\/\/shop.steel-containers.com\/cs\/wp-json\/wp\/v2\/product\/4142","targetHints":{"allow":["GET"]}}],"collection":[{"href":"https:\/\/shop.steel-containers.com\/cs\/wp-json\/wp\/v2\/product"}],"about":[{"href":"https:\/\/shop.steel-containers.com\/cs\/wp-json\/wp\/v2\/types\/product"}],"replies":[{"embeddable":true,"href":"https:\/\/shop.steel-containers.com\/cs\/wp-json\/wp\/v2\/comments?post=4142"}],"wp:featuredmedia":[{"embeddable":true,"href":"https:\/\/shop.steel-containers.com\/cs\/wp-json\/wp\/v2\/media\/608"}],"wp:attachment":[{"href":"https:\/\/shop.steel-containers.com\/cs\/wp-json\/wp\/v2\/media?parent=4142"}],"wp:term":[{"taxonomy":"product_brand","embeddable":true,"href":"https:\/\/shop.steel-containers.com\/cs\/wp-json\/wp\/v2\/product_brand?post=4142"},{"taxonomy":"product_cat","embeddable":true,"href":"https:\/\/shop.steel-containers.com\/cs\/wp-json\/wp\/v2\/product_cat?post=4142"},{"taxonomy":"product_tag","embeddable":true,"href":"https:\/\/shop.steel-containers.com\/cs\/wp-json\/wp\/v2\/product_tag?post=4142"}],"curies":[{"name":"wp","href":"https:\/\/api.w.org\/{rel}","templated":true}]}}