{"id":4346,"date":"2026-01-22T09:34:01","date_gmt":"2026-01-22T08:34:01","guid":{"rendered":"https:\/\/shop.steel-containers.com\/produkt\/kovova-ohradova-paleta-model-pmpb\/"},"modified":"2026-01-22T09:34:01","modified_gmt":"2026-01-22T08:34:01","slug":"kovova-ohradova-paleta-model-pmpb","status":"publish","type":"product","link":"https:\/\/shop.steel-containers.com\/cs\/produkt\/kovova-ohradova-paleta-model-pmpb\/","title":{"rendered":"Kovov\u00e1 ohradov\u00e1 paleta \u2013 model PMPB"},"content":{"rendered":"<p data-path-to-node=\"12\">Kovov\u00e1 ohradov\u00e1 paleta model PMPB je profesion\u00e1ln\u00ed skladovac\u00ed kontejner, kter\u00fd kombinuje vysokou odolnost s vysokou ergonomi\u00ed pou\u017e\u00edv\u00e1n\u00ed. Konstrukce je vyrobena z pevn\u00e9ho oh\u00fdban\u00e9ho plechu o tlou\u0161\u0165ce 2 mm \u2013 to plat\u00ed pro st\u011bny n\u00e1doby i jej\u00ed z\u00e1kladnu. Z\u00e1rukou dlouh\u00e9 \u017eivotnosti a odolnosti v extr\u00e9mn\u00edch pr\u016fmyslov\u00fdch podm\u00ednk\u00e1ch je pou\u017eit\u00ed technologie oboustrann\u00e9ho sva\u0159ov\u00e1n\u00ed, d\u00edky \u010demu\u017e je tento kontejner mimo\u0159\u00e1dn\u011b stabiln\u00edm a bezpe\u010dn\u00fdm nosi\u010dem pro t\u011b\u017ek\u00e9 zbo\u017e\u00ed.  <\/p>\n<h2 data-path-to-node=\"13\">V\u00fdklopn\u00e1 bo\u010dnice \u2013 snadn\u00fd p\u0159\u00edstup ke zbo\u017e\u00ed<\/h2>\n<p data-path-to-node=\"14\">Kl\u00ed\u010dovou v\u00fdhodou modelu PMPB je funk\u010dn\u00ed \u0159e\u0161en\u00ed v podob\u011b otev\u00edrac\u00ed bo\u010dnice. Na jedn\u00e9 z del\u0161\u00edch st\u011bn se nach\u00e1z\u00ed klapka v\u00fdklopn\u00e1 v polovin\u011b v\u00fd\u0161ky, kter\u00e1 v\u00fdrazn\u011b usnad\u0148uje p\u0159\u00edstup k materi\u00e1l\u016fm um\u00edst\u011bn\u00fdm na dn\u011b kontejneru. D\u00edky tomuto \u0159e\u0161en\u00ed je nakl\u00e1dka a vykl\u00e1dka (ru\u010dn\u00ed i mechanick\u00e1) mnohem rychlej\u0161\u00ed a ergonomi\u010dt\u011bj\u0161\u00ed, proto\u017ee eliminuje nutnost hlubok\u00e9ho oh\u00fdb\u00e1n\u00ed se p\u0159es hranu pln\u00e9 bo\u010dnice.  <\/p>\n<h2 data-path-to-node=\"15\">V\u0161estrannost p\u0159epravy a skladov\u00e1n\u00ed<\/h2>\n<p data-path-to-node=\"16\">Kontejner byl navr\u017een pro spolupr\u00e1ci s r\u016fzn\u00fdmi za\u0159\u00edzen\u00edmi pro vnitropodnikovou dopravu. Z\u00e1kladna vybaven\u00e1 patkami umo\u017e\u0148uje volnou manipulaci pomoc\u00ed vysokozdvi\u017en\u00fdch voz\u00edk\u016f i ru\u010dn\u00edch paletov\u00fdch voz\u00edk\u016f (\u201epale\u0165\u00e1k\u016f\u201c). Horn\u00ed hrana ohradov\u00e9 palety je nav\u00edc vybavena speci\u00e1ln\u00edmi rohy (kalichy) s otvory, kter\u00e9 pln\u00ed dv\u011b funkce: umo\u017e\u0148uj\u00ed stabiln\u00ed stohov\u00e1n\u00ed kontejner\u016f na sebe a slou\u017e\u00ed jako \u00fachyty pro p\u0159epravu je\u0159\u00e1bem nebo mostov\u00fdm je\u0159\u00e1bem.  <\/p>\n","protected":false},"excerpt":{"rendered":"<p>Robustn\u00ed kovov\u00e1 ohradov\u00e1 paleta PMPB vyroben\u00e1 z 2 mm oh\u00fdban\u00e9ho plechu. Vyzna\u010duje se otev\u00edrac\u00ed bo\u010dnic\u00ed na del\u0161\u00ed stran\u011b pro snadn\u00fd p\u0159\u00edstup k obsahu. Oboustrann\u011b sva\u0159ovan\u00e1 konstrukce, uzp\u016fsoben\u00e1 pro p\u0159epravu je\u0159\u00e1bem, vysokozdvi\u017en\u00fdm a paletov\u00fdm voz\u00edkem. Mo\u017enost bezpe\u010dn\u00e9ho stohov\u00e1n\u00ed.   <\/p>\n","protected":false},"featured_media":621,"comment_status":"open","ping_status":"closed","template":"","meta":[],"product_brand":[],"product_cat":[476],"product_tag":[],"class_list":{"0":"post-4346","1":"product","2":"type-product","3":"status-publish","4":"has-post-thumbnail","6":"product_cat-pmpb","7":"product_shipping_class-kurier-390","9":"first","10":"instock","11":"taxable","12":"shipping-taxable","13":"purchasable","14":"product-type-simple"},"_links":{"self":[{"href":"https:\/\/shop.steel-containers.com\/cs\/wp-json\/wp\/v2\/product\/4346","targetHints":{"allow":["GET"]}}],"collection":[{"href":"https:\/\/shop.steel-containers.com\/cs\/wp-json\/wp\/v2\/product"}],"about":[{"href":"https:\/\/shop.steel-containers.com\/cs\/wp-json\/wp\/v2\/types\/product"}],"replies":[{"embeddable":true,"href":"https:\/\/shop.steel-containers.com\/cs\/wp-json\/wp\/v2\/comments?post=4346"}],"wp:featuredmedia":[{"embeddable":true,"href":"https:\/\/shop.steel-containers.com\/cs\/wp-json\/wp\/v2\/media\/621"}],"wp:attachment":[{"href":"https:\/\/shop.steel-containers.com\/cs\/wp-json\/wp\/v2\/media?parent=4346"}],"wp:term":[{"taxonomy":"product_brand","embeddable":true,"href":"https:\/\/shop.steel-containers.com\/cs\/wp-json\/wp\/v2\/product_brand?post=4346"},{"taxonomy":"product_cat","embeddable":true,"href":"https:\/\/shop.steel-containers.com\/cs\/wp-json\/wp\/v2\/product_cat?post=4346"},{"taxonomy":"product_tag","embeddable":true,"href":"https:\/\/shop.steel-containers.com\/cs\/wp-json\/wp\/v2\/product_tag?post=4346"}],"curies":[{"name":"wp","href":"https:\/\/api.w.org\/{rel}","templated":true}]}}