{"id":4371,"date":"2026-01-22T09:34:01","date_gmt":"2026-01-22T08:34:01","guid":{"rendered":"https:\/\/shop.steel-containers.com\/produkt\/otevrena-ohradova-paleta-model-pmpn\/"},"modified":"2026-01-22T09:34:01","modified_gmt":"2026-01-22T08:34:01","slug":"otevrena-ohradova-paleta-model-pmpn","status":"publish","type":"product","link":"https:\/\/shop.steel-containers.com\/cs\/produkt\/otevrena-ohradova-paleta-model-pmpn\/","title":{"rendered":"Otev\u0159en\u00e1 ohradov\u00e1 paleta \u2013 model PMPN"},"content":{"rendered":"<p data-path-to-node=\"12\">Kovov\u00e1 ohradov\u00e1 paleta model PMPN je specializovan\u00e1, otev\u0159en\u00e1 verze klasick\u00e9ho skladovac\u00edho kontejneru, navr\u017een\u00e1 pro \u00fakoly, kde jsou pln\u00e9 st\u011bny zbyte\u010dn\u00e9 nebo nevhodn\u00e9. Tato netypick\u00e1, ale mimo\u0159\u00e1dn\u011b promy\u0161len\u00e1 sloupkov\u00e1 konstrukce nach\u00e1z\u00ed \u0161irok\u00e9 uplatn\u011bn\u00ed p\u0159i p\u0159eprav\u011b prvk\u016f s nestandardn\u00edmi rozm\u011bry a zbo\u017e\u00ed vy\u017eaduj\u00edc\u00edho snadn\u00fd p\u0159\u00edstup ze v\u0161ech stran. I p\u0159es absenci bo\u010dn\u00edch st\u011bn se produkt vyzna\u010duje v\u00fdjime\u010dnou stabilitou a tuhost\u00ed, co\u017e z n\u011bj \u010din\u00ed spolehliv\u00fd nosi\u010d v n\u00e1ro\u010dn\u00fdch pr\u016fmyslov\u00fdch podm\u00ednk\u00e1ch.  <\/p>\n<h2 data-path-to-node=\"13\">Robustn\u00ed z\u00e1kladna a otev\u0159en\u00e1 konstrukce<\/h2>\n<p data-path-to-node=\"14\">Z\u00e1kladem tohoto modelu je zes\u00edlen\u00e1 z\u00e1kladna vyroben\u00e1 ze siln\u00e9ho 4 mm plechu, co\u017e zaru\u010duje obrovskou odolnost proti bodov\u00e9mu i rozlo\u017een\u00e9mu zat\u00ed\u017een\u00ed. V roz\u00edch plo\u0161iny jsou osazeny \u010dty\u0159i pevn\u00e9 sloupky, kter\u00e9 zaji\u0161\u0165uj\u00ed n\u00e1klad a vymezuj\u00ed obrys palety. Tato otev\u0159en\u00e1 konstrukce \u010din\u00ed ohradovou paletu leh\u010d\u00ed ne\u017e uzav\u0159en\u00e9 varianty a z\u00e1rove\u0148 zaji\u0161\u0165uje cirkulaci vzduchu a usnad\u0148uje upevn\u011bn\u00ed netypick\u00fdch n\u00e1klad\u016f pomoc\u00ed p\u0159epravn\u00edch p\u00e1s\u016f.  <\/p>\n<h2 data-path-to-node=\"15\">V\u0161estrannost p\u0159epravy: Je\u0159\u00e1b a voz\u00edk<\/h2>\n<p data-path-to-node=\"16\">Model PMPN byl navr\u017een s ohledem na maxim\u00e1ln\u00ed logistickou flexibilitu. Konstrukce z\u00e1kladny m\u00e1 vhodn\u011b tvarovan\u00e9 patky, d\u00edky nim\u017e lze paletu obsluhovat jak vysokozdvi\u017en\u00fdmi voz\u00edky, tak ru\u010dn\u00edmi paletov\u00fdmi voz\u00edky (\u201epale\u0165\u00e1ky\u201c). Rohov\u00e9 sloupky jsou nav\u00edc vybaveny speci\u00e1ln\u00edmi otvory a rohy (\u201ekalichy\u201c), kter\u00e9 umo\u017e\u0148uj\u00ed p\u0159epravu pomoc\u00ed je\u0159\u00e1bu nebo mostov\u00e9ho je\u0159\u00e1bu s pou\u017eit\u00edm v\u00e1zac\u00edch prost\u0159edk\u016f. Tento syst\u00e9m tak\u00e9 umo\u017e\u0148uje bezpe\u010dn\u00e9 stohov\u00e1n\u00ed palet v syst\u00e9mu 1+2, co\u017e dovoluje efektivn\u011b spravovat skladov\u00fd prostor ve svisl\u00e9m sm\u011bru.   <\/p>\n","protected":false},"excerpt":{"rendered":"<p>Otev\u0159en\u00e1 kovov\u00e1 ohradov\u00e1 paleta PMPN se sloupkovou konstrukc\u00ed bez bo\u010dn\u00edch st\u011bn. Vybavena mimo\u0159\u00e1dn\u011b pevnou z\u00e1kladnou z 4 mm plechu. Uzp\u016fsobena pro p\u0159epravu je\u0159\u00e1bem, vysokozdvi\u017en\u00fdm a paletov\u00fdm voz\u00edkem. Umo\u017e\u0148uje bezpe\u010dn\u00e9 stohov\u00e1n\u00ed n\u00e1klad\u016f v syst\u00e9mu 1+2.   <\/p>\n","protected":false},"featured_media":616,"comment_status":"open","ping_status":"closed","template":"","meta":[],"product_brand":[],"product_cat":[467],"product_tag":[],"class_list":{"0":"post-4371","1":"product","2":"type-product","3":"status-publish","4":"has-post-thumbnail","6":"product_cat-pmpn","7":"product_shipping_class-kurier-390","9":"first","10":"instock","11":"taxable","12":"shipping-taxable","13":"purchasable","14":"product-type-simple"},"_links":{"self":[{"href":"https:\/\/shop.steel-containers.com\/cs\/wp-json\/wp\/v2\/product\/4371","targetHints":{"allow":["GET"]}}],"collection":[{"href":"https:\/\/shop.steel-containers.com\/cs\/wp-json\/wp\/v2\/product"}],"about":[{"href":"https:\/\/shop.steel-containers.com\/cs\/wp-json\/wp\/v2\/types\/product"}],"replies":[{"embeddable":true,"href":"https:\/\/shop.steel-containers.com\/cs\/wp-json\/wp\/v2\/comments?post=4371"}],"wp:featuredmedia":[{"embeddable":true,"href":"https:\/\/shop.steel-containers.com\/cs\/wp-json\/wp\/v2\/media\/616"}],"wp:attachment":[{"href":"https:\/\/shop.steel-containers.com\/cs\/wp-json\/wp\/v2\/media?parent=4371"}],"wp:term":[{"taxonomy":"product_brand","embeddable":true,"href":"https:\/\/shop.steel-containers.com\/cs\/wp-json\/wp\/v2\/product_brand?post=4371"},{"taxonomy":"product_cat","embeddable":true,"href":"https:\/\/shop.steel-containers.com\/cs\/wp-json\/wp\/v2\/product_cat?post=4371"},{"taxonomy":"product_tag","embeddable":true,"href":"https:\/\/shop.steel-containers.com\/cs\/wp-json\/wp\/v2\/product_tag?post=4371"}],"curies":[{"name":"wp","href":"https:\/\/api.w.org\/{rel}","templated":true}]}}