{"id":4421,"date":"2026-01-22T09:33:19","date_gmt":"2026-01-22T08:33:19","guid":{"rendered":"https:\/\/shop.steel-containers.com\/produkt\/ocelova-paleta-manurack-velka-verze\/"},"modified":"2026-01-22T09:33:19","modified_gmt":"2026-01-22T08:33:19","slug":"ocelova-paleta-manurack-velka-verze","status":"publish","type":"product","link":"https:\/\/shop.steel-containers.com\/cs\/produkt\/ocelova-paleta-manurack-velka-verze\/","title":{"rendered":"Ocelov\u00e1 paleta Manurack \u2013 velk\u00e1 verze"},"content":{"rendered":"<p data-path-to-node=\"12\">Ocelov\u00e1 paleta Manurack ve velk\u00e9 verzi je v\u0161estrann\u00fd logistick\u00fd nosi\u010d, kter\u00fd p\u0159in\u00e1\u0161\u00ed revoluci ve zp\u016fsobu skladov\u00e1n\u00ed zbo\u017e\u00ed t\u00edm, \u017ee kombinuje funkce tradi\u010dn\u00ed palety s mo\u017enostmi skladov\u00e9ho reg\u00e1lu. Konstrukce je vyrobena z pevn\u00fdch uzav\u0159en\u00fdch profil\u016f, co\u017e zaji\u0161\u0165uje jej\u00ed mimo\u0159\u00e1dnou odolnost a schopnost sn\u00e1\u0161et vysok\u00e9 zat\u00ed\u017een\u00ed. Je to ide\u00e1ln\u00ed \u0159e\u0161en\u00ed pro v\u00fdrobn\u00ed z\u00e1vody a sklady, kter\u00e9 cht\u011bj\u00ed optimalizovat vyu\u017eit\u00ed prostoru bez nutnosti investovat do pevn\u00fdch reg\u00e1lov\u00fdch syst\u00e9m\u016f. Tento syst\u00e9m usnad\u0148uje identifikaci produkt\u016f a zaji\u0161\u0165uje k nim rychl\u00fd a flexibiln\u00ed p\u0159\u00edstup.   <\/p>\n<h2 data-path-to-node=\"13\">Mobiln\u00ed reg\u00e1l bez pou\u017eit\u00ed n\u00e1\u0159ad\u00ed<\/h2>\n<p data-path-to-node=\"14\">Unik\u00e1tn\u00ed vlastnost\u00ed syst\u00e9mu Manurack je jeho modularita. V z\u00e1kladn\u011b palety se nach\u00e1zej\u00ed stabiln\u00ed, kulat\u00e9 patky, zat\u00edmco v horn\u00ed \u010d\u00e1sti r\u00e1mu jsou um\u00edst\u011bna speci\u00e1ln\u00ed hn\u00edzda uzp\u016fsoben\u00e1 pro mont\u00e1\u017e ocelov\u00fdch trubek. D\u00edky tomuto \u0159e\u0161en\u00ed lze po osazen\u00ed op\u011brn\u00fdch trubek palety bezpe\u010dn\u011b stohovat na sebe. To umo\u017e\u0148uje snadno a rychle zm\u011bnit jednotliv\u00e9 nosi\u010de ve v\u00edce\u00farov\u0148ov\u00fd skl\u00e1dac\u00ed reg\u00e1l. Mont\u00e1\u017e a demont\u00e1\u017e prob\u00edh\u00e1 bleskov\u011b a bez n\u00e1\u0159ad\u00ed. Pokud reg\u00e1ly nejsou pot\u0159eba, lze konstrukci demontovat, co\u017e zaru\u010duje obrovskou \u00fasporu m\u00edsta p\u0159i skladov\u00e1n\u00ed pr\u00e1zdn\u00fdch palet.     <\/p>\n<h2 data-path-to-node=\"15\">Bezpe\u010dn\u00fd transport a antikorozn\u00ed ochrana<\/h2>\n<p data-path-to-node=\"16\">Manurack byl navr\u017een s ohledem na bezpe\u010dnou spolupr\u00e1ci s vysokozdvi\u017en\u00fdmi voz\u00edky. V z\u00e1kladn\u011b jsou integrov\u00e1ny speci\u00e1ln\u00ed transportn\u00ed \u00fachyty, kter\u00e9 stabilizuj\u00ed n\u00e1klad a zabra\u0148uj\u00ed posunu nosi\u010de na vidlic\u00edch b\u011bhem j\u00edzdy. Ocelov\u00e1 paleta Manurack se skv\u011ble hod\u00ed pro p\u0159epravu r\u016fznorod\u00e9ho zbo\u017e\u00ed, kter\u00e9 d\u00edky distan\u010dn\u00edm trubk\u00e1m chr\u00e1n\u00ed p\u0159ed rozdrcen\u00edm. Cel\u00fd povrch je opat\u0159en vysoce kvalitn\u00edm polyuretanov\u00fdm lakem. Tento n\u00e1t\u011br p\u0159edstavuje \u00fa\u010dinnou antikorozn\u00ed ochranu, kter\u00e1 chr\u00e1n\u00ed ocel p\u0159ed vlhkost\u00ed a n\u00e1ro\u010dn\u00fdmi pr\u016fmyslov\u00fdmi podm\u00ednkami, co\u017e se prom\u00edt\u00e1 do dlouholet\u00e9 \u017eivotnosti v\u00fdrobku.   <\/p>\n","protected":false},"excerpt":{"rendered":"<p>Odoln\u00e1 ocelov\u00e1 paleta Manurack ve velk\u00e9 verzi, vyroben\u00e1 z uzav\u0159en\u00fdch profil\u016f. Umo\u017e\u0148uje vytv\u00e1\u0159en\u00ed mobiln\u00edch reg\u00e1l\u016f pomoc\u00ed mont\u00e1\u017ee op\u011brn\u00fdch trubek a stohov\u00e1n\u00ed. Chr\u00e1n\u011bna polyuretanovou barvou, ide\u00e1ln\u00ed pro optimalizaci skladov\u00e9ho prostoru a bezpe\u010dn\u00fd transport vysokozdvi\u017en\u00fdm voz\u00edkem.  <\/p>\n","protected":false},"featured_media":4418,"comment_status":"open","ping_status":"closed","template":"","meta":[],"product_brand":[],"product_cat":[499],"product_tag":[],"class_list":{"0":"post-4421","1":"product","2":"type-product","3":"status-publish","4":"has-post-thumbnail","6":"product_cat-sloupkove-palety","7":"product_shipping_class-kurier-490","9":"first","10":"instock","11":"taxable","12":"shipping-taxable","13":"purchasable","14":"product-type-simple"},"_links":{"self":[{"href":"https:\/\/shop.steel-containers.com\/cs\/wp-json\/wp\/v2\/product\/4421","targetHints":{"allow":["GET"]}}],"collection":[{"href":"https:\/\/shop.steel-containers.com\/cs\/wp-json\/wp\/v2\/product"}],"about":[{"href":"https:\/\/shop.steel-containers.com\/cs\/wp-json\/wp\/v2\/types\/product"}],"replies":[{"embeddable":true,"href":"https:\/\/shop.steel-containers.com\/cs\/wp-json\/wp\/v2\/comments?post=4421"}],"wp:featuredmedia":[{"embeddable":true,"href":"https:\/\/shop.steel-containers.com\/cs\/wp-json\/wp\/v2\/media\/4418"}],"wp:attachment":[{"href":"https:\/\/shop.steel-containers.com\/cs\/wp-json\/wp\/v2\/media?parent=4421"}],"wp:term":[{"taxonomy":"product_brand","embeddable":true,"href":"https:\/\/shop.steel-containers.com\/cs\/wp-json\/wp\/v2\/product_brand?post=4421"},{"taxonomy":"product_cat","embeddable":true,"href":"https:\/\/shop.steel-containers.com\/cs\/wp-json\/wp\/v2\/product_cat?post=4421"},{"taxonomy":"product_tag","embeddable":true,"href":"https:\/\/shop.steel-containers.com\/cs\/wp-json\/wp\/v2\/product_tag?post=4421"}],"curies":[{"name":"wp","href":"https:\/\/api.w.org\/{rel}","templated":true}]}}