{"id":4429,"date":"2026-01-22T09:34:00","date_gmt":"2026-01-22T08:34:00","guid":{"rendered":"https:\/\/shop.steel-containers.com\/produkt\/manurack-stohovatelna-ocelova-paleta\/"},"modified":"2026-01-22T09:34:00","modified_gmt":"2026-01-22T08:34:00","slug":"manurack-stohovatelna-ocelova-paleta","status":"publish","type":"product","link":"https:\/\/shop.steel-containers.com\/cs\/produkt\/manurack-stohovatelna-ocelova-paleta\/","title":{"rendered":"Manurack \u2013 stohovateln\u00e1 ocelov\u00e1 paleta"},"content":{"rendered":"<p><span style=\"font-family: 'din-next-w01-light', 'din-next-w02-light', 'din-next-w10-light', sans-serif; font-size: 16px;\">Manurack je ocelov\u00e1 paleta pln\u011b uzp\u016fsoben\u00e1 pro p\u0159epravu vysokozdvi\u017en\u00fdmi voz\u00edky. Je vyrobena z uzav\u0159en\u00fdch profil\u016f, co\u017e zaru\u010duje jej\u00ed mimo\u0159\u00e1dnou pevnost a odolnost. Z\u00e1kladna je vybavena transportn\u00edmi \u00fachyty, d\u00edky kter\u00fdm se nosi\u010d b\u011bhem p\u0159epravy na vidlic\u00edch neposouv\u00e1.<br \/>Modul\u00e1rn\u00ed reg\u00e1lov\u00fd syst\u00e9m V z\u00e1kladn\u011b se nach\u00e1zej\u00ed kulat\u00e9 patky a v horn\u00ed \u010d\u00e1sti otvory pro ocelov\u00e9 trubky. Po jejich instalaci lze palety snadno a rychle stohovat na sebe, \u010d\u00edm\u017e se zm\u011bn\u00ed v mobiln\u00ed skl\u00e1dac\u00ed reg\u00e1l. Tato konstrukce je ide\u00e1ln\u00edm \u0159e\u0161en\u00edm pro optimalizaci m\u00edsta ve v\u00fdrobn\u00edch hal\u00e1ch nebo skladech. Zaji\u0161\u0165uje lep\u0161\u00ed vyu\u017eit\u00ed prostoru, snadnou identifikaci zbo\u017e\u00ed a usnad\u0148uje p\u0159\u00edstup k n\u011bmu.          <\/span><\/p>\n","protected":false},"excerpt":{"rendered":"<p><strong>Ur\u010deno pro dopravu a skladov\u00e1n\u00ed<\/strong><\/p>\n","protected":false},"featured_media":576,"comment_status":"open","ping_status":"closed","template":"","meta":[],"product_brand":[],"product_cat":[499],"product_tag":[],"class_list":{"0":"post-4429","1":"product","2":"type-product","3":"status-publish","4":"has-post-thumbnail","6":"product_cat-sloupkove-palety","7":"product_shipping_class-kurier-450","9":"first","10":"instock","11":"taxable","12":"shipping-taxable","13":"purchasable","14":"product-type-simple"},"_links":{"self":[{"href":"https:\/\/shop.steel-containers.com\/cs\/wp-json\/wp\/v2\/product\/4429","targetHints":{"allow":["GET"]}}],"collection":[{"href":"https:\/\/shop.steel-containers.com\/cs\/wp-json\/wp\/v2\/product"}],"about":[{"href":"https:\/\/shop.steel-containers.com\/cs\/wp-json\/wp\/v2\/types\/product"}],"replies":[{"embeddable":true,"href":"https:\/\/shop.steel-containers.com\/cs\/wp-json\/wp\/v2\/comments?post=4429"}],"wp:featuredmedia":[{"embeddable":true,"href":"https:\/\/shop.steel-containers.com\/cs\/wp-json\/wp\/v2\/media\/576"}],"wp:attachment":[{"href":"https:\/\/shop.steel-containers.com\/cs\/wp-json\/wp\/v2\/media?parent=4429"}],"wp:term":[{"taxonomy":"product_brand","embeddable":true,"href":"https:\/\/shop.steel-containers.com\/cs\/wp-json\/wp\/v2\/product_brand?post=4429"},{"taxonomy":"product_cat","embeddable":true,"href":"https:\/\/shop.steel-containers.com\/cs\/wp-json\/wp\/v2\/product_cat?post=4429"},{"taxonomy":"product_tag","embeddable":true,"href":"https:\/\/shop.steel-containers.com\/cs\/wp-json\/wp\/v2\/product_tag?post=4429"}],"curies":[{"name":"wp","href":"https:\/\/api.w.org\/{rel}","templated":true}]}}