{"id":4460,"date":"2026-01-22T09:34:59","date_gmt":"2026-01-22T08:34:59","guid":{"rendered":"https:\/\/shop.steel-containers.com\/produkt\/mobilni-kontejner-pmmc-light-150\/"},"modified":"2026-01-22T09:34:59","modified_gmt":"2026-01-22T08:34:59","slug":"mobilni-kontejner-pmmc-light-150","status":"publish","type":"product","link":"https:\/\/shop.steel-containers.com\/cs\/produkt\/mobilni-kontejner-pmmc-light-150\/","title":{"rendered":"Mobiln\u00ed kontejner PMMC LIGHT 150"},"content":{"rendered":"<p>PMMC LIGHT 150 je lehk\u00fd a obratn\u00fd mobiln\u00ed kontejner navr\u017een\u00fd pro p\u0159epravu a do\u010dasn\u00e9 skladov\u00e1n\u00ed v\u00fdrobn\u00edho odpadu, \u0161rotu a sypk\u00fdch materi\u00e1l\u016f. Jeho kompaktn\u00ed rozm\u011bry v kombinaci s ergonomickou rukojet\u00ed a pojezdov\u00fdmi kole\u010dky zaji\u0161\u0165uj\u00ed, \u017ee se skv\u011ble hod\u00ed do m\u00edst s omezen\u00fdm manipula\u010dn\u00edm prostorem. <\/p>\n<p>N\u00e1levkovit\u00e1 konstrukce usnad\u0148uje vyprazd\u0148ov\u00e1n\u00ed obsahu a vhodn\u011b zvolen\u00e1 v\u00fd\u0161ka kontejneru umo\u017e\u0148uje komfortn\u00ed obsluhu bez nutnosti pou\u017eit\u00ed specializovan\u00fdch manipula\u010dn\u00edch za\u0159\u00edzen\u00ed. D\u00edky robustn\u00edmu proveden\u00ed a pou\u017eit\u00ed odoln\u00fdch materi\u00e1l\u016f je kontejner odoln\u00fd proti mechanick\u00e9mu po\u0161kozen\u00ed a uzp\u016fsoben pro pr\u00e1ci v pr\u016fmyslov\u00e9m prost\u0159ed\u00ed. <\/p>\n<p>Kontejner PMMC LIGHT 150, vyveden\u00fd v modr\u00e9 barv\u011b s v\u00fdrazn\u00fdmi v\u00fdstra\u017en\u00fdmi pruhy, spojuje funk\u010dnost s bezpe\u010dnost\u00ed pou\u017e\u00edv\u00e1n\u00ed.<\/p>\n","protected":false},"excerpt":{"rendered":"<p>PMMC LIGHT 150 je lehk\u00fd a obratn\u00fd mobiln\u00ed kontejner navr\u017een\u00fd pro p\u0159epravu a do\u010dasn\u00e9 skladov\u00e1n\u00ed v\u00fdrobn\u00edho odpadu, \u0161rotu a sypk\u00fdch materi\u00e1l\u016f. Jeho kompaktn\u00ed rozm\u011bry v kombinaci s ergonomickou rukojet\u00ed a pojezdov\u00fdmi kole\u010dky zaji\u0161\u0165uj\u00ed, \u017ee se skv\u011ble hod\u00ed do m\u00edst s omezen\u00fdm manipula\u010dn\u00edm prostorem. N\u00e1levkovit\u00e1 konstrukce usnad\u0148uje vyprazd\u0148ov\u00e1n\u00ed obsahu a vhodn\u011b zvolen\u00e1 v\u00fd\u0161ka kontejneru umo\u017e\u0148uje komfortn\u00ed [&hellip;]<\/p>\n","protected":false},"featured_media":4456,"comment_status":"open","ping_status":"closed","template":"","meta":[],"product_brand":[],"product_cat":[428],"product_tag":[],"class_list":{"0":"post-4460","1":"product","2":"type-product","3":"status-publish","4":"has-post-thumbnail","6":"product_cat-pmmc-light","7":"product_shipping_class-kurier-390","9":"first","10":"instock","11":"taxable","12":"shipping-taxable","13":"purchasable","14":"product-type-simple"},"_links":{"self":[{"href":"https:\/\/shop.steel-containers.com\/cs\/wp-json\/wp\/v2\/product\/4460","targetHints":{"allow":["GET"]}}],"collection":[{"href":"https:\/\/shop.steel-containers.com\/cs\/wp-json\/wp\/v2\/product"}],"about":[{"href":"https:\/\/shop.steel-containers.com\/cs\/wp-json\/wp\/v2\/types\/product"}],"replies":[{"embeddable":true,"href":"https:\/\/shop.steel-containers.com\/cs\/wp-json\/wp\/v2\/comments?post=4460"}],"wp:featuredmedia":[{"embeddable":true,"href":"https:\/\/shop.steel-containers.com\/cs\/wp-json\/wp\/v2\/media\/4456"}],"wp:attachment":[{"href":"https:\/\/shop.steel-containers.com\/cs\/wp-json\/wp\/v2\/media?parent=4460"}],"wp:term":[{"taxonomy":"product_brand","embeddable":true,"href":"https:\/\/shop.steel-containers.com\/cs\/wp-json\/wp\/v2\/product_brand?post=4460"},{"taxonomy":"product_cat","embeddable":true,"href":"https:\/\/shop.steel-containers.com\/cs\/wp-json\/wp\/v2\/product_cat?post=4460"},{"taxonomy":"product_tag","embeddable":true,"href":"https:\/\/shop.steel-containers.com\/cs\/wp-json\/wp\/v2\/product_tag?post=4460"}],"curies":[{"name":"wp","href":"https:\/\/api.w.org\/{rel}","templated":true}]}}