{"id":4529,"date":"2026-01-22T09:34:02","date_gmt":"2026-01-22T08:34:02","guid":{"rendered":"https:\/\/shop.steel-containers.com\/produkt\/kontejner-pro-otocne-vyklapece-model-pmpo-400\/"},"modified":"2026-01-22T09:34:02","modified_gmt":"2026-01-22T08:34:02","slug":"kontejner-pro-otocne-vyklapece-model-pmpo-400","status":"publish","type":"product","link":"https:\/\/shop.steel-containers.com\/cs\/produkt\/kontejner-pro-otocne-vyklapece-model-pmpo-400\/","title":{"rendered":"Kontejner pro oto\u010dn\u00e9 vykl\u00e1p\u011b\u010de \u2013 model PMPO 400"},"content":{"rendered":"<p data-path-to-node=\"12\">Kontejner pro oto\u010dn\u00e9 vykl\u00e1p\u011b\u010de model PMPO 400 je specializovan\u00fd, ni\u017e\u0161\u00ed kovov\u00fd z\u00e1sobn\u00edk navr\u017een\u00fd pro automatizovanou a rychlou vykl\u00e1dku zbo\u017e\u00ed. Tato konstrukce byla vyrobena s d\u016frazem na ka\u017ed\u00fd detail za pou\u017eit\u00ed odoln\u00e9ho oh\u00fdban\u00e9ho plechu o tlou\u0161\u0165ce 2 mm \u2013 jak v bo\u010dn\u00edch st\u011bn\u00e1ch, tak v z\u00e1kladn\u011b. D\u00edky pou\u017eit\u00ed technologie oboustrann\u00e9ho sva\u0159ov\u00e1n\u00ed se n\u00e1dr\u017e vyzna\u010duje v\u00fdjime\u010dnou tuhost\u00ed a odolnost\u00ed proti mechanick\u00e9mu po\u0161kozen\u00ed vypl\u00fdvaj\u00edc\u00edmu z ka\u017edodenn\u00ed pr\u00e1ce v pr\u016fmyslu.  <\/p>\n<h2 data-path-to-node=\"13\">Efektivn\u00ed rota\u010dn\u00ed vykl\u00e1dka<\/h2>\n<p data-path-to-node=\"14\">Hlavn\u00ed p\u0159ednost\u00ed modelu PMPO 400 je pln\u00e1 kompatibilita s vysokozdvi\u017en\u00fdmi voz\u00edky vybaven\u00fdmi oto\u010dn\u00fdm za\u0159\u00edzen\u00edm. Z\u00e1kladna kontejneru je konstruov\u00e1na po vzoru palety a m\u00e1 t\u0159i li\u017einy (skluzy) rozd\u011blen\u00e9 v polovin\u011b. Tato konstrukce zaji\u0161\u0165uje stabiln\u00ed oporu na vidlic\u00edch a umo\u017e\u0148uje bezpe\u010dn\u00e9 oto\u010den\u00ed kontejneru o 360 stup\u0148\u016f. To umo\u017e\u0148uje bleskov\u00e9 vypr\u00e1zdn\u011bn\u00ed obsahu prost\u0159ednictv\u00edm kontrolovan\u00e9ho n\u00e1klonu do strany, co\u017e v\u00fdrazn\u011b urychluje logistick\u00e9 procesy spojen\u00e9 se sypk\u00fdmi materi\u00e1ly, odpady nebo drobn\u00fdmi prvky.   <\/p>\n<h2 data-path-to-node=\"15\">Odoln\u00e1 konstrukce bez pohybliv\u00fdch prvk\u016f<\/h2>\n<p data-path-to-node=\"16\">Kontejner pro oto\u010dn\u00e9 vykl\u00e1p\u011b\u010de je z\u00e1sobn\u00edk s pevnou konstrukc\u00ed. Nem\u00e1 otev\u00edrac\u00ed bo\u010dnice, z\u00e1mky, p\u00e1ky ani \u017e\u00e1dn\u00e9 jin\u00e9 pohybliv\u00e9 prvky, kter\u00e9 jsou nej\u010dast\u011bj\u0161\u00ed p\u0159\u00ed\u010dinou poruch u standardn\u00edch sk\u0159\u00edn\u00ed. Absence mechanism\u016f \u010din\u00ed kontejner prakticky bez\u00fadr\u017ebov\u00fdm a mimo\u0159\u00e1dn\u011b odoln\u00fdm. Vykl\u00e1dka prob\u00edh\u00e1 v\u00fdhradn\u011b mechanicky (oto\u010den\u00edm) nebo ru\u010dn\u011b, co\u017e z tohoto modelu \u010din\u00ed spolehliv\u00fd n\u00e1stroj pro speci\u00e1ln\u00ed \u00fakoly.   <\/p>\n","protected":false},"excerpt":{"rendered":"<p>Solidn\u00ed kontejner pro oto\u010dn\u00e9 vykl\u00e1p\u011b\u010de PMPO 400 vyroben\u00fd z oh\u00fdban\u00e9ho plechu o tlou\u0161\u0165ce 2 mm. Oboustrann\u011b sva\u0159ovan\u00e1 konstrukce, zbaven\u00e1 pohybliv\u00fdch prvk\u016f. Vybavena li\u017einovou z\u00e1kladnou uzp\u016fsobenou pro vysokozdvi\u017en\u00e9 voz\u00edky s oto\u010dn\u00fdm za\u0159\u00edzen\u00edm (mo\u017enost vysyp\u00e1n\u00ed oto\u010den\u00edm o 360\u00b0).  <\/p>\n","protected":false},"featured_media":4527,"comment_status":"open","ping_status":"closed","template":"","meta":[],"product_brand":[],"product_cat":[464],"product_tag":[],"class_list":{"0":"post-4529","1":"product","2":"type-product","3":"status-publish","4":"has-post-thumbnail","6":"product_cat-pmpo","7":"product_shipping_class-kurier-390","9":"first","10":"instock","11":"taxable","12":"shipping-taxable","13":"purchasable","14":"product-type-simple"},"_links":{"self":[{"href":"https:\/\/shop.steel-containers.com\/cs\/wp-json\/wp\/v2\/product\/4529","targetHints":{"allow":["GET"]}}],"collection":[{"href":"https:\/\/shop.steel-containers.com\/cs\/wp-json\/wp\/v2\/product"}],"about":[{"href":"https:\/\/shop.steel-containers.com\/cs\/wp-json\/wp\/v2\/types\/product"}],"replies":[{"embeddable":true,"href":"https:\/\/shop.steel-containers.com\/cs\/wp-json\/wp\/v2\/comments?post=4529"}],"wp:featuredmedia":[{"embeddable":true,"href":"https:\/\/shop.steel-containers.com\/cs\/wp-json\/wp\/v2\/media\/4527"}],"wp:attachment":[{"href":"https:\/\/shop.steel-containers.com\/cs\/wp-json\/wp\/v2\/media?parent=4529"}],"wp:term":[{"taxonomy":"product_brand","embeddable":true,"href":"https:\/\/shop.steel-containers.com\/cs\/wp-json\/wp\/v2\/product_brand?post=4529"},{"taxonomy":"product_cat","embeddable":true,"href":"https:\/\/shop.steel-containers.com\/cs\/wp-json\/wp\/v2\/product_cat?post=4529"},{"taxonomy":"product_tag","embeddable":true,"href":"https:\/\/shop.steel-containers.com\/cs\/wp-json\/wp\/v2\/product_tag?post=4529"}],"curies":[{"name":"wp","href":"https:\/\/api.w.org\/{rel}","templated":true}]}}