{"id":4533,"date":"2026-01-22T09:34:02","date_gmt":"2026-01-22T08:34:02","guid":{"rendered":"https:\/\/shop.steel-containers.com\/produkt\/kontejner-pro-otocne-vyklapece-model-pmpo-200\/"},"modified":"2026-01-22T09:34:02","modified_gmt":"2026-01-22T08:34:02","slug":"kontejner-pro-otocne-vyklapece-model-pmpo-200","status":"publish","type":"product","link":"https:\/\/shop.steel-containers.com\/cs\/produkt\/kontejner-pro-otocne-vyklapece-model-pmpo-200\/","title":{"rendered":"Kontejner pro oto\u010dn\u00e9 vykl\u00e1p\u011b\u010de \u2013 model PMPO 200"},"content":{"rendered":"<p data-path-to-node=\"12\">Kontejner pro vykl\u00e1p\u011b\u010de model PMPO 200 je n\u00edzk\u00fd, specializovan\u00fd kovov\u00fd z\u00e1sobn\u00edk ur\u010den\u00fd pro manipulaci s n\u00e1klady o vysok\u00e9 hustot\u011b nebo men\u0161\u00edm objemu, kter\u00e9 vy\u017eaduj\u00ed mechanizovanou vykl\u00e1dku. Kontejner byl vyroben z vysoce kvalitn\u00edho oh\u00fdban\u00e9ho plechu o tlou\u0161\u0165ce 2 mm \u2013 tento parametr se t\u00fdk\u00e1 jak bo\u010dn\u00edch st\u011bn, tak dna. Cel\u00e1 konstrukce je spojena technologi\u00ed oboustrann\u00e9ho sva\u0159ov\u00e1n\u00ed, co\u017e zaji\u0161\u0165uje v\u00fdjime\u010dnou tuhost a odolnost proti deformac\u00edm, a to i p\u0159i intenzivn\u00edm pou\u017e\u00edv\u00e1n\u00ed v n\u00e1ro\u010dn\u00fdch pr\u016fmyslov\u00fdch podm\u00ednk\u00e1ch.  <\/p>\n<h2 data-path-to-node=\"13\">P\u0159izp\u016fsoben pro oto\u010den\u00ed o 360 stup\u0148\u016f<\/h2>\n<p data-path-to-node=\"14\">Tento model byl navr\u017een speci\u00e1ln\u011b pro spolupr\u00e1ci s vysokozdvi\u017en\u00fdmi voz\u00edky vybaven\u00fdmi oto\u010dn\u00fdm za\u0159\u00edzen\u00edm. Z\u00e1kladna ohradov\u00e9 palety m\u00e1 li\u017einovou konstrukci se t\u0159emi kolejnicemi rozd\u011blen\u00fdmi v polovin\u011b. Tato stavba zaru\u010duje pevn\u00fd a stabiln\u00ed \u00fachop vidlic, co\u017e umo\u017e\u0148uje bezpe\u010dn\u00e9 oto\u010den\u00ed kontejneru o 360 stup\u0148\u016f. D\u00edky tomu prob\u00edh\u00e1 vyprazd\u0148ov\u00e1n\u00ed obsahu (nap\u0159. v\u00fdrobn\u00edho odpadu, t\u0159\u00edsek, drobn\u00fdch d\u00edl\u016f) bleskov\u011b prost\u0159ednictv\u00edm kontrolovan\u00e9ho n\u00e1klonu do strany, bez nutnosti ru\u010dn\u00edho z\u00e1sahu pracovn\u00edka.   <\/p>\n<h2 data-path-to-node=\"15\">Odolnost d\u00edky jednoduch\u00e9 konstrukci<\/h2>\n<p data-path-to-node=\"16\">PMPO 200 je z\u00e1sobn\u00edk s pevnou (tuhou) konstrukc\u00ed. Nem\u00e1 \u017e\u00e1dn\u00e9 pohybliv\u00e9 prvky, jako jsou klapky, z\u00e1v\u011bsy nebo p\u00e1ky, kter\u00e9 jsou nejv\u00edce n\u00e1chyln\u00e9 k poruch\u00e1m. Absence otev\u00edrac\u00edch mechanism\u016f \u010din\u00ed kontejner prakticky bez\u00fadr\u017ebov\u00fdm a dlouhov\u011bk\u00fdm. Vykl\u00e1dka zbo\u017e\u00ed je mo\u017en\u00e1 v\u00fdhradn\u011b mechanicky (pomoc\u00ed oto\u010dn\u00e9ho za\u0159\u00edzen\u00ed) nebo ru\u010dn\u011b (odebr\u00e1n\u00edm zbo\u017e\u00ed shora), co\u017e z n\u011bj \u010din\u00ed spolehliv\u00e9 \u0159e\u0161en\u00ed v intern\u00ed logistice.   <\/p>\n","protected":false},"excerpt":{"rendered":"<p>Kompaktn\u00ed kontejner pro oto\u010dn\u00e9 vykl\u00e1p\u011b\u010de PMPO 200 s n\u00edzk\u00fdm profilem. Vyroben z oh\u00fdban\u00e9ho plechu o tlou\u0161\u0165ce 2 mm a oboustrann\u011b sva\u0159ovan\u00fd. Konstrukce bez pohybliv\u00fdch prvk\u016f, vybaven\u00e1 li\u017einovou z\u00e1kladnou. Umo\u017e\u0148uje rychlou vykl\u00e1dku oto\u010den\u00edm vysokozdvi\u017en\u00fdm voz\u00edkem o 360\u00b0.   <\/p>\n","protected":false},"featured_media":4527,"comment_status":"open","ping_status":"closed","template":"","meta":[],"product_brand":[],"product_cat":[464],"product_tag":[],"class_list":{"0":"post-4533","1":"product","2":"type-product","3":"status-publish","4":"has-post-thumbnail","6":"product_cat-pmpo","7":"product_shipping_class-kurier-390","9":"first","10":"instock","11":"taxable","12":"shipping-taxable","13":"purchasable","14":"product-type-simple"},"_links":{"self":[{"href":"https:\/\/shop.steel-containers.com\/cs\/wp-json\/wp\/v2\/product\/4533","targetHints":{"allow":["GET"]}}],"collection":[{"href":"https:\/\/shop.steel-containers.com\/cs\/wp-json\/wp\/v2\/product"}],"about":[{"href":"https:\/\/shop.steel-containers.com\/cs\/wp-json\/wp\/v2\/types\/product"}],"replies":[{"embeddable":true,"href":"https:\/\/shop.steel-containers.com\/cs\/wp-json\/wp\/v2\/comments?post=4533"}],"wp:featuredmedia":[{"embeddable":true,"href":"https:\/\/shop.steel-containers.com\/cs\/wp-json\/wp\/v2\/media\/4527"}],"wp:attachment":[{"href":"https:\/\/shop.steel-containers.com\/cs\/wp-json\/wp\/v2\/media?parent=4533"}],"wp:term":[{"taxonomy":"product_brand","embeddable":true,"href":"https:\/\/shop.steel-containers.com\/cs\/wp-json\/wp\/v2\/product_brand?post=4533"},{"taxonomy":"product_cat","embeddable":true,"href":"https:\/\/shop.steel-containers.com\/cs\/wp-json\/wp\/v2\/product_cat?post=4533"},{"taxonomy":"product_tag","embeddable":true,"href":"https:\/\/shop.steel-containers.com\/cs\/wp-json\/wp\/v2\/product_tag?post=4533"}],"curies":[{"name":"wp","href":"https:\/\/api.w.org\/{rel}","templated":true}]}}