{"id":4553,"date":"2026-01-22T09:35:00","date_gmt":"2026-01-22T08:35:00","guid":{"rendered":"https:\/\/shop.steel-containers.com\/produkt\/transportni-stojan-typu-t-model-ts250\/"},"modified":"2026-01-22T09:35:00","modified_gmt":"2026-01-22T08:35:00","slug":"transportni-stojan-typu-t-model-ts250","status":"publish","type":"product","link":"https:\/\/shop.steel-containers.com\/cs\/produkt\/transportni-stojan-typu-t-model-ts250\/","title":{"rendered":"Transportn\u00ed stojan typu T \u2013 Model TS250"},"content":{"rendered":"<p data-path-to-node=\"10\">Transportn\u00ed stojan typu T \u2013 Model TS250 je profesion\u00e1ln\u00ed, oboustrann\u00e9 logistick\u00e9 \u0159e\u0161en\u00ed navr\u017een\u00e9 speci\u00e1ln\u011b pro skladov\u00e1n\u00ed a p\u0159epravu oken, r\u00e1m\u016f, izola\u010dn\u00edch skel a n\u00e1bytkov\u00fdch desek. Model TS250 vynik\u00e1 na trhu v\u00fdjime\u010dnou stabilitou a promy\u0161len\u00fdm syst\u00e9mem zabezpe\u010den\u00ed, kter\u00fd chr\u00e1n\u00ed k\u0159ehk\u00e9 n\u00e1klady p\u0159ed po\u0161kozen\u00edm. <\/p>\n<h2 data-path-to-node=\"11\">Technick\u00e9 parametry a nosnost modelu TS250<\/h2>\n<p data-path-to-node=\"12\">Konstrukce modelu TS250 byla vyvinuta s ohledem na nejt\u011b\u017e\u0161\u00ed \u00fakoly. Z\u00e1klad tvo\u0159\u00ed pevn\u00fd ocelov\u00fd r\u00e1m, jeho\u017e vlastn\u00ed hmotnost \u010din\u00ed 165 kg. Masivn\u00ed konstrukce se prom\u00edt\u00e1 do p\u016fsobiv\u00e9 nosnosti \u2013 transportn\u00ed stojan typu T \u2013 Model TS250 umo\u017e\u0148uje bezpe\u010dnou p\u0159epravu n\u00e1klad\u016f o celkov\u00e9 hmotnosti a\u017e 2000 kg.  <\/p>\n<p data-path-to-node=\"13\">Rozm\u011bry stojanu byly optimalizov\u00e1ny tak, aby poskytovaly maxim\u00e1ln\u00ed lo\u017enou plochu p\u0159i zachov\u00e1n\u00ed mobility. Celkov\u00e1 a lo\u017en\u00e1 d\u00e9lka je 2500 mm. Celkov\u00e1 \u0161\u00ed\u0159ka z\u00e1kladny je 1200 mm, co\u017e d\u00e1v\u00e1 dva nez\u00e1visl\u00e9 lo\u017en\u00e9 prostory o hloubce 535 mm ka\u017ed\u00fd. Celkov\u00e1 v\u00fd\u0161ka konstrukce dosahuje 2700 mm, p\u0159i\u010dem\u017e efektivn\u00ed lo\u017en\u00e1 v\u00fd\u0161ka je 2500 mm, co\u017e umo\u017e\u0148uje p\u0159epravu i velmi vysok\u00e9ho prosklen\u00ed.   <\/p>\n<h2 data-path-to-node=\"14\">Ochrana n\u00e1kladu a \u017e\u00e1rov\u00e9 zinkov\u00e1n\u00ed<\/h2>\n<p data-path-to-node=\"15\">P\u0159i p\u0159eprav\u011b skla a lakovan\u00fdch profil\u016f je prioritou ochrana povrchu. Transportn\u00ed stojan typu T \u2013 Model TS250 je vybaven pokro\u010dil\u00fdm syst\u00e9mem t\u011bsn\u011bn\u00ed:<\/p>\n<ul data-path-to-node=\"16\">\n<li>\n<p data-path-to-node=\"16,0,0\">Komorov\u00e9 t\u011bsn\u011bn\u00ed na op\u011b\u0159e: Vertik\u00e1ln\u00ed profily r\u00e1mu, o kter\u00e9 se sklo op\u00edr\u00e1, jsou pokryty specializovan\u00fdm komorov\u00fdm t\u011bsn\u011bn\u00edm. Jeho \u00fakolem je tlumen\u00ed n\u00e1raz\u016f a vibrac\u00ed vznikaj\u00edc\u00edch b\u011bhem p\u0159epravy. <\/p>\n<\/li>\n<li>\n<p data-path-to-node=\"16,1,0\">Pln\u00e9 t\u011bsn\u011bn\u00ed na spodn\u00ed stran\u011b: Lo\u017en\u00e1 z\u00e1kladna je vylo\u017eena odoln\u00fdm pln\u00fdm t\u011bsn\u011bn\u00edm, kter\u00e9 zabra\u0148uje posouv\u00e1n\u00ed zbo\u017e\u00ed a chr\u00e1n\u00ed spodn\u00ed hrany r\u00e1m\u016f p\u0159ed od\u0161t\u00edpnut\u00edm.<\/p>\n<\/li>\n<\/ul>\n<p data-path-to-node=\"17\">Cel\u00e1 ocelov\u00e1 konstrukce pro\u0161la procesem \u017e\u00e1rov\u00e9ho zinkov\u00e1n\u00ed. Tento n\u00e1t\u011br zaru\u010duje v\u00edceletou odolnost proti korozi, mechanick\u00e9mu po\u0161kozen\u00ed a nep\u0159\u00edzniv\u00fdm pov\u011btrnostn\u00edm podm\u00ednk\u00e1m, d\u00edky \u010demu\u017e mohou b\u00fdt stojany skladov\u00e1ny venku. <\/p>\n<h3 data-path-to-node=\"18\">Mobilita a stabilizace<\/h3>\n<p data-path-to-node=\"19\">Skladov\u00e1 logistika vy\u017eaduje snadno ovladateln\u00e1 \u0159e\u0161en\u00ed. Model TS250 m\u00e1 vyhrazen\u00e9 \u00fachyty pro vysokozdvi\u017en\u00fd voz\u00edk (\u201eucha\u201c), kter\u00e9 umo\u017e\u0148uj\u00ed rychlou a bezpe\u010dnou nakl\u00e1dku cel\u00e9ho stojanu na n\u00e1v\u011bs n\u00e1kladn\u00edho automobilu nebo jeho p\u0159emis\u0165ov\u00e1n\u00ed po hale. Stabilitu konstrukce i p\u0159i pln\u00e9m zat\u00ed\u017een\u00ed zaji\u0161\u0165uj\u00ed 4 pevn\u00e9 nohy vybaven\u00e9 vzp\u011brami, kter\u00e9 eliminuj\u00ed riziko k\u00fdv\u00e1n\u00ed stojanu. Ka\u017ed\u00fd kus m\u00e1 tak\u00e9 identifika\u010dn\u00ed \u0161t\u00edtek s kl\u00ed\u010dov\u00fdmi technick\u00fdmi \u00fadaji.   <\/p>\n<h3 data-path-to-node=\"20\">Pou\u017eit\u00ed modelu TS250<\/h3>\n<p data-path-to-node=\"21\">Tento specializovan\u00fd stojan nach\u00e1z\u00ed uplatn\u011bn\u00ed v:<\/p>\n<ul data-path-to-node=\"22\">\n<li>\n<p data-path-to-node=\"22,0,0\">Tov\u00e1rn\u00e1ch na okna a dve\u0159e (vnit\u0159n\u00ed i vn\u011bj\u0161\u00ed p\u0159eprava).<\/p>\n<\/li>\n<li>\n<p data-path-to-node=\"22,1,0\">Velkoobchodech se sklem a zrcadly.<\/p>\n<\/li>\n<li>\n<p data-path-to-node=\"22,2,0\">Stavebn\u00edch firm\u00e1ch (p\u0159eprava na staveni\u0161t\u011b).<\/p>\n<\/li>\n<li>\n<p data-path-to-node=\"22,3,0\">Skladech n\u00e1bytkov\u00fdch desek a kamenick\u00fdch d\u00edln\u00e1ch.<\/p>\n<\/li>\n<\/ul>\n<p><a href=\"https:\/\/shop.steel-containers.com\/contact-us\/\">Vy\u017e\u00e1dejte si cenovou nab\u00eddku<\/a><\/p>\n","protected":false},"excerpt":{"rendered":"<p data-path-to-node=\"34\">Dbejte na bezpe\u010dnost n\u00e1klad\u016f s profesion\u00e1ln\u00edm Transportn\u00edm stojanem typu T \u2013 Modelem TS250. Jedn\u00e1 se o oboustrannou, pozinkovanou konstrukci o nosnosti 2000 kg, ur\u010denou pro p\u0159epravu oken, skel a desek. <\/p>\n<p data-path-to-node=\"35\"><b>Kl\u00ed\u010dov\u00e9 vlastnosti modelu TS250:<\/b><\/p>\n<ul data-path-to-node=\"36\">\n<li>\n<p data-path-to-node=\"36,0,0\">Velk\u00fd prostor: D\u00e9lka 2500 mm, lo\u017en\u00e1 v\u00fd\u0161ka 2500 mm.<\/p>\n<\/li>\n<li>\n<p data-path-to-node=\"36,1,0\">Ochrana: Komorov\u00e1 a pln\u00e1 t\u011bsn\u011bn\u00ed chr\u00e1n\u00ed zbo\u017e\u00ed p\u0159ed po\u0161kr\u00e1b\u00e1n\u00edm.<\/p>\n<\/li>\n<li>\n<p data-path-to-node=\"36,2,0\">Transport: \u00dachyty p\u0159izp\u016fsoben\u00e9 pro vysokozdvi\u017en\u00fd voz\u00edk.<\/p>\n<\/li>\n<li>\n<p data-path-to-node=\"36,3,0\">Odolnost: Antikorozn\u00ed ochrana (\u017e\u00e1rov\u00fd zinek).<\/p>\n<\/li>\n<li>\n<p data-path-to-node=\"36,4,0\">Stabilita: 4 nohy se vzp\u011brami a vlastn\u00ed hmotnost 165 kg.<\/p>\n<\/li>\n<\/ul>\n<p data-path-to-node=\"37\">Ide\u00e1ln\u00ed \u0159e\u0161en\u00ed pro v\u00fdrobce stavebn\u00edho truhl\u00e1\u0159stv\u00ed a logistick\u00e9 firmy.<\/p>\n","protected":false},"featured_media":5574,"comment_status":"open","ping_status":"closed","template":"","meta":[],"product_brand":[],"product_cat":[380],"product_tag":[],"class_list":{"0":"post-4553","1":"product","2":"type-product","3":"status-publish","4":"has-post-thumbnail","6":"product_cat-transportni-stojany-typu-t","8":"first","9":"instock","10":"taxable","11":"shipping-taxable","12":"product-type-simple"},"_links":{"self":[{"href":"https:\/\/shop.steel-containers.com\/cs\/wp-json\/wp\/v2\/product\/4553","targetHints":{"allow":["GET"]}}],"collection":[{"href":"https:\/\/shop.steel-containers.com\/cs\/wp-json\/wp\/v2\/product"}],"about":[{"href":"https:\/\/shop.steel-containers.com\/cs\/wp-json\/wp\/v2\/types\/product"}],"replies":[{"embeddable":true,"href":"https:\/\/shop.steel-containers.com\/cs\/wp-json\/wp\/v2\/comments?post=4553"}],"wp:featuredmedia":[{"embeddable":true,"href":"https:\/\/shop.steel-containers.com\/cs\/wp-json\/wp\/v2\/media\/5574"}],"wp:attachment":[{"href":"https:\/\/shop.steel-containers.com\/cs\/wp-json\/wp\/v2\/media?parent=4553"}],"wp:term":[{"taxonomy":"product_brand","embeddable":true,"href":"https:\/\/shop.steel-containers.com\/cs\/wp-json\/wp\/v2\/product_brand?post=4553"},{"taxonomy":"product_cat","embeddable":true,"href":"https:\/\/shop.steel-containers.com\/cs\/wp-json\/wp\/v2\/product_cat?post=4553"},{"taxonomy":"product_tag","embeddable":true,"href":"https:\/\/shop.steel-containers.com\/cs\/wp-json\/wp\/v2\/product_tag?post=4553"}],"curies":[{"name":"wp","href":"https:\/\/api.w.org\/{rel}","templated":true}]}}