{"id":4565,"date":"2026-01-22T09:33:19","date_gmt":"2026-01-22T08:33:19","guid":{"rendered":"https:\/\/shop.steel-containers.com\/produkt\/skladovy-stojan\/"},"modified":"2026-01-22T09:33:19","modified_gmt":"2026-01-22T08:33:19","slug":"skladovy-stojan","status":"publish","type":"product","link":"https:\/\/shop.steel-containers.com\/cs\/produkt\/skladovy-stojan\/","title":{"rendered":"Skladov\u00fd stojan"},"content":{"rendered":"<p>Skladov\u00fd stojan je konstrukce vyroben\u00e1 z ocelov\u00fdch profil\u016f. Je oboustrann\u00fd a velmi stabiln\u00ed. V bo\u010dn\u00edch \u010d\u00e1stech je vybaven velk\u00fdmi \u00fachyty pro snadn\u011bj\u0161\u00ed man\u00e9vrov\u00e1n\u00ed. Existuje mo\u017enost p\u0159i\u0161roubov\u00e1n\u00ed kole\u010dek k n\u011bmu, aby jej bylo mo\u017en\u00e9 p\u0159emis\u0165ovat bez pou\u017eit\u00ed dal\u0161\u00edho vybaven\u00ed. Jeho \u00fakolem je bezpe\u010dn\u00e1 p\u0159eprava a skladov\u00e1n\u00ed zbo\u017e\u00ed. Celou konstrukci je mo\u017en\u00e9 oblo\u017eit d\u0159ev\u011bn\u00fdmi deskami montovan\u00fdmi ke stojanu pomoc\u00ed \u0161roub\u016f. D\u00edky tomu je v p\u0159\u00edpad\u011b nutnosti jejich v\u00fdm\u011bny nebo p\u0159\u00e1n\u00ed demont\u00e1\u017ee proces rychl\u00fd a efektivn\u00ed. Konstrukce byla dokon\u010dena polyuretanovou barvou, kter\u00e1 tvo\u0159\u00ed antikorozn\u00ed ochranu.<\/p>\n","protected":false},"excerpt":{"rendered":"<p><strong>Ur\u010deno pro dopravu a skladov\u00e1n\u00ed<\/strong><\/p>\n","protected":false},"featured_media":443,"comment_status":"open","ping_status":"closed","template":"","meta":[],"product_brand":[],"product_cat":[376],"product_tag":[],"class_list":{"0":"post-4565","1":"product","2":"type-product","3":"status-publish","4":"has-post-thumbnail","6":"product_cat-skladove-stojany","7":"product_shipping_class-kurier-450","9":"first","10":"instock","11":"taxable","12":"shipping-taxable","13":"purchasable","14":"product-type-simple"},"_links":{"self":[{"href":"https:\/\/shop.steel-containers.com\/cs\/wp-json\/wp\/v2\/product\/4565","targetHints":{"allow":["GET"]}}],"collection":[{"href":"https:\/\/shop.steel-containers.com\/cs\/wp-json\/wp\/v2\/product"}],"about":[{"href":"https:\/\/shop.steel-containers.com\/cs\/wp-json\/wp\/v2\/types\/product"}],"replies":[{"embeddable":true,"href":"https:\/\/shop.steel-containers.com\/cs\/wp-json\/wp\/v2\/comments?post=4565"}],"wp:featuredmedia":[{"embeddable":true,"href":"https:\/\/shop.steel-containers.com\/cs\/wp-json\/wp\/v2\/media\/443"}],"wp:attachment":[{"href":"https:\/\/shop.steel-containers.com\/cs\/wp-json\/wp\/v2\/media?parent=4565"}],"wp:term":[{"taxonomy":"product_brand","embeddable":true,"href":"https:\/\/shop.steel-containers.com\/cs\/wp-json\/wp\/v2\/product_brand?post=4565"},{"taxonomy":"product_cat","embeddable":true,"href":"https:\/\/shop.steel-containers.com\/cs\/wp-json\/wp\/v2\/product_cat?post=4565"},{"taxonomy":"product_tag","embeddable":true,"href":"https:\/\/shop.steel-containers.com\/cs\/wp-json\/wp\/v2\/product_tag?post=4565"}],"curies":[{"name":"wp","href":"https:\/\/api.w.org\/{rel}","templated":true}]}}