{"id":4569,"date":"2026-01-22T09:33:59","date_gmt":"2026-01-22T08:33:59","guid":{"rendered":"https:\/\/shop.steel-containers.com\/produkt\/stojan-na-kamen-tpm\/"},"modified":"2026-01-22T09:33:59","modified_gmt":"2026-01-22T08:33:59","slug":"stojan-na-kamen-tpm","status":"publish","type":"product","link":"https:\/\/shop.steel-containers.com\/cs\/produkt\/stojan-na-kamen-tpm\/","title":{"rendered":"Stojan na k\u00e1men TPM"},"content":{"rendered":"<p>Stojan na k\u00e1men TPM je solidn\u00ed konstrukce slou\u017e\u00edc\u00ed k uskladn\u011bn\u00ed kamenn\u00fdch desek. Skl\u00e1d\u00e1 se ze 2 ocelov\u00fdch li\u0161t o d\u00e9lce 3000 mm. V ka\u017ed\u00e9 z nich se nach\u00e1z\u00ed 41 otvor\u016f. Ty slou\u017e\u00ed k mont\u00e1\u017ei sloupk\u016f, kter\u00fdch je v sad\u011b celkem 16 ks. V\u0161echny jsou vyrobeny z profilu 60x60x3 a jsou vysok\u00e9 1500 mm. Dodate\u010dnou v\u00fdhodou je nakl\u00e1n\u011bn\u00ed podp\u011br pod m\u00edrn\u00fdm \u00fahlem spolu se skladovan\u00fdm zbo\u017e\u00edm. Podp\u00edraj\u00ed tak celou plochu desek, co\u017e minimalizuje riziko prask\u00e1n\u00ed desek nebo jejich deformace. V\u0161echny prvky jsou antikorozn\u011b chr\u00e1n\u011bny procesem \u017e\u00e1rov\u00e9ho zinkov\u00e1n\u00ed, co\u017e zaji\u0161\u0165uje odolnost a dlouholet\u00e9 pou\u017e\u00edv\u00e1n\u00ed.       <\/p>\n","protected":false},"excerpt":{"rendered":"<p>Stojan na k\u00e1men TPM<\/p>\n","protected":false},"featured_media":4570,"comment_status":"open","ping_status":"closed","template":"","meta":[],"product_brand":[],"product_cat":[376],"product_tag":[],"class_list":{"0":"post-4569","1":"product","2":"type-product","3":"status-publish","4":"has-post-thumbnail","6":"product_cat-skladove-stojany","7":"product_shipping_class-kurier-690","9":"first","10":"instock","11":"taxable","12":"shipping-taxable","13":"purchasable","14":"product-type-simple"},"_links":{"self":[{"href":"https:\/\/shop.steel-containers.com\/cs\/wp-json\/wp\/v2\/product\/4569","targetHints":{"allow":["GET"]}}],"collection":[{"href":"https:\/\/shop.steel-containers.com\/cs\/wp-json\/wp\/v2\/product"}],"about":[{"href":"https:\/\/shop.steel-containers.com\/cs\/wp-json\/wp\/v2\/types\/product"}],"replies":[{"embeddable":true,"href":"https:\/\/shop.steel-containers.com\/cs\/wp-json\/wp\/v2\/comments?post=4569"}],"wp:featuredmedia":[{"embeddable":true,"href":"https:\/\/shop.steel-containers.com\/cs\/wp-json\/wp\/v2\/media\/4570"}],"wp:attachment":[{"href":"https:\/\/shop.steel-containers.com\/cs\/wp-json\/wp\/v2\/media?parent=4569"}],"wp:term":[{"taxonomy":"product_brand","embeddable":true,"href":"https:\/\/shop.steel-containers.com\/cs\/wp-json\/wp\/v2\/product_brand?post=4569"},{"taxonomy":"product_cat","embeddable":true,"href":"https:\/\/shop.steel-containers.com\/cs\/wp-json\/wp\/v2\/product_cat?post=4569"},{"taxonomy":"product_tag","embeddable":true,"href":"https:\/\/shop.steel-containers.com\/cs\/wp-json\/wp\/v2\/product_tag?post=4569"}],"curies":[{"name":"wp","href":"https:\/\/api.w.org\/{rel}","templated":true}]}}