{"id":4583,"date":"2026-01-22T09:34:01","date_gmt":"2026-01-22T08:34:01","guid":{"rendered":"https:\/\/shop.steel-containers.com\/produkt\/kovova-ohradova-paleta-model-pmpl\/"},"modified":"2026-01-22T09:34:01","modified_gmt":"2026-01-22T08:34:01","slug":"kovova-ohradova-paleta-model-pmpl","status":"publish","type":"product","link":"https:\/\/shop.steel-containers.com\/cs\/produkt\/kovova-ohradova-paleta-model-pmpl\/","title":{"rendered":"Kovov\u00e1 ohradov\u00e1 paleta model PMPL"},"content":{"rendered":"<p data-path-to-node=\"12\">Kovov\u00e1 ohradov\u00e1 paleta model PMPL je specializovan\u00fd skladov\u00fd kontejner navr\u017een\u00fd pro u\u017eivatele vy\u017eaduj\u00edc\u00ed maxim\u00e1ln\u00ed p\u0159\u00edstup k ulo\u017een\u00e9mu n\u00e1kladu. Konstrukce kontejneru je zalo\u017eena na pevn\u00e9m oh\u00fdban\u00e9m plechu o tlou\u0161\u0165ce 2 mm (jak ve st\u011bn\u00e1ch, tak v z\u00e1kladn\u011b). Mimo\u0159\u00e1dnou odolnost a tuhost zaru\u010duje technologie oboustrann\u00e9ho sva\u0159ov\u00e1n\u00ed, d\u00edky \u010demu\u017e kontejner dokonale sn\u00e1\u0161\u00ed \u00fatrapy intenzivn\u00edho pou\u017e\u00edv\u00e1n\u00ed v pr\u016fmyslov\u00fdch podm\u00ednk\u00e1ch a zaji\u0161\u0165uje bezpe\u010dnost skladovan\u00e9ho zbo\u017e\u00ed.  <\/p>\n<h2 data-path-to-node=\"13\">Zcela otev\u00edrateln\u00e1 st\u011bna \u2013 pln\u00fd p\u0159\u00edstup<\/h2>\n<p data-path-to-node=\"14\">Nejd\u016fle\u017eit\u011bj\u0161\u00ed p\u0159ednost\u00ed modelu PMPL je unik\u00e1tn\u00ed syst\u00e9m p\u0159\u00edstupu. Jedna z del\u0161\u00edch st\u011bn je otev\u00edrateln\u00e1 vcelku, v syst\u00e9mu zdola nahoru. Toto \u0159e\u0161en\u00ed eliminuje bari\u00e9ry b\u011bhem nakl\u00e1dky a vykl\u00e1dky a umo\u017e\u0148uje volnou manipulaci i se zbo\u017e\u00edm velk\u00fdch rozm\u011br\u016f nebo atypick\u00fdch tvar\u016f. Pln\u00e9 otev\u0159en\u00ed boku \u010din\u00ed z ohradov\u00e9 palety mimo\u0159\u00e1dn\u011b ergonomick\u00fd pracovn\u00ed n\u00e1stroj, kter\u00fd v\u00fdrazn\u011b urychluje logistick\u00e9 procesy.   <\/p>\n<h2 data-path-to-node=\"15\">Uniwersalno\u015b\u0107 w transporcie i sk\u0142adowaniu<\/h2>\n<p data-path-to-node=\"16\">Kontejner byl uzp\u016fsoben pro obsluhu r\u016fzn\u00fdmi za\u0159\u00edzen\u00edmi vnitropodnikov\u00e9 dopravy. D\u00edky vhodn\u011b navr\u017een\u00fdm patk\u00e1m v z\u00e1kladn\u011b m\u016f\u017ee b\u00fdt n\u00e1dr\u017e p\u0159emis\u0165ov\u00e1na jak vysokozdvi\u017en\u00fdmi voz\u00edky, tak ru\u010dn\u00edmi paletov\u00fdmi voz\u00edky (\u201epale\u0165\u00e1ky\u201c). Nav\u00edc jsou na horn\u00edm okraji um\u00edst\u011bny zes\u00edlen\u00e9 rohy (kalichy) s otvory. Ty umo\u017e\u0148uj\u00ed p\u0159epravu kontejneru pomoc\u00ed je\u0159\u00e1bu nebo mostov\u00e9ho je\u0159\u00e1bu a dovoluj\u00ed bezpe\u010dn\u00e9 stohov\u00e1n\u00ed beden na sebe, co\u017e \u0161et\u0159\u00ed cenn\u00fd skladov\u00fd prostor.   <\/p>\n","protected":false},"excerpt":{"rendered":"<p>Profesion\u00e1ln\u00ed kovov\u00e1 ohradov\u00e1 paleta PMPL vyroben\u00e1 z oh\u00fdban\u00e9ho plechu 2 mm. Vyzna\u010duje se zcela otev\u00edratelnou del\u0161\u00ed st\u011bnou (syst\u00e9m zdola nahoru). Oboustrann\u011b sva\u0159ovan\u00e1 konstrukce, vybaven\u00e1 rohy pro je\u0159\u00e1b a patkami pro paletov\u00fd voz\u00edk. Mo\u017enost bezpe\u010dn\u00e9ho stohov\u00e1n\u00ed.   <\/p>\n","protected":false},"featured_media":625,"comment_status":"open","ping_status":"closed","template":"","meta":[],"product_brand":[],"product_cat":[470],"product_tag":[],"class_list":{"0":"post-4583","1":"product","2":"type-product","3":"status-publish","4":"has-post-thumbnail","6":"product_cat-pmpl","7":"product_shipping_class-kurier-390","9":"first","10":"instock","11":"taxable","12":"shipping-taxable","13":"purchasable","14":"product-type-simple"},"_links":{"self":[{"href":"https:\/\/shop.steel-containers.com\/cs\/wp-json\/wp\/v2\/product\/4583","targetHints":{"allow":["GET"]}}],"collection":[{"href":"https:\/\/shop.steel-containers.com\/cs\/wp-json\/wp\/v2\/product"}],"about":[{"href":"https:\/\/shop.steel-containers.com\/cs\/wp-json\/wp\/v2\/types\/product"}],"replies":[{"embeddable":true,"href":"https:\/\/shop.steel-containers.com\/cs\/wp-json\/wp\/v2\/comments?post=4583"}],"wp:featuredmedia":[{"embeddable":true,"href":"https:\/\/shop.steel-containers.com\/cs\/wp-json\/wp\/v2\/media\/625"}],"wp:attachment":[{"href":"https:\/\/shop.steel-containers.com\/cs\/wp-json\/wp\/v2\/media?parent=4583"}],"wp:term":[{"taxonomy":"product_brand","embeddable":true,"href":"https:\/\/shop.steel-containers.com\/cs\/wp-json\/wp\/v2\/product_brand?post=4583"},{"taxonomy":"product_cat","embeddable":true,"href":"https:\/\/shop.steel-containers.com\/cs\/wp-json\/wp\/v2\/product_cat?post=4583"},{"taxonomy":"product_tag","embeddable":true,"href":"https:\/\/shop.steel-containers.com\/cs\/wp-json\/wp\/v2\/product_tag?post=4583"}],"curies":[{"name":"wp","href":"https:\/\/api.w.org\/{rel}","templated":true}]}}