{"id":1988,"date":"2026-01-23T14:28:48","date_gmt":"2026-01-23T13:28:48","guid":{"rendered":"https:\/\/shop.steel-containers.com\/?page_id=1988"},"modified":"2026-04-22T10:13:34","modified_gmt":"2026-04-22T08:13:34","slug":"impressum","status":"publish","type":"page","link":"https:\/\/shop.steel-containers.com\/de\/impressum\/","title":{"rendered":"Impressum"},"content":{"rendered":"\n<h2 class=\"wp-block-heading\"><strong>Impressum<\/strong><\/h2>\n\n\n\n<h3 class=\"wp-block-heading\"><strong>Angaben zum Anbieter<\/strong><\/h3>\n\n\n\n<p>WIM Micha\u0142 Olejarz<br>Einzelunternehmen<\/p>\n\n\n\n<p>Rondo Ignacego Daszy\u0144skiego 2B<br>00-843 Warschau<br>Polen<\/p>\n\n\n\n<p>Bartk\u00f3w 71a<br>26-050 Bartk\u00f3w<br>Polska<br>(Lager)<\/p>\n\n\n\n<hr class=\"wp-block-separator has-alpha-channel-opacity\"\/>\n\n\n\n<h3 class=\"wp-block-heading\"><strong>Kontakt<\/strong><\/h3>\n\n\n\n<p>E-Mail: <strong><a>sales@steel-containers.com<\/a><\/strong><br>Telefon: <strong>+48 <a href=\"tel:+48602678859\" target=\"_blank\" rel=\"noreferrer noopener\">602 678 859<\/a><\/strong><\/p>\n\n\n\n<hr class=\"wp-block-separator has-alpha-channel-opacity\"\/>\n\n\n\n<h3 class=\"wp-block-heading\"><strong>Unternehmensregistrierung<\/strong><\/h3>\n\n\n\n<p>Einzelunternehmen, eingetragen im<br><strong>Zentralen Gewerberegister der Republik Polen (CEIDG \u2013 Centralna Ewidencja i Informacja o Dzia\u0142alno\u015bci Gospodarczej)<\/strong><br>Zust\u00e4ndige Registrierungsbeh\u00f6rde: Minister f\u00fcr Wirtschaft der Republik Polen<\/p>\n\n\n\n<hr class=\"wp-block-separator has-alpha-channel-opacity\"\/>\n\n\n\n<h3 class=\"wp-block-heading\"><strong>Umsatzsteuer-Identifikationsnummer<\/strong><\/h3>\n\n\n\n<p>USt-IdNr. gem\u00e4\u00df \u00a727a UStG: <strong>PL6572571770<\/strong><\/p>\n\n\n\n<hr class=\"wp-block-separator has-alpha-channel-opacity\"\/>\n\n\n\n<h3 class=\"wp-block-heading\"><strong>Haftung f\u00fcr Inhalte<\/strong><\/h3>\n\n\n\n<p>Als Diensteanbieter sind wir gem\u00e4\u00df den allgemeinen gesetzlichen Bestimmungen f\u00fcr eigene Inhalte auf diesen Seiten verantwortlich. F\u00fcr die Inhalte externer Websites, auf die wir durch direkte oder indirekte Verlinkungen verweisen, \u00fcbernehmen wir keine Haftung, sofern wir zum Zeitpunkt der Verlinkung keine Kenntnis von rechtswidrigen Inhalten hatten.<\/p>\n\n\n\n<hr class=\"wp-block-separator has-alpha-channel-opacity\"\/>\n\n\n\n<h3 class=\"wp-block-heading\"><strong>Urheberrecht<\/strong><\/h3>\n\n\n\n<p>Die durch den Seitenbetreiber erstellten Inhalte, Texte, Bilder und Grafiken auf dieser Website unterliegen dem Urheberrecht. Jede Vervielf\u00e4ltigung, Bearbeitung, Verbreitung oder sonstige Nutzung au\u00dferhalb der Grenzen des Urheberrechts bedarf der vorherigen schriftlichen Zustimmung des Rechteinhabers.<\/p>\n\n\n\n<hr class=\"wp-block-separator has-alpha-channel-opacity\"\/>\n\n\n\n<h3 class=\"wp-block-heading\"><strong>Geltungsbereich<\/strong><\/h3>\n\n\n\n<p>Dieses Impressum gilt f\u00fcr die Website <strong>shop.steel-containers.com<\/strong>.<\/p>\n","protected":false},"excerpt":{"rendered":"<p>Impressum Angaben zum Anbieter WIM Micha\u0142 OlejarzEinzelunternehmen Rondo Ignacego Daszy\u0144skiego 2B00-843 WarschauPolen Bartk\u00f3w 71a26-050 Bartk\u00f3wPolska(Lager) Kontakt E-Mail: sales@steel-containers.comTelefon: +48 602 678 859 Unternehmensregistrierung Einzelunternehmen, eingetragen imZentralen Gewerberegister der Republik Polen (CEIDG \u2013 Centralna Ewidencja i Informacja o Dzia\u0142alno\u015bci Gospodarczej)Zust\u00e4ndige Registrierungsbeh\u00f6rde: Minister f\u00fcr Wirtschaft der Republik Polen Umsatzsteuer-Identifikationsnummer USt-IdNr. gem\u00e4\u00df \u00a727a UStG: PL6572571770 Haftung f\u00fcr Inhalte [&hellip;]<\/p>\n","protected":false},"author":1,"featured_media":0,"parent":0,"menu_order":0,"comment_status":"closed","ping_status":"closed","template":"no-title","meta":{"footnotes":""},"class_list":["post-1988","page","type-page","status-publish","hentry"],"_links":{"self":[{"href":"https:\/\/shop.steel-containers.com\/de\/wp-json\/wp\/v2\/pages\/1988","targetHints":{"allow":["GET"]}}],"collection":[{"href":"https:\/\/shop.steel-containers.com\/de\/wp-json\/wp\/v2\/pages"}],"about":[{"href":"https:\/\/shop.steel-containers.com\/de\/wp-json\/wp\/v2\/types\/page"}],"author":[{"embeddable":true,"href":"https:\/\/shop.steel-containers.com\/de\/wp-json\/wp\/v2\/users\/1"}],"replies":[{"embeddable":true,"href":"https:\/\/shop.steel-containers.com\/de\/wp-json\/wp\/v2\/comments?post=1988"}],"version-history":[{"count":3,"href":"https:\/\/shop.steel-containers.com\/de\/wp-json\/wp\/v2\/pages\/1988\/revisions"}],"predecessor-version":[{"id":5713,"href":"https:\/\/shop.steel-containers.com\/de\/wp-json\/wp\/v2\/pages\/1988\/revisions\/5713"}],"wp:attachment":[{"href":"https:\/\/shop.steel-containers.com\/de\/wp-json\/wp\/v2\/media?parent=1988"}],"curies":[{"name":"wp","href":"https:\/\/api.w.org\/{rel}","templated":true}]}}