{"id":4632,"date":"2026-01-30T11:08:27","date_gmt":"2026-01-30T10:08:27","guid":{"rendered":"https:\/\/shop.steel-containers.com\/kontaktieren-sie-uns\/"},"modified":"2026-04-22T09:26:42","modified_gmt":"2026-04-22T07:26:42","slug":"kontaktieren-sie-uns","status":"publish","type":"page","link":"https:\/\/shop.steel-containers.com\/de\/kontaktieren-sie-uns\/","title":{"rendered":"Kontaktieren Sie uns"},"content":{"rendered":"\n<div class=\"wp-block-columns alignfull are-vertically-aligned-center is-layout-flex wp-container-core-columns-is-layout-28f84493 wp-block-columns-is-layout-flex\">\n<div class=\"wp-block-column is-vertically-aligned-center is-layout-flow wp-block-column-is-layout-flow\">\n<div class=\"wp-block-cover\"><img decoding=\"async\" width=\"2560\" height=\"1439\" class=\"wp-block-cover__image-background wp-image-2746\" alt=\"\" src=\"https:\/\/shop.steel-containers.com\/wp-content\/uploads\/2026\/01\/ty-feague-gnDbEnWFMWs-unsplash-edited-scaled.jpg\" data-object-fit=\"cover\" srcset=\"https:\/\/shop.steel-containers.com\/wp-content\/uploads\/2026\/01\/ty-feague-gnDbEnWFMWs-unsplash-edited-scaled.jpg 2560w, https:\/\/shop.steel-containers.com\/wp-content\/uploads\/2026\/01\/ty-feague-gnDbEnWFMWs-unsplash-edited-300x169.jpg 300w, https:\/\/shop.steel-containers.com\/wp-content\/uploads\/2026\/01\/ty-feague-gnDbEnWFMWs-unsplash-edited-1024x576.jpg 1024w, https:\/\/shop.steel-containers.com\/wp-content\/uploads\/2026\/01\/ty-feague-gnDbEnWFMWs-unsplash-edited-768x432.jpg 768w, https:\/\/shop.steel-containers.com\/wp-content\/uploads\/2026\/01\/ty-feague-gnDbEnWFMWs-unsplash-edited-1536x864.jpg 1536w, https:\/\/shop.steel-containers.com\/wp-content\/uploads\/2026\/01\/ty-feague-gnDbEnWFMWs-unsplash-edited-2048x1151.jpg 2048w, https:\/\/shop.steel-containers.com\/wp-content\/uploads\/2026\/01\/ty-feague-gnDbEnWFMWs-unsplash-edited-600x337.jpg 600w\" sizes=\"(max-width: 2560px) 100vw, 2560px\" \/><span aria-hidden=\"true\" class=\"wp-block-cover__background has-background-dim\"><\/span><div class=\"wp-block-cover__inner-container is-layout-flow wp-block-cover-is-layout-flow\">\n<p class=\"has-text-align-center has-large-font-size\"><\/p>\n<\/div><\/div>\n<\/div>\n<\/div>\n\n<div class=\"wp-block-columns alignwide is-layout-flex wp-container-core-columns-is-layout-28f84493 wp-block-columns-is-layout-flex\">\n<div class=\"wp-block-column is-vertically-aligned-center is-layout-flow wp-block-column-is-layout-flow\">\n<p><strong>Haben Sie noch Fragen oder ben\u00f6tigen Sie weitere Informationen zu unseren Dienstleistungen?<\/strong> Unser Support-Team steht Ihnen gerne zur Verf\u00fcgung und versorgt Sie mit allen Informationen, die Sie f\u00fcr eine fundierte Entscheidung ben\u00f6tigen. Wir legen Wert auf transparente Kommunikation und schnelle Reaktionszeiten, damit Ihre Erfahrung mit uns vom ersten Klick an reibungslos verl\u00e4uft. Bitte geben Sie Ihre Kontaktdaten und eine kurze Nachricht im untenstehenden Formular an. Wir werden Ihre Anfrage umgehend pr\u00fcfen und uns mit Ihnen in Verbindung setzen, um sicherzustellen, dass alle Ihre Anliegen gekl\u00e4rt werden. Wir unterst\u00fctzen Sie bei jedem Schritt.    <br\/><br\/>Sie bevorzugen E-Mail? Schreiben Sie uns direkt an: <strong><a href=\"mailto:sales@steel-containers.com\" class=\"dynamic-email\"><strong>sales@steel-containers.com<\/strong><\/a><\/strong> <\/p>\n\n\n\n<p>+48 602 678 859<\/p>\n\n\n\n<p><strong>Unsere Standorte:<\/strong><br\/>Rondo Daszy\u0144skiego 2B<br\/>00-843 Warschau, Polen<\/p>\n\n\n\n<p>Bartk\u00f3w 71a<br\/>26-050 Bartk\u00f3w, Polen<br\/>(Lager)<\/p>\n<\/div>\n\n\n\n<div class=\"wp-block-column is-layout-flow wp-block-column-is-layout-flow\">\n<div class=\"wp-block-contact-form-7-contact-form-selector\">\n<div class=\"wpcf7 no-js\" id=\"wpcf7-f5314-o1\" lang=\"pl-PL\" dir=\"ltr\" data-wpcf7-id=\"5314\">\n<div class=\"screen-reader-response\"><p role=\"status\" aria-live=\"polite\" aria-atomic=\"true\"><\/p> <ul><\/ul><\/div>\n<form action=\"\/de\/wp-json\/wp\/v2\/pages\/4632#wpcf7-f5314-o1\" method=\"post\" class=\"wpcf7-form init\" aria-label=\"Formularz kontaktowy\" novalidate=\"novalidate\" data-status=\"init\">\n<fieldset class=\"hidden-fields-container\"><input type=\"hidden\" name=\"_wpcf7\" value=\"5314\" \/><input type=\"hidden\" name=\"_wpcf7_version\" value=\"6.1.5\" \/><input type=\"hidden\" name=\"_wpcf7_locale\" value=\"pl_PL\" \/><input type=\"hidden\" name=\"_wpcf7_unit_tag\" value=\"wpcf7-f5314-o1\" \/><input type=\"hidden\" name=\"_wpcf7_container_post\" value=\"0\" \/><input type=\"hidden\" name=\"_wpcf7_posted_data_hash\" value=\"\" \/>\n<\/fieldset>\n<div class=\"cf7-modern-form\">\n\t<div class=\"cf7-field-wrap\">\n\t\t<p><span class=\"wpcf7-form-control-wrap\" data-name=\"your-name\"><input size=\"40\" maxlength=\"400\" class=\"wpcf7-form-control wpcf7-text wpcf7-validates-as-required cf7-input\" autocomplete=\"name\" aria-required=\"true\" aria-invalid=\"false\" placeholder=\"\" value=\"\" type=\"text\" name=\"your-name\" \/><\/span><br \/>\n<span class=\"cf7-label\">Full name<\/span>\n\t\t<\/p>\n\t<\/div>\n\t<div class=\"cf7-field-wrap\">\n\t\t<p><span class=\"wpcf7-form-control-wrap\" data-name=\"nip\"><input size=\"40\" maxlength=\"400\" class=\"wpcf7-form-control wpcf7-text cf7-input\" aria-invalid=\"false\" placeholder=\"\" value=\"\" type=\"text\" name=\"nip\" \/><\/span><br \/>\n<span class=\"cf7-label\">Tax Identification Number (TIN)<\/span>\n\t\t<\/p>\n\t<\/div>\n\t<div class=\"cf7-field-wrap\">\n\t\t<p><span class=\"wpcf7-form-control-wrap\" data-name=\"your-email\"><input size=\"40\" maxlength=\"400\" class=\"wpcf7-form-control wpcf7-email wpcf7-validates-as-required wpcf7-text wpcf7-validates-as-email cf7-input\" autocomplete=\"email\" aria-required=\"true\" aria-invalid=\"false\" placeholder=\"\" value=\"\" type=\"email\" name=\"your-email\" \/><\/span><br \/>\n<span class=\"cf7-label\">Email address<\/span>\n\t\t<\/p>\n\t<\/div>\n\t<div class=\"cf7-field-wrap\">\n\t\t<p><span class=\"wpcf7-form-control-wrap\" data-name=\"tel\"><input size=\"40\" maxlength=\"400\" class=\"wpcf7-form-control wpcf7-tel wpcf7-text wpcf7-validates-as-tel cf7-input\" aria-invalid=\"false\" placeholder=\"\" value=\"\" type=\"tel\" name=\"tel\" \/><\/span><br \/>\n<span class=\"cf7-label\">Phone<\/span>\n\t\t<\/p>\n\t<\/div>\n\t<div class=\"cf7-field-wrap cf7-field-wrap--textarea\">\n\t\t<p><span class=\"wpcf7-form-control-wrap\" data-name=\"your-message\"><textarea cols=\"40\" rows=\"10\" maxlength=\"2000\" class=\"wpcf7-form-control wpcf7-textarea cf7-input cf7-textarea\" aria-invalid=\"false\" placeholder=\"\" name=\"your-message\"><\/textarea><\/span><br \/>\n<span class=\"cf7-label\">How can we help?<\/span>\n\t\t<\/p>\n\t<\/div>\n\t<div class=\"cf7-consent\">\n\t\t<p><span class=\"wpcf7-form-control-wrap\" data-name=\"privacy-consent\"><span class=\"wpcf7-form-control wpcf7-acceptance\"><span class=\"wpcf7-list-item\"><label><input type=\"checkbox\" name=\"privacy-consent\" value=\"1\" aria-invalid=\"false\" \/><span class=\"wpcf7-list-item-label\">I consent to the processing of my personal data by shop.steel-containers.com to the extent necessary to handle my inquiry, in accordance with the <a href=\"https:\/\/shop.steel-containers.com\/privacy-policy\/\" target=\"_blank\" rel=\"noopener noreferrer\">Privacy Policy<\/a>.<\/span><\/label><\/span><\/span><\/span>\n\t\t<\/p>\n\t<\/div>\n<input class=\"wpcf7-form-control wpcf7-hidden\" id=\"kampania\" value=\"\" type=\"hidden\" name=\"kampania\" \/>\n<input class=\"wpcf7-form-control wpcf7-hidden\" value=\"formularz containers\" type=\"hidden\" name=\"form_name\" \/>\n<input class=\"wpcf7-form-control wpcf7-hidden\" id=\"form-url\" value=\"\" type=\"hidden\" name=\"url\" \/>\n\t<div class=\"cf7-submit-row\">\n\t\t<p><input class=\"wpcf7-form-control wpcf7-submit has-spinner cf7-submit\" type=\"submit\" value=\"Send\" \/>\n\t\t<\/p>\n\t<\/div>\n<\/div><div class=\"wpcf7-response-output\" aria-hidden=\"true\"><\/div>\n<\/form>\n<\/div>\n<\/div>\n<\/div>\n<\/div>\n","protected":false},"excerpt":{"rendered":"<p>Haben Sie noch Fragen oder ben\u00f6tigen Sie weitere Informationen zu unseren Dienstleistungen? Unser Support-Team steht Ihnen gerne zur Verf\u00fcgung und versorgt Sie mit allen Informationen, die Sie f\u00fcr eine fundierte Entscheidung ben\u00f6tigen. Wir legen Wert auf transparente Kommunikation und schnelle Reaktionszeiten, damit Ihre Erfahrung mit uns vom ersten Klick an reibungslos verl\u00e4uft. Bitte geben Sie [&hellip;]<\/p>\n","protected":false},"author":2,"featured_media":0,"parent":0,"menu_order":0,"comment_status":"closed","ping_status":"closed","template":"no-title","meta":{"footnotes":""},"class_list":["post-4632","page","type-page","status-publish","hentry"],"_links":{"self":[{"href":"https:\/\/shop.steel-containers.com\/de\/wp-json\/wp\/v2\/pages\/4632","targetHints":{"allow":["GET"]}}],"collection":[{"href":"https:\/\/shop.steel-containers.com\/de\/wp-json\/wp\/v2\/pages"}],"about":[{"href":"https:\/\/shop.steel-containers.com\/de\/wp-json\/wp\/v2\/types\/page"}],"author":[{"embeddable":true,"href":"https:\/\/shop.steel-containers.com\/de\/wp-json\/wp\/v2\/users\/2"}],"replies":[{"embeddable":true,"href":"https:\/\/shop.steel-containers.com\/de\/wp-json\/wp\/v2\/comments?post=4632"}],"version-history":[{"count":5,"href":"https:\/\/shop.steel-containers.com\/de\/wp-json\/wp\/v2\/pages\/4632\/revisions"}],"predecessor-version":[{"id":5588,"href":"https:\/\/shop.steel-containers.com\/de\/wp-json\/wp\/v2\/pages\/4632\/revisions\/5588"}],"wp:attachment":[{"href":"https:\/\/shop.steel-containers.com\/de\/wp-json\/wp\/v2\/media?parent=4632"}],"curies":[{"name":"wp","href":"https:\/\/api.w.org\/{rel}","templated":true}]}}