{"id":4657,"date":"2026-02-04T09:53:11","date_gmt":"2026-02-04T08:53:11","guid":{"rendered":"https:\/\/shop.steel-containers.com\/kundenspezifische-projekte\/"},"modified":"2026-03-24T11:03:51","modified_gmt":"2026-03-24T10:03:51","slug":"kundenspezifische-projekte","status":"publish","type":"page","link":"https:\/\/shop.steel-containers.com\/de\/kundenspezifische-projekte\/","title":{"rendered":"Kundenspezifische Projekte"},"content":{"rendered":"\n<div class=\"wp-block-group alignfull is-style-ext-preset--group--natural-1--section has-background-background-color has-background has-global-padding is-layout-constrained wp-block-group-is-layout-constrained\" style=\"margin-top:0;margin-bottom:0;padding-top:var(--wp--preset--spacing--50);padding-bottom:var(--wp--preset--spacing--70)\">\n<div class=\"wp-block-columns alignwide are-vertically-aligned-center is-layout-flex wp-container-core-columns-is-layout-174606dc wp-block-columns-is-layout-flex\">\n<div class=\"wp-block-column is-vertically-aligned-center is-layout-flow wp-block-column-is-layout-flow\">\n<figure class=\"wp-block-image size-large is-style-ext-preset--image--natural-1--image-1--content-right is-style-ext-preset--image--natural-1--image-1--content-right--2\"><img decoding=\"async\" width=\"2560\" height=\"2560\" src=\"https:\/\/shop.steel-containers.com\/wp-content\/uploads\/2026\/02\/IMG_0423-edited-scaled.jpg\" alt=\"\" class=\"wp-image-3227\" style=\"aspect-ratio:1;object-fit:cover\" srcset=\"https:\/\/shop.steel-containers.com\/wp-content\/uploads\/2026\/02\/IMG_0423-edited-scaled.jpg 2560w, https:\/\/shop.steel-containers.com\/wp-content\/uploads\/2026\/02\/IMG_0423-edited-300x300.jpg 300w, https:\/\/shop.steel-containers.com\/wp-content\/uploads\/2026\/02\/IMG_0423-edited-1024x1024.jpg 1024w, https:\/\/shop.steel-containers.com\/wp-content\/uploads\/2026\/02\/IMG_0423-edited-150x150.jpg 150w, https:\/\/shop.steel-containers.com\/wp-content\/uploads\/2026\/02\/IMG_0423-edited-768x768.jpg 768w, https:\/\/shop.steel-containers.com\/wp-content\/uploads\/2026\/02\/IMG_0423-edited-1536x1536.jpg 1536w, https:\/\/shop.steel-containers.com\/wp-content\/uploads\/2026\/02\/IMG_0423-edited-2048x2048.jpg 2048w, https:\/\/shop.steel-containers.com\/wp-content\/uploads\/2026\/02\/IMG_0423-edited-600x600.jpg 600w, https:\/\/shop.steel-containers.com\/wp-content\/uploads\/2026\/02\/IMG_0423-edited-100x100.jpg 100w\" sizes=\"(max-width: 2560px) 100vw, 2560px\" \/><\/figure>\n<\/div>\n\n\n\n<div class=\"wp-block-column is-vertically-aligned-center is-layout-flow wp-block-column-is-layout-flow\">\n<div class=\"wp-block-group alignwide is-vertical is-layout-flex wp-container-core-group-is-layout-c35747d5 wp-block-group-is-layout-flex\">\n<div class=\"wp-block-group has-global-padding is-layout-constrained wp-container-core-group-is-layout-dd32767c wp-block-group-is-layout-constrained\">\n<h1 class=\"wp-block-heading\">Entdecken Sie unsere individuellen Projekte.<\/h1>\n\n\n\n<p>Wir bei Steel Containers wissen, dass besondere betriebliche Herausforderungen oft mehr als Standardl\u00f6sungen erfordern. Unser Service f\u00fcr Sonderanfertigungen nutzt unsere zehnj\u00e4hrige Fertigungserfahrung, um ma\u00dfgeschneiderte Metallcontainer und Gabelstapleranbauger\u00e4te exakt nach Ihren Vorgaben zu entwickeln und zu bauen. Von modifizierten Kippmulden bis hin zu Spezialbaggern f\u00fcr die Industrie \u2013 unser Ingenieurteam kombiniert technische Pr\u00e4zision mit hochwertigen Materialien, um langlebige und einzigartige L\u00f6sungen zu liefern.  <\/p>\n<\/div>\n\n\n\n<div class=\"wp-block-buttons is-layout-flex wp-block-buttons-is-layout-flex\"><\/div>\n<\/div>\n<\/div>\n<\/div>\n<\/div>\n\n\n\n<div class=\"wp-block-group alignfull is-style-ext-preset--group--natural-1--section has-background-background-color has-background has-global-padding is-layout-constrained wp-container-core-group-is-layout-e955bbaf wp-block-group-is-layout-constrained\" style=\"margin-top:0;margin-bottom:0;padding-top:var(--wp--preset--spacing--70);padding-bottom:var(--wp--preset--spacing--70)\">\n<div class=\"wp-block-group alignwide is-vertical is-content-justification-center is-layout-flex wp-container-core-group-is-layout-c9ee0c5a wp-block-group-is-layout-flex\">\n<div class=\"wp-block-group has-global-padding is-layout-constrained wp-container-core-group-is-layout-5e05634a wp-block-group-is-layout-constrained\">\n<h2 class=\"wp-block-heading has-text-align-center\">Unser kundenspezifischer Prozess<\/h2>\n\n\n\n<p class=\"has-text-align-center\">Wir erleichtern Ihnen den \u00dcbergang von einer technischen Herausforderung zu einer \u00e4u\u00dferst langlebigen L\u00f6sung. Entdecken Sie unseren einfachen Drei-Schritte-Ansatz f\u00fcr die spezialisierte Fertigung. <\/p>\n<\/div>\n<\/div>\n\n\n\n<div class=\"wp-block-columns alignwide is-layout-flex wp-container-core-columns-is-layout-08c01c1c wp-block-columns-is-layout-flex\">\n<div class=\"wp-block-column is-vertically-aligned-stretch is-layout-flow wp-container-core-column-is-layout-f5bb311e wp-block-column-is-layout-flow\">\n<div class=\"wp-block-group is-style-ext-preset--group--natural-1--item-card-1--align-center has-global-padding is-layout-constrained wp-block-group-is-layout-constrained is-style-ext-preset--group--natural-1--item-card-1--align-center--4\">\n<div class=\"wp-block-group is-style-default has-global-padding is-layout-constrained wp-block-group-is-layout-constrained\">\n<figure class=\"wp-block-image aligncenter size-large ext-aspect-landscape wp-duotone-primary-foreground\"><img decoding=\"async\" src=\"data:image\/svg+xml;base64,PHN2ZyB4bWxucz0iaHR0cDovL3d3dy53My5vcmcvMjAwMC9zdmciIHdpZHRoPSI0OCIgaGVpZ2h0PSI0OCIgZmlsbD0iIzAwMDAwMCIgdmlld0JveD0iMCAwIDI1NiAyNTYiPjxwYXRoIGQ9Ik0xMjgsMjRBMTA0LDEwNCwwLDEsMCwyMzIsMTI4LDEwNC4xMSwxMDQuMTEsMCwwLDAsMTI4LDI0Wm0wLDE5MmE4OCw4OCwwLDEsMSw4OC04OEE4OC4xLDg4LjEsMCwwLDEsMTI4LDIxNlpNMTQwLDgwdjk2YTgsOCwwLDAsMS0xNiwwVjk1bC0xMS41Niw3LjcxYTgsOCwwLDEsMS04Ljg4LTEzLjMybDI0LTE2QTgsOCwwLDAsMSwxNDAsODBaIj48L3BhdGg+PC9zdmc+\" alt=\"\" style=\"object-fit:cover\"\/><\/figure>\n\n\n\n<h3 class=\"wp-block-heading has-text-align-center\">Beratung &amp; Design<\/h3>\n\n\n\n<p class=\"has-text-align-center\">Teilen Sie uns Ihre konkreten Anforderungen mit. Unser Ingenieurteam analysiert Ihre logistischen Bed\u00fcrfnisse, um einen ma\u00dfgeschneiderten Beh\u00e4lter oder ein Anbauteil zu entwickeln, das perfekt zu Ihrem Arbeitsablauf passt. <\/p>\n<\/div>\n<\/div>\n<\/div>\n\n\n\n<div class=\"wp-block-column is-vertically-aligned-stretch is-layout-flow wp-container-core-column-is-layout-f5bb311e wp-block-column-is-layout-flow\">\n<div class=\"wp-block-group is-style-ext-preset--group--natural-1--item-card-1--align-center has-global-padding is-layout-constrained wp-block-group-is-layout-constrained is-style-ext-preset--group--natural-1--item-card-1--align-center--5\">\n<div class=\"wp-block-group is-style-default has-global-padding is-layout-constrained wp-block-group-is-layout-constrained\">\n<figure class=\"wp-block-image aligncenter size-large ext-aspect-landscape wp-duotone-primary-foreground\"><img decoding=\"async\" src=\"data:image\/svg+xml;base64,PHN2ZyB4bWxucz0iaHR0cDovL3d3dy53My5vcmcvMjAwMC9zdmciIHdpZHRoPSI0OCIgaGVpZ2h0PSI0OCIgZmlsbD0iIzAwMDAwMCIgdmlld0JveD0iMCAwIDI1NiAyNTYiPjxwYXRoIGQ9Ik0xMjgsMjRBMTA0LDEwNCwwLDEsMCwyMzIsMTI4LDEwNC4xMSwxMDQuMTEsMCwwLDAsMTI4LDI0Wm0wLDE5MmE4OCw4OCwwLDEsMSw4OC04OEE4OC4xLDg4LjEsMCwwLDEsMTI4LDIxNlptMjUuNTYtOTIuNzRMMTIwLDE2OGgzMmE4LDgsMCwwLDEsMCwxNkgxMDRhOCw4LDAsMCwxLTYuNC0xMi44bDQzLjE3LTU3LjU2YTE2LDE2LDAsMSwwLTI3Ljg2LTE1LDgsOCwwLDAsMS0xNS4wOS01LjM0LDMyLDMyLDAsMSwxLDU1Ljc0LDI5LjkzWiI+PC9wYXRoPjwvc3ZnPg==\" alt=\"\" style=\"object-fit:cover\"\/><\/figure>\n\n\n\n<h3 class=\"wp-block-heading has-text-align-center\">Pr\u00e4zisionsfertigung<\/h3>\n\n\n\n<p class=\"has-text-align-center\">Sobald das Design finalisiert ist, beginnen wir mit der Produktion unter Verwendung hochwertiger Materialien und h\u00f6chster technischer Pr\u00e4zision. Wir halten Sie w\u00e4hrend der gesamten Fertigung Ihrer robusten, industrietauglichen Anlage auf dem Laufenden. <\/p>\n<\/div>\n<\/div>\n<\/div>\n\n\n\n<div class=\"wp-block-column is-vertically-aligned-stretch is-layout-flow wp-container-core-column-is-layout-f5bb311e wp-block-column-is-layout-flow\">\n<div class=\"wp-block-group is-style-ext-preset--group--natural-1--item-card-1--align-center has-global-padding is-layout-constrained wp-block-group-is-layout-constrained is-style-ext-preset--group--natural-1--item-card-1--align-center--6\">\n<div class=\"wp-block-group is-style-default has-global-padding is-layout-constrained wp-block-group-is-layout-constrained\">\n<figure class=\"wp-block-image aligncenter size-large ext-aspect-landscape wp-duotone-primary-foreground\"><img decoding=\"async\" src=\"data:image\/svg+xml;base64,PHN2ZyB4bWxucz0iaHR0cDovL3d3dy53My5vcmcvMjAwMC9zdmciIHdpZHRoPSI0OCIgaGVpZ2h0PSI0OCIgZmlsbD0iIzAwMDAwMCIgdmlld0JveD0iMCAwIDI1NiAyNTYiPjxwYXRoIGQ9Ik0xMjgsMjRBMTA0LDEwNCwwLDEsMCwyMzIsMTI4LDEwNC4xMSwxMDQuMTEsMCwwLDAsMTI4LDI0Wm0wLDE5MmE4OCw4OCwwLDEsMSw4OC04OEE4OC4xLDg4LjEsMCwwLDEsMTI4LDIxNlptMzItNjRhMzYsMzYsMCwwLDEtNjEuNzEsMjUuMTlBOCw4LDAsMSwxLDEwOS43MSwxNjYsMjAsMjAsMCwxLDAsMTI0LDEzMmE4LDgsMCwwLDEtNi41NS0xMi41OUwxMzYuNjMsOTJIMTA0YTgsOCwwLDAsMSwwLTE2aDQ4YTgsOCwwLDAsMSw2LjU1LDEyLjU5bC0yMSwzMEEzNi4wNywzNi4wNywwLDAsMSwxNjAsMTUyWiI+PC9wYXRoPjwvc3ZnPg==\" alt=\"\" style=\"object-fit:cover\"\/><\/figure>\n\n\n\n<h3 class=\"wp-block-heading has-text-align-center\">Lieferung und Integration<\/h3>\n\n\n\n<p class=\"has-text-align-center\">Ihre individuelle L\u00f6sung wird direkt an Ihren Standort geliefert und ist sofort einsatzbereit. Wir stellen sicher, dass das Endprodukt Ihre betriebliche Effizienz steigert und Ihre spezifischen Hardware-Herausforderungen l\u00f6st. <\/p>\n<\/div>\n<\/div>\n<\/div>\n<\/div>\n<\/div>\n\n\n\n<figure class=\"wp-block-image alignleft size-large\"><img decoding=\"async\" width=\"1024\" height=\"273\" src=\"https:\/\/shop.steel-containers.com\/wp-content\/uploads\/2026\/02\/teeeskt-1024x273.png\" alt=\"\" class=\"wp-image-3218\" srcset=\"https:\/\/shop.steel-containers.com\/wp-content\/uploads\/2026\/02\/teeeskt-1024x273.png 1024w, https:\/\/shop.steel-containers.com\/wp-content\/uploads\/2026\/02\/teeeskt-300x80.png 300w, https:\/\/shop.steel-containers.com\/wp-content\/uploads\/2026\/02\/teeeskt-768x205.png 768w, https:\/\/shop.steel-containers.com\/wp-content\/uploads\/2026\/02\/teeeskt-1536x410.png 1536w, https:\/\/shop.steel-containers.com\/wp-content\/uploads\/2026\/02\/teeeskt-600x160.png 600w, https:\/\/shop.steel-containers.com\/wp-content\/uploads\/2026\/02\/teeeskt.png 1800w\" sizes=\"(max-width: 1024px) 100vw, 1024px\" \/><\/figure>\n\n\n\n<div style=\"height:100px\" aria-hidden=\"true\" class=\"wp-block-spacer\"><\/div>\n\n\n\n<div class=\"wp-block-group alignfull is-style-ext-preset--group--natural-1--section has-background-background-color has-background has-global-padding is-layout-constrained wp-block-group-is-layout-constrained\" style=\"margin-top:0;margin-bottom:0;padding-top:var(--wp--preset--spacing--70);padding-bottom:var(--wp--preset--spacing--70)\">\n<div class=\"wp-block-columns alignwide are-vertically-aligned-center is-layout-flex wp-container-core-columns-is-layout-174606dc wp-block-columns-is-layout-flex\">\n<div class=\"wp-block-column is-vertically-aligned-center is-layout-flow wp-block-column-is-layout-flow\">\n<div class=\"wp-block-group alignwide is-vertical is-layout-flex wp-container-core-group-is-layout-c35747d5 wp-block-group-is-layout-flex\">\n<div class=\"wp-block-group has-global-padding is-layout-constrained wp-container-core-group-is-layout-dd32767c wp-block-group-is-layout-constrained\">\n<h2 class=\"wp-block-heading\">TK Selbstkippender M\u00fclleimer mit Spritzschutz<\/h2>\n\n\n\n<p>Der Beh\u00e4lter ist aus hochwertigem Baustahl gefertigt und mit einer robusten, korrosionsbest\u00e4ndigen Beschichtung in einem kr\u00e4ftigen Industrieblau versehen. F\u00fcr zus\u00e4tzliche Betriebssicherheit haben wir gut sichtbare Warnstreifen an den oberen Kanten des Siebs angebracht, sodass der Beh\u00e4lter auch in stark frequentierten Lagerbereichen leicht erkennbar ist. Dieser Trichter bietet alle bew\u00e4hrten Funktionen unserer TK-Serie, darunter einen robusten Kippmechanismus f\u00fcr problemloses Entleeren und verst\u00e4rkte Gabelstapleraufnahmen f\u00fcr maximale Stabilit\u00e4t beim Transport.  <\/p>\n<\/div>\n\n\n\n<div class=\"wp-block-buttons is-layout-flex wp-block-buttons-is-layout-flex\"><\/div>\n<\/div>\n<\/div>\n\n\n\n<div class=\"wp-block-column is-vertically-aligned-center is-layout-flow wp-block-column-is-layout-flow\">\n<figure class=\"wp-block-image size-large is-style-ext-preset--image--natural-1--image-1--content-right is-style-ext-preset--image--natural-1--image-1--content-right--8\"><img decoding=\"async\" src=\"https:\/\/shop.steel-containers.com\/wp-content\/uploads\/2026\/02\/Gemini_Generated_Image_8av0u48av0u48av0-Photoroom-1024x585.png\" alt=\"\" class=\"wp-image-3219\" style=\"aspect-ratio:4\/3;object-fit:cover\"\/><\/figure>\n<\/div>\n<\/div>\n<\/div>\n\n\n\n<div class=\"wp-block-group alignfull is-style-ext-preset--group--natural-1--section has-background-background-color has-background has-global-padding is-layout-constrained wp-block-group-is-layout-constrained\" style=\"margin-top:0;margin-bottom:0;padding-top:var(--wp--preset--spacing--70);padding-bottom:var(--wp--preset--spacing--70)\">\n<div class=\"wp-block-columns alignwide are-vertically-aligned-center is-layout-flex wp-container-core-columns-is-layout-174606dc wp-block-columns-is-layout-flex\">\n<div class=\"wp-block-column is-vertically-aligned-center is-layout-flow wp-block-column-is-layout-flow\">\n<figure class=\"wp-block-image aligncenter size-full is-resized is-style-ext-preset--image--natural-1--image-1--content-right is-style-ext-preset--image--natural-1--image-1--content-right--10\"><img decoding=\"async\" width=\"500\" height=\"500\" src=\"https:\/\/shop.steel-containers.com\/wp-content\/uploads\/2026\/02\/aaaa.png\" alt=\"\" class=\"wp-image-3223\" style=\"aspect-ratio:1.3333333333333333;object-fit:cover;width:560px;height:auto\" srcset=\"https:\/\/shop.steel-containers.com\/wp-content\/uploads\/2026\/02\/aaaa.png 500w, https:\/\/shop.steel-containers.com\/wp-content\/uploads\/2026\/02\/aaaa-300x300.png 300w, https:\/\/shop.steel-containers.com\/wp-content\/uploads\/2026\/02\/aaaa-150x150.png 150w, https:\/\/shop.steel-containers.com\/wp-content\/uploads\/2026\/02\/aaaa-100x100.png 100w\" sizes=\"(max-width: 500px) 100vw, 500px\" \/><\/figure>\n<\/div>\n\n\n\n<div class=\"wp-block-column is-vertically-aligned-center is-layout-flow wp-block-column-is-layout-flow\">\n<div class=\"wp-block-group alignwide is-vertical is-layout-flex wp-container-core-group-is-layout-c35747d5 wp-block-group-is-layout-flex\">\n<div class=\"wp-block-columns is-layout-flex wp-container-core-columns-is-layout-28f84493 wp-block-columns-is-layout-flex\">\n<div class=\"wp-block-column is-layout-flow wp-block-column-is-layout-flow\" style=\"flex-basis:100%\">\n<div class=\"wp-block-group has-global-padding is-layout-constrained wp-container-core-group-is-layout-dd32767c wp-block-group-is-layout-constrained\">\n<h2 class=\"wp-block-heading\">Auffangwanne aus Stahl mit integriertem Sicherheitsschrank<\/h2>\n\n\n\n<p>Die Auffangwanne wurde f\u00fcr eine reibungslose interne Logistik entwickelt und ist mit Gabelstaplern, Hubwagen und manuellen Hubwagen kompatibel, was einen m\u00fchelosen Transport innerhalb Ihres Betriebsgel\u00e4ndes gew\u00e4hrleistet. Die gesamte Konstruktion ist mit einer robusten Pulverbeschichtung versehen, die f\u00fcr hervorragende Langlebigkeit und Best\u00e4ndigkeit gegen\u00fcber rauen Industriebedingungen sorgt. Durch den Einsatz dieses Auffangsystems k\u00f6nnen Unternehmen die Arbeitssicherheit deutlich verbessern, indem sie das Risiko von Ausrutschen oder Kontaminationen durch versehentliches Versch\u00fctten und Auslaufen eliminieren. Neben der Steigerung der betrieblichen Effizienz dient diese Auffangwanne auch als wichtiges Instrument des Umweltschutzes, indem sie wirksam verhindert, dass gef\u00e4hrliche Stoffe ins Grundwasser oder in Abwassersysteme gelangen.   <\/p>\n<\/div>\n<\/div>\n<\/div>\n\n\n\n<div class=\"wp-block-buttons is-layout-flex wp-block-buttons-is-layout-flex\"><\/div>\n<\/div>\n<\/div>\n<\/div>\n<\/div>\n\n\n\n<div class=\"wp-block-group alignfull is-style-ext-preset--group--natural-1--section has-background-background-color has-background has-global-padding is-layout-constrained wp-block-group-is-layout-constrained\" style=\"margin-top:0;margin-bottom:0;padding-top:var(--wp--preset--spacing--70);padding-bottom:var(--wp--preset--spacing--70)\">\n<div class=\"wp-block-columns alignwide are-vertically-aligned-center is-layout-flex wp-container-core-columns-is-layout-174606dc wp-block-columns-is-layout-flex\">\n<div class=\"wp-block-column is-vertically-aligned-center is-layout-flow wp-block-column-is-layout-flow\">\n<div class=\"wp-block-group alignwide is-vertical is-layout-flex wp-container-core-group-is-layout-c35747d5 wp-block-group-is-layout-flex\">\n<div class=\"wp-block-columns is-layout-flex wp-container-core-columns-is-layout-28f84493 wp-block-columns-is-layout-flex\">\n<div class=\"wp-block-column is-layout-flow wp-block-column-is-layout-flow\" style=\"flex-basis:100%\">\n<div class=\"wp-block-group has-global-padding is-layout-constrained wp-container-core-group-is-layout-dd32767c wp-block-group-is-layout-constrained\">\n<h2 class=\"wp-block-heading\">Benutzerdefinierter PMDB-Einwurfbeh\u00e4lter<\/h2>\n\n\n\n<p>Die auff\u00e4lligste Neuerung dieser Sonderanfertigung ist der integrierte, frontseitig angebrachte Griff. W\u00e4hrend das Originalmodell des PMDB eine komplett glatte Vorderseite aufweist, bietet diese Modifikation dem Bediener einen separaten Griffpunkt. Dies erm\u00f6glicht ein einfacheres Positionieren des Beh\u00e4lters unter Maschinen mit geringer Bodenfreiheit und eine kontrolliertere Bewegung beim Einsatz eines manuellen Hubwagens. Der Griff dient gleichzeitig als Schutzpuffer und Man\u00f6vrierhilfe und gew\u00e4hrleistet so die perfekte Ausrichtung des Beh\u00e4lters zum Beladen, ohne empfindliche Ger\u00e4te zu besch\u00e4digen.   <\/p>\n<\/div>\n<\/div>\n<\/div>\n\n\n\n<div class=\"wp-block-buttons is-layout-flex wp-block-buttons-is-layout-flex\"><\/div>\n<\/div>\n<\/div>\n\n\n\n<div class=\"wp-block-column is-vertically-aligned-center is-layout-flow wp-block-column-is-layout-flow\">\n<figure class=\"wp-block-image aligncenter size-full is-style-ext-preset--image--natural-1--image-1--content-right is-style-ext-preset--image--natural-1--image-1--content-right--12\"><img decoding=\"async\" src=\"https:\/\/shop.steel-containers.com\/wp-content\/uploads\/2026\/02\/Gemini_Generated_Image_ouu316ouu316ouu3-Photoroom-edited.png\" alt=\"\" class=\"wp-image-3231\" style=\"aspect-ratio:1.3333333333333333;object-fit:cover\"\/><\/figure>\n<\/div>\n<\/div>\n<\/div>\n\n\n\n<div class=\"wp-block-group alignfull is-style-ext-preset--group--natural-1--section has-background-background-color has-background has-global-padding is-layout-constrained wp-container-core-group-is-layout-e96f6837 wp-block-group-is-layout-constrained\" style=\"margin-top:0;margin-bottom:0;padding-top:0;padding-right:0;padding-bottom:0;padding-left:0\">\n<div class=\"wp-block-cover alignfull is-style-ext-preset--cover--natural-1--cover-overlay-1 is-style-ext-preset--cover--natural-1--cover-overlay-1--14\" style=\"padding-top:var(--wp--preset--spacing--70);padding-right:var(--wp--preset--spacing--30);padding-bottom:var(--wp--preset--spacing--70);padding-left:var(--wp--preset--spacing--30)\"><img decoding=\"async\" width=\"1024\" height=\"576\" class=\"wp-block-cover__image-background wp-image-2746 size-large\" alt=\"\" src=\"https:\/\/shop.steel-containers.com\/wp-content\/uploads\/2026\/01\/ty-feague-gnDbEnWFMWs-unsplash-edited-1024x576.jpg\" data-object-fit=\"cover\" srcset=\"https:\/\/shop.steel-containers.com\/wp-content\/uploads\/2026\/01\/ty-feague-gnDbEnWFMWs-unsplash-edited-1024x576.jpg 1024w, https:\/\/shop.steel-containers.com\/wp-content\/uploads\/2026\/01\/ty-feague-gnDbEnWFMWs-unsplash-edited-300x169.jpg 300w, https:\/\/shop.steel-containers.com\/wp-content\/uploads\/2026\/01\/ty-feague-gnDbEnWFMWs-unsplash-edited-768x432.jpg 768w, https:\/\/shop.steel-containers.com\/wp-content\/uploads\/2026\/01\/ty-feague-gnDbEnWFMWs-unsplash-edited-1536x864.jpg 1536w, https:\/\/shop.steel-containers.com\/wp-content\/uploads\/2026\/01\/ty-feague-gnDbEnWFMWs-unsplash-edited-2048x1151.jpg 2048w, https:\/\/shop.steel-containers.com\/wp-content\/uploads\/2026\/01\/ty-feague-gnDbEnWFMWs-unsplash-edited-600x337.jpg 600w\" sizes=\"(max-width: 1024px) 100vw, 1024px\" \/><span aria-hidden=\"true\" class=\"wp-block-cover__background has-background-dim-80 has-background-dim\" style=\"background-color:#010101\"><\/span><div class=\"wp-block-cover__inner-container has-global-padding is-layout-constrained wp-container-core-cover-is-layout-5cffc2c1 wp-block-cover-is-layout-constrained\">\n<div class=\"wp-block-group alignwide is-vertical is-content-justification-center is-layout-flex wp-container-core-group-is-layout-c9ee0c5a wp-block-group-is-layout-flex\">\n<div class=\"wp-block-group has-global-padding is-layout-constrained wp-container-core-group-is-layout-2287c683 wp-block-group-is-layout-constrained\">\n<h2 class=\"wp-block-heading has-text-align-center\">Bereit loszulegen?<\/h2>\n\n\n\n<p class=\"has-text-align-center\">Egal, ob Sie ein konkretes Projekt planen oder einfach nur die M\u00f6glichkeiten ausloten m\u00f6chten \u2013 wir sind f\u00fcr Sie da. Kontaktieren Sie unser Team per E-Mail oder rufen Sie uns kurz an. <\/p>\n<\/div>\n\n\n\n<div class=\"wp-block-buttons is-layout-flex wp-block-buttons-is-layout-flex\">\n<div class=\"wp-block-button is-style-ext-preset--button--natural-1--button-1 is-style-ext-preset--button--natural-1--button-1--15\"><a class=\"wp-block-button__link wp-element-button dynamic-email\" href=\"mailto:sales@steel-containers.com\">E-MAIL SENDEN<\/a><\/div>\n<\/div>\n<\/div>\n<\/div><\/div>\n<\/div>\n","protected":false},"excerpt":{"rendered":"<p>Entdecken Sie unsere individuellen Projekte. Wir bei Steel Containers wissen, dass besondere betriebliche Herausforderungen oft mehr als Standardl\u00f6sungen erfordern. Unser Service f\u00fcr Sonderanfertigungen nutzt unsere zehnj\u00e4hrige Fertigungserfahrung, um ma\u00dfgeschneiderte Metallcontainer und Gabelstapleranbauger\u00e4te exakt nach Ihren Vorgaben zu entwickeln und zu bauen. Von modifizierten Kippmulden bis hin zu Spezialbaggern f\u00fcr die Industrie \u2013 unser Ingenieurteam kombiniert [&hellip;]<\/p>\n","protected":false},"author":2,"featured_media":0,"parent":0,"menu_order":0,"comment_status":"closed","ping_status":"closed","template":"no-title","meta":{"footnotes":""},"class_list":["post-4657","page","type-page","status-publish","hentry"],"_links":{"self":[{"href":"https:\/\/shop.steel-containers.com\/de\/wp-json\/wp\/v2\/pages\/4657","targetHints":{"allow":["GET"]}}],"collection":[{"href":"https:\/\/shop.steel-containers.com\/de\/wp-json\/wp\/v2\/pages"}],"about":[{"href":"https:\/\/shop.steel-containers.com\/de\/wp-json\/wp\/v2\/types\/page"}],"author":[{"embeddable":true,"href":"https:\/\/shop.steel-containers.com\/de\/wp-json\/wp\/v2\/users\/2"}],"replies":[{"embeddable":true,"href":"https:\/\/shop.steel-containers.com\/de\/wp-json\/wp\/v2\/comments?post=4657"}],"version-history":[{"count":2,"href":"https:\/\/shop.steel-containers.com\/de\/wp-json\/wp\/v2\/pages\/4657\/revisions"}],"predecessor-version":[{"id":5430,"href":"https:\/\/shop.steel-containers.com\/de\/wp-json\/wp\/v2\/pages\/4657\/revisions\/5430"}],"wp:attachment":[{"href":"https:\/\/shop.steel-containers.com\/de\/wp-json\/wp\/v2\/media?parent=4657"}],"curies":[{"name":"wp","href":"https:\/\/api.w.org\/{rel}","templated":true}]}}