{"id":82,"date":"2026-01-19T12:26:26","date_gmt":"2026-01-19T11:26:26","guid":{"rendered":"https:\/\/shop.steel-containers.com\/warenkorb\/"},"modified":"2026-03-17T14:32:17","modified_gmt":"2026-03-17T13:32:17","slug":"warenkorb","status":"publish","type":"page","link":"https:\/\/shop.steel-containers.com\/de\/warenkorb\/","title":{"rendered":"Warenkorb"},"content":{"rendered":"\n<div data-block-name=\"woocommerce\/cart\" class=\"wp-block-woocommerce-cart alignwide is-loading\">\n<div data-block-name=\"woocommerce\/filled-cart-block\" class=\"wp-block-woocommerce-filled-cart-block\">\n<div data-block-name=\"woocommerce\/cart-items-block\" class=\"wp-block-woocommerce-cart-items-block\">\n<div data-block-name=\"woocommerce\/cart-line-items-block\" class=\"wp-block-woocommerce-cart-line-items-block\"><\/div>\n\n\n<\/div>\n\n\n\n<div data-block-name=\"woocommerce\/cart-totals-block\" class=\"wp-block-woocommerce-cart-totals-block\">\n<div data-block-name=\"woocommerce\/cart-order-summary-block\" class=\"wp-block-woocommerce-cart-order-summary-block\">\n<div data-block-name=\"woocommerce\/cart-order-summary-heading-block\" data-content=\"Podsumowanie koszyka\" class=\"wp-block-woocommerce-cart-order-summary-heading-block\"><\/div>\n\n\n\n<div data-block-name=\"woocommerce\/cart-order-summary-coupon-form-block\" class=\"wp-block-woocommerce-cart-order-summary-coupon-form-block\"><\/div>\n\n\n\n<div data-block-name=\"woocommerce\/cart-order-summary-totals-block\" class=\"wp-block-woocommerce-cart-order-summary-totals-block\">\n<div data-block-name=\"woocommerce\/cart-order-summary-subtotal-block\" class=\"wp-block-woocommerce-cart-order-summary-subtotal-block\"><\/div>\n\n\n\n<div data-block-name=\"woocommerce\/cart-order-summary-fee-block\" class=\"wp-block-woocommerce-cart-order-summary-fee-block\"><\/div>\n\n\n\n<div data-block-name=\"woocommerce\/cart-order-summary-discount-block\" class=\"wp-block-woocommerce-cart-order-summary-discount-block\"><\/div>\n\n\n\n<div data-block-name=\"woocommerce\/cart-order-summary-shipping-block\" class=\"wp-block-woocommerce-cart-order-summary-shipping-block\"><\/div>\n\n\n\n<div data-block-name=\"woocommerce\/cart-order-summary-taxes-block\" class=\"wp-block-woocommerce-cart-order-summary-taxes-block\"><\/div>\n<\/div>\n<\/div>\n\n\n\n<div data-block-name=\"woocommerce\/cart-express-payment-block\" data-button-border-radius=\"4\" data-button-height=\"48\" data-show-button-styles=\"false\" data-translated-with-w-p-m-l-t-m=\"1\" class=\"wp-block-woocommerce-cart-express-payment-block\"><\/div>\n\n\n\n<div data-block-name=\"woocommerce\/proceed-to-checkout-block\" class=\"wp-block-woocommerce-proceed-to-checkout-block\"><\/div>\n\n\n\n<div data-block-name=\"woocommerce\/cart-accepted-payment-methods-block\" class=\"wp-block-woocommerce-cart-accepted-payment-methods-block\"><\/div>\n<\/div>\n<\/div>\n\n\n\n<div data-block-name=\"woocommerce\/empty-cart-block\" class=\"wp-block-woocommerce-empty-cart-block\">\n<h2 class=\"wp-block-heading has-text-align-center with-empty-cart-icon wc-block-cart__empty-cart__title\">Dein Warenkorb ist derzeit leer!<\/h2>\n\n\n\n<hr class=\"wp-block-separator has-alpha-channel-opacity is-style-dots\"\/>\n\n\n\n<h2 class=\"wp-block-heading has-text-align-center\">Neu im Shop<\/h2>\n\n\n<div data-block-name=\"woocommerce\/product-new\" data-columns=\"4\" data-rows=\"1\" class=\"wc-block-grid wp-block-product-new wp-block-woocommerce-product-new wc-block-product-new has-4-columns\"><ul class=\"wc-block-grid__products\"><li class=\"wc-block-grid__product\"><span class=\"gtm4wp_productdata\" style=\"display:none; visibility:hidden;\" data-gtm4wp_product_data=\"{&quot;internal_id&quot;:4158,&quot;item_id&quot;:4158,&quot;item_name&quot;:&quot;Verzinkter Hundezwinger 3\\u00d72&quot;,&quot;sku&quot;:4158,&quot;price&quot;:543.66,&quot;stocklevel&quot;:null,&quot;stockstatus&quot;:&quot;instock&quot;,&quot;google_business_vertical&quot;:&quot;retail&quot;,&quot;item_category&quot;:&quot;Stadtmobiliar&quot;,&quot;id&quot;:4158,&quot;productlink&quot;:&quot;https:\\\/\\\/shop.steel-containers.com\\\/de\\\/produkt\\\/verzinkter-hundezwinger-3x2\\\/&quot;,&quot;item_list_name&quot;:&quot;General Product List&quot;,&quot;index&quot;:0,&quot;product_type&quot;:&quot;simple&quot;,&quot;item_brand&quot;:&quot;&quot;}\"><\/span>\n\t\t\t\t<a href=\"https:\/\/shop.steel-containers.com\/de\/produkt\/verzinkter-hundezwinger-3x2\/\" class=\"wc-block-grid__product-link\">\n\t\t\t\t\t\n\t\t\t\t\t<div class=\"wc-block-grid__product-image\"><img decoding=\"async\" width=\"300\" height=\"300\" src=\"https:\/\/shop.steel-containers.com\/wp-content\/uploads\/2026\/02\/1-8-300x300.jpg\" class=\"attachment-woocommerce_thumbnail size-woocommerce_thumbnail\" alt=\"Verzinkter Hundezwinger 3\u00d72 mit Pultdach, verzinkte Stahlkonstruktion mit vertikalen Streben\" srcset=\"https:\/\/shop.steel-containers.com\/wp-content\/uploads\/2026\/02\/1-8-300x300.jpg 300w, https:\/\/shop.steel-containers.com\/wp-content\/uploads\/2026\/02\/1-8-150x150.jpg 150w, https:\/\/shop.steel-containers.com\/wp-content\/uploads\/2026\/02\/1-8-100x100.jpg 100w\" sizes=\"(max-width: 300px) 100vw, 300px\" \/><\/div>\n\t\t\t\t\t<div class=\"wc-block-grid__product-title\">Verzinkter Hundezwinger 3\u00d72<\/div>\n\t\t\t\t<\/a>\n\t\t\t\t<div class=\"wc-block-grid__product-price price\"><span class=\"woocommerce-Price-amount amount\">543,66&nbsp;<span class=\"woocommerce-Price-currencySymbol\">&euro;<\/span><\/span> <small class=\"woocommerce-price-suffix\">exkl. MwSt. <span class=\"woocommerce-Price-amount amount\">442,00&nbsp;<span class=\"woocommerce-Price-currencySymbol\">&euro;<\/span><\/span><\/small><\/div>\n\t\t\t\t\n\t\t\t\t<div class=\"wp-block-button wc-block-grid__product-add-to-cart\"><a href=\"\/de\/wp-json\/wp\/v2\/pages\/82?add-to-cart=4158\" aria-label=\"In den Warenkorb legen: \u201eVerzinkter Hundezwinger 3\u00d72\u201c\" data-quantity=\"1\" data-product_id=\"4158\" data-product_sku=\"\" data-price=\"543.66\" rel=\"nofollow\" class=\"wp-block-button__link wp-element-button add_to_cart_button ajax_add_to_cart\">In den Warenkorb<\/a><\/div>\n\t\t\t<\/li><li class=\"wc-block-grid__product\"><span class=\"gtm4wp_productdata\" style=\"display:none; visibility:hidden;\" data-gtm4wp_product_data=\"{&quot;internal_id&quot;:4099,&quot;item_id&quot;:4099,&quot;item_name&quot;:&quot;Garagenbox&quot;,&quot;sku&quot;:4099,&quot;price&quot;:0,&quot;stocklevel&quot;:null,&quot;stockstatus&quot;:&quot;instock&quot;,&quot;google_business_vertical&quot;:&quot;retail&quot;,&quot;item_category&quot;:&quot;Stadtmobiliar&quot;,&quot;id&quot;:4099,&quot;productlink&quot;:&quot;https:\\\/\\\/shop.steel-containers.com\\\/de\\\/produkt\\\/garagenbox\\\/&quot;,&quot;item_list_name&quot;:&quot;General Product List&quot;,&quot;index&quot;:0,&quot;product_type&quot;:&quot;simple&quot;,&quot;item_brand&quot;:&quot;&quot;}\"><\/span>\n\t\t\t\t<a href=\"https:\/\/shop.steel-containers.com\/de\/produkt\/garagenbox\/\" class=\"wc-block-grid__product-link\">\n\t\t\t\t\t\n\t\t\t\t\t<div class=\"wc-block-grid__product-image\"><img decoding=\"async\" width=\"300\" height=\"300\" src=\"https:\/\/shop.steel-containers.com\/wp-content\/uploads\/2026\/02\/1-7-300x300.jpg\" class=\"attachment-woocommerce_thumbnail size-woocommerce_thumbnail\" alt=\"Boks gara\u017cowy czarny do przechowywania rower\u00f3w przy domu jednorodzinnym, stalowa konstrukcja z rolet\u0105 aluminiow\u0105\" srcset=\"https:\/\/shop.steel-containers.com\/wp-content\/uploads\/2026\/02\/1-7-300x300.jpg 300w, https:\/\/shop.steel-containers.com\/wp-content\/uploads\/2026\/02\/1-7-150x150.jpg 150w, https:\/\/shop.steel-containers.com\/wp-content\/uploads\/2026\/02\/1-7-768x768.jpg 768w, https:\/\/shop.steel-containers.com\/wp-content\/uploads\/2026\/02\/1-7-600x600.jpg 600w, https:\/\/shop.steel-containers.com\/wp-content\/uploads\/2026\/02\/1-7-100x100.jpg 100w, https:\/\/shop.steel-containers.com\/wp-content\/uploads\/2026\/02\/1-7.jpg 1024w\" sizes=\"(max-width: 300px) 100vw, 300px\" \/><\/div>\n\t\t\t\t\t<div class=\"wc-block-grid__product-title\">Garagenbox<\/div>\n\t\t\t\t<\/a>\n\t\t\t\t<div class=\"wc-block-grid__product-price price\"><\/div>\n\t\t\t\t\n\t\t\t\t<div class=\"wp-block-button wc-block-grid__product-add-to-cart\"><a href=\"https:\/\/shop.steel-containers.com\/de\/produkt\/garagenbox\/\" aria-label=\"Lese mehr \u00fcber &#8222;Garagenbox&#8220;\" data-quantity=\"1\" data-product_id=\"4099\" data-product_sku=\"\" data-price=\"0\" rel=\"nofollow\" class=\"wp-block-button__link wp-element-button add_to_cart_button\">Weiterlesen<\/a><\/div>\n\t\t\t<\/li><li class=\"wc-block-grid__product\"><span class=\"gtm4wp_productdata\" style=\"display:none; visibility:hidden;\" data-gtm4wp_product_data=\"{&quot;internal_id&quot;:4080,&quot;item_id&quot;:4080,&quot;item_name&quot;:&quot;Abfallbeh\\u00e4lter mit Dach SLIM 50&quot;,&quot;sku&quot;:4080,&quot;price&quot;:447.72,&quot;stocklevel&quot;:null,&quot;stockstatus&quot;:&quot;instock&quot;,&quot;google_business_vertical&quot;:&quot;retail&quot;,&quot;item_category&quot;:&quot;Abfalltrennung&quot;,&quot;id&quot;:4080,&quot;productlink&quot;:&quot;https:\\\/\\\/shop.steel-containers.com\\\/de\\\/produkt\\\/abfallbehaelter-mit-dach-slim-50\\\/&quot;,&quot;item_list_name&quot;:&quot;General Product List&quot;,&quot;index&quot;:0,&quot;product_type&quot;:&quot;simple&quot;,&quot;item_brand&quot;:&quot;&quot;}\"><\/span>\n\t\t\t\t<a href=\"https:\/\/shop.steel-containers.com\/de\/produkt\/abfallbehaelter-mit-dach-slim-50\/\" class=\"wc-block-grid__product-link\">\n\t\t\t\t\t\n\t\t\t\t\t<div class=\"wc-block-grid__product-image\"><img decoding=\"async\" width=\"300\" height=\"300\" src=\"https:\/\/shop.steel-containers.com\/wp-content\/uploads\/2026\/02\/1-6-300x300.jpg\" class=\"attachment-woocommerce_thumbnail size-woocommerce_thumbnail\" alt=\"Abfallbeh\u00e4lter mit Dach SLIM 50 schwarz aus verzinktem, pulverbeschichtetem Stahl \u2013 Au\u00dfenabfallbeh\u00e4lter 50 l&lt;br&gt; &lt;br&gt; &lt;br&gt;\" srcset=\"https:\/\/shop.steel-containers.com\/wp-content\/uploads\/2026\/02\/1-6-300x300.jpg 300w, https:\/\/shop.steel-containers.com\/wp-content\/uploads\/2026\/02\/1-6-150x150.jpg 150w, https:\/\/shop.steel-containers.com\/wp-content\/uploads\/2026\/02\/1-6-100x100.jpg 100w\" sizes=\"(max-width: 300px) 100vw, 300px\" \/><\/div>\n\t\t\t\t\t<div class=\"wc-block-grid__product-title\">Abfallbeh\u00e4lter mit Dach SLIM 50<\/div>\n\t\t\t\t<\/a>\n\t\t\t\t<div class=\"wc-block-grid__product-price price\"><span class=\"woocommerce-Price-amount amount\">447,72&nbsp;<span class=\"woocommerce-Price-currencySymbol\">&euro;<\/span><\/span> <small class=\"woocommerce-price-suffix\">exkl. MwSt. <span class=\"woocommerce-Price-amount amount\">364,00&nbsp;<span class=\"woocommerce-Price-currencySymbol\">&euro;<\/span><\/span><\/small><\/div>\n\t\t\t\t\n\t\t\t\t<div class=\"wp-block-button wc-block-grid__product-add-to-cart\"><a href=\"\/de\/wp-json\/wp\/v2\/pages\/82?add-to-cart=4080\" aria-label=\"In den Warenkorb legen: \u201eAbfallbeh\u00e4lter mit Dach SLIM 50\u201c\" data-quantity=\"1\" data-product_id=\"4080\" data-product_sku=\"\" data-price=\"447.72\" rel=\"nofollow\" class=\"wp-block-button__link wp-element-button add_to_cart_button ajax_add_to_cart\">In den Warenkorb<\/a><\/div>\n\t\t\t<\/li><li class=\"wc-block-grid__product\"><span class=\"gtm4wp_productdata\" style=\"display:none; visibility:hidden;\" data-gtm4wp_product_data=\"{&quot;internal_id&quot;:4032,&quot;item_id&quot;:4032,&quot;item_name&quot;:&quot;Abfallbeh\\u00e4lter mit Dach DUAL 70&quot;,&quot;sku&quot;:4032,&quot;price&quot;:415.74,&quot;stocklevel&quot;:null,&quot;stockstatus&quot;:&quot;instock&quot;,&quot;google_business_vertical&quot;:&quot;retail&quot;,&quot;item_category&quot;:&quot;Abfalltrennung&quot;,&quot;id&quot;:4032,&quot;productlink&quot;:&quot;https:\\\/\\\/shop.steel-containers.com\\\/de\\\/produkt\\\/kos-na-odpad-s-striskou-dual-70-v-cerne-barve-volne-stojici-ocelovy-mestsky-kos-s-vlozkou-70-l-pro-verejne-prostory\\\/&quot;,&quot;item_list_name&quot;:&quot;General Product List&quot;,&quot;index&quot;:0,&quot;product_type&quot;:&quot;simple&quot;,&quot;item_brand&quot;:&quot;&quot;}\"><\/span>\n\t\t\t\t<a href=\"https:\/\/shop.steel-containers.com\/de\/produkt\/kos-na-odpad-s-striskou-dual-70-v-cerne-barve-volne-stojici-ocelovy-mestsky-kos-s-vlozkou-70-l-pro-verejne-prostory\/\" class=\"wc-block-grid__product-link\">\n\t\t\t\t\t\n\t\t\t\t\t<div class=\"wc-block-grid__product-image\"><img decoding=\"async\" width=\"300\" height=\"300\" src=\"https:\/\/shop.steel-containers.com\/wp-content\/uploads\/2026\/02\/1-5-300x300.jpg\" class=\"attachment-woocommerce_thumbnail size-woocommerce_thumbnail\" alt=\"Abfallbeh\u00e4lter mit Dach DUAL 70 in schwarzer Farbe, freistehender Stahl-Stadtm\u00fclleimer mit 70 l Einsatz f\u00fcr \u00f6ffentliche Bereiche&lt;br&gt;&lt;br&gt;&lt;br&gt;\" srcset=\"https:\/\/shop.steel-containers.com\/wp-content\/uploads\/2026\/02\/1-5-300x300.jpg 300w, https:\/\/shop.steel-containers.com\/wp-content\/uploads\/2026\/02\/1-5-150x150.jpg 150w, https:\/\/shop.steel-containers.com\/wp-content\/uploads\/2026\/02\/1-5-768x768.jpg 768w, https:\/\/shop.steel-containers.com\/wp-content\/uploads\/2026\/02\/1-5-600x600.jpg 600w, https:\/\/shop.steel-containers.com\/wp-content\/uploads\/2026\/02\/1-5-100x100.jpg 100w, https:\/\/shop.steel-containers.com\/wp-content\/uploads\/2026\/02\/1-5.jpg 1024w\" sizes=\"(max-width: 300px) 100vw, 300px\" \/><\/div>\n\t\t\t\t\t<div class=\"wc-block-grid__product-title\">Abfallbeh\u00e4lter mit Dach DUAL 70<\/div>\n\t\t\t\t<\/a>\n\t\t\t\t<div class=\"wc-block-grid__product-price price\"><span class=\"woocommerce-Price-amount amount\">415,74&nbsp;<span class=\"woocommerce-Price-currencySymbol\">&euro;<\/span><\/span> <small class=\"woocommerce-price-suffix\">exkl. MwSt. <span class=\"woocommerce-Price-amount amount\">338,00&nbsp;<span class=\"woocommerce-Price-currencySymbol\">&euro;<\/span><\/span><\/small><\/div>\n\t\t\t\t\n\t\t\t\t<div class=\"wp-block-button wc-block-grid__product-add-to-cart\"><a href=\"\/de\/wp-json\/wp\/v2\/pages\/82?add-to-cart=4032\" aria-label=\"In den Warenkorb legen: \u201eAbfallbeh\u00e4lter mit Dach DUAL 70\u201c\" data-quantity=\"1\" data-product_id=\"4032\" data-product_sku=\"\" data-price=\"415.74\" rel=\"nofollow\" class=\"wp-block-button__link wp-element-button add_to_cart_button ajax_add_to_cart\">In den Warenkorb<\/a><\/div>\n\t\t\t<\/li><\/ul><\/div><\/div>\n<\/div>\n","protected":false},"excerpt":{"rendered":"","protected":false},"author":1,"featured_media":0,"parent":0,"menu_order":0,"comment_status":"closed","ping_status":"closed","template":"page-cart","meta":{"footnotes":""},"class_list":["post-82","page","type-page","status-publish","hentry"],"_links":{"self":[{"href":"https:\/\/shop.steel-containers.com\/de\/wp-json\/wp\/v2\/pages\/82","targetHints":{"allow":["GET"]}}],"collection":[{"href":"https:\/\/shop.steel-containers.com\/de\/wp-json\/wp\/v2\/pages"}],"about":[{"href":"https:\/\/shop.steel-containers.com\/de\/wp-json\/wp\/v2\/types\/page"}],"author":[{"embeddable":true,"href":"https:\/\/shop.steel-containers.com\/de\/wp-json\/wp\/v2\/users\/1"}],"replies":[{"embeddable":true,"href":"https:\/\/shop.steel-containers.com\/de\/wp-json\/wp\/v2\/comments?post=82"}],"version-history":[{"count":9,"href":"https:\/\/shop.steel-containers.com\/de\/wp-json\/wp\/v2\/pages\/82\/revisions"}],"predecessor-version":[{"id":5298,"href":"https:\/\/shop.steel-containers.com\/de\/wp-json\/wp\/v2\/pages\/82\/revisions\/5298"}],"wp:attachment":[{"href":"https:\/\/shop.steel-containers.com\/de\/wp-json\/wp\/v2\/media?parent=82"}],"curies":[{"name":"wp","href":"https:\/\/api.w.org\/{rel}","templated":true}]}}