{"id":2051,"date":"2026-01-22T09:32:40","date_gmt":"2026-01-22T08:32:40","guid":{"rendered":"https:\/\/shop.steel-containers.com\/produkt\/kippbehaelter-tk-300\/"},"modified":"2026-02-27T12:00:34","modified_gmt":"2026-02-27T11:00:34","slug":"kippbehaelter-tk-300","status":"publish","type":"product","link":"https:\/\/shop.steel-containers.com\/de\/produkt\/kippbehaelter-tk-300\/","title":{"rendered":"Kippbeh\u00e4lter TK 300"},"content":{"rendered":"<p data-path-to-node=\"4\">Das Modell TK ist ein universeller Kippbeh\u00e4lter, der speziell f\u00fcr den intensiven Einsatz mit Gabelstaplern entwickelt wurde. Dank seiner verst\u00e4rkten Konstruktion und des dualen Entleerungssystems ist er die ideale L\u00f6sung f\u00fcr den Transport von Abf\u00e4llen, Schrott, Sp\u00e4nen und Sch\u00fcttg\u00fctern in Produktionsbetrieben und Lagern. <\/p>\n<p data-path-to-node=\"6\">Was dieses Modell vom Wettbewerb abhebt, ist die Kombination aus Arbeitssicherheit und \u00fcberdurchschnittlicher Langlebigkeit. Der Beh\u00e4lter besteht aus hochwertigem 3 mm starkem Blech, w\u00e4hrend die Basis zus\u00e4tzlich mit 4 mm Blech verst\u00e4rkt wurde. Zahlreiche konstruktive Verst\u00e4rkungen garantieren, dass der Kippbeh\u00e4lter auch bei hohen Belastungen seine Steifigkeit beh\u00e4lt.  <\/p>\n<h5>Wichtige Merkmale und Funktionalit\u00e4ten:<\/h5>\n<p data-path-to-node=\"8\">Um maximale Ergonomie und Sicherheit zu gew\u00e4hrleisten, ist das Modell TK mit fortschrittlichen technischen L\u00f6sungen ausgestattet:<\/p>\n<ul data-path-to-node=\"9\">\n<li>\n<p data-path-to-node=\"9,0,0\">Duales Entleerungssystem: Erm\u00f6glicht das Entleeren des Beh\u00e4lters auf zwei Arten \u2013 m\u00fchelos \u00fcber den stirnseitigen Ausl\u00f6semechanismus (durch Andr\u00fccken gegen den Rand des Zielcontainers) oder manuell \u00fcber den r\u00fcckseitigen Hebel (vom Staplersitz aus).<\/p>\n<\/li>\n<li>\n<p data-path-to-node=\"9,1,0\">Dreifacher Korrosionsschutz: Die Beh\u00e4lter werden im Nasslackverfahren beschichtet. Die Kombination aus Grundierung und Polyurethan-Decklack bildet eine dichte Barriere gegen Regen, Schnee und Rost. Die glatte Lackoberfl\u00e4che sorgt zudem f\u00fcr eine einfache Reinigung des Innenraums.  <\/p>\n<\/li>\n<li>\n<p data-path-to-node=\"9,2,0\"><b>Sicherheitssystem:<\/b><\/p>\n<ul data-path-to-node=\"9,2,1\">\n<li>\n<p data-path-to-node=\"9,2,1,0,0\">Kippsicherung: Eine Verriegelung an der R\u00fcckseite des Rahmens verhindert ein versehentliches Kippen des Beh\u00e4lters w\u00e4hrend der Fahrt.<\/p>\n<\/li>\n<li>\n<p data-path-to-node=\"9,2,1,1,0\">Zinkensicherung: Eine spezielle Sicherungskette oder -vorrichtung an der linken Einfahrtasche verhindert ein unkontrolliertes Abrutschen des Beh\u00e4lters von den Gabelzinken bei abrupten Fahrman\u00f6vern.<\/p>\n<\/li>\n<\/ul>\n<\/li>\n<\/ul>\n","protected":false},"excerpt":{"rendered":"<h3><strong>Kippbeh\u00e4lter<\/strong><\/h3>\n","protected":false},"featured_media":2047,"comment_status":"open","ping_status":"closed","template":"","meta":[],"product_brand":[],"product_cat":[324],"product_tag":[],"class_list":{"0":"post-2051","1":"product","2":"type-product","3":"status-publish","4":"has-post-thumbnail","6":"product_cat-tk","7":"product_shipping_class-kurier-390","9":"first","10":"instock","11":"taxable","12":"shipping-taxable","13":"purchasable","14":"product-type-simple"},"_links":{"self":[{"href":"https:\/\/shop.steel-containers.com\/de\/wp-json\/wp\/v2\/product\/2051","targetHints":{"allow":["GET"]}}],"collection":[{"href":"https:\/\/shop.steel-containers.com\/de\/wp-json\/wp\/v2\/product"}],"about":[{"href":"https:\/\/shop.steel-containers.com\/de\/wp-json\/wp\/v2\/types\/product"}],"replies":[{"embeddable":true,"href":"https:\/\/shop.steel-containers.com\/de\/wp-json\/wp\/v2\/comments?post=2051"}],"wp:featuredmedia":[{"embeddable":true,"href":"https:\/\/shop.steel-containers.com\/de\/wp-json\/wp\/v2\/media\/2047"}],"wp:attachment":[{"href":"https:\/\/shop.steel-containers.com\/de\/wp-json\/wp\/v2\/media?parent=2051"}],"wp:term":[{"taxonomy":"product_brand","embeddable":true,"href":"https:\/\/shop.steel-containers.com\/de\/wp-json\/wp\/v2\/product_brand?post=2051"},{"taxonomy":"product_cat","embeddable":true,"href":"https:\/\/shop.steel-containers.com\/de\/wp-json\/wp\/v2\/product_cat?post=2051"},{"taxonomy":"product_tag","embeddable":true,"href":"https:\/\/shop.steel-containers.com\/de\/wp-json\/wp\/v2\/product_tag?post=2051"}],"curies":[{"name":"wp","href":"https:\/\/api.w.org\/{rel}","templated":true}]}}