{"id":2074,"date":"2026-01-22T09:32:41","date_gmt":"2026-01-22T08:32:41","guid":{"rendered":"https:\/\/shop.steel-containers.com\/produkt\/kippbehaelter-tk-800\/"},"modified":"2026-01-22T09:32:41","modified_gmt":"2026-01-22T08:32:41","slug":"kippbehaelter-tk-800","status":"publish","type":"product","link":"https:\/\/shop.steel-containers.com\/de\/produkt\/kippbehaelter-tk-800\/","title":{"rendered":"Kippbeh\u00e4lter TK 800"},"content":{"rendered":"<p>Das Modell TK 800 ist ein vielseitiger Selbstkipper, der als effizienter Entleerungsbeh\u00e4lter f\u00fcr Gabelstapler konzipiert wurde. Als erfahrener Hersteller von Metallcontainern liefern wir professionelle L\u00f6sungen, die den innerbetrieblichen Transport optimieren und die Effizienz Ihres Unternehmens steigern. <\/p>\n<h5>Robustheit und Widerstandsf\u00e4higkeit: Industrie-Abfallcontainer<\/h5>\n<p>Die f\u00fcr die harten Anforderungen der Industrie entwickelten Kippbeh\u00e4lter TK 800 werden mit gr\u00f6\u00dfter Sorgfalt aus hochwertigen Materialien gefertigt.<\/p>\n<p>Konstruktionsdetails des TK 800:<\/p>\n<ul>\n<li>Beh\u00e4lterwanne: Gefertigt aus robustem 3 mm Stahlblech.<\/li>\n<li>Basisrahmen: Verst\u00e4rkte Materialst\u00e4rke von 4 mm.<\/li>\n<li>Verst\u00e4rkungsprofile: Sorgen f\u00fcr Stabilit\u00e4t auch bei maximaler Beladung.<\/li>\n<\/ul>\n<p>F\u00fcr eine maximale Lebensdauer wird der Stahlcontainer im Nasslackverfahren mit Grundierung und Polyurethan-Lack beschichtet. Diese Lackierung ist ein entscheidender Schutz gegen Korrosion (Rost) und Witterungseinfl\u00fcsse im Au\u00dfeneinsatz. Die glatte Oberfl\u00e4che erleichtert zudem die Reinigung des Beh\u00e4lters bei der Entsorgung von Industrieabf\u00e4llen.  <\/p>\n<h5>Funktionalit\u00e4t und Sicherheit \u2013 Kippmechanismus<\/h5>\n<p>Das Modell TK 800 verf\u00fcgt \u00fcber ein innovatives duales Entleerungssystem: Die Ausl\u00f6sung erfolgt entweder \u00fcber den stirnseitigen Druckmechanismus oder \u00fcber den Handhebel am Heck. <\/p>\n<p>Unsere Sicherheitssysteme zur Risikominimierung:<\/p>\n<ol>\n<li>Sicherungskette\/St\u00fctzfu\u00df: An der linken Einfahrtasche angebracht, um ein Abrutschen von den Gabelzinken zu verhindern.<\/li>\n<li>Transportsicherung: Verhindert das unkontrollierte Abkippen w\u00e4hrend der Fahrt.<\/li>\n<\/ol>\n<p>Mit dem TK 800 erhalten Sie einen Lagercontainer, der sicheres und komfortables Arbeiten garantiert. Ben\u00f6tigen Sie einen speziellen Schrottcontainer oder eine Sonderanfertigung? Kontaktieren Sie uns \u2013 wir entwerfen und fertigen auch ma\u00dfgeschneiderte Metallcontainer nach Ihren individuellen Anforderungen.  <\/p>\n<p>und Witterungseinfl\u00fcssen sowie Rostbildung bei Verwendung der Beh\u00e4lter im Freien. Die glatte Oberfl\u00e4chenstruktur erleichtert die Reinigung des Tanks. <\/p>\n","protected":false},"excerpt":{"rendered":"<h3><strong>Kippbeh\u00e4lter<\/strong><\/h3>\n","protected":false},"featured_media":2047,"comment_status":"open","ping_status":"closed","template":"","meta":[],"product_brand":[],"product_cat":[324],"product_tag":[],"class_list":{"0":"post-2074","1":"product","2":"type-product","3":"status-publish","4":"has-post-thumbnail","6":"product_cat-tk","7":"product_shipping_class-kurier-390","9":"first","10":"instock","11":"taxable","12":"shipping-taxable","13":"purchasable","14":"product-type-simple"},"_links":{"self":[{"href":"https:\/\/shop.steel-containers.com\/de\/wp-json\/wp\/v2\/product\/2074","targetHints":{"allow":["GET"]}}],"collection":[{"href":"https:\/\/shop.steel-containers.com\/de\/wp-json\/wp\/v2\/product"}],"about":[{"href":"https:\/\/shop.steel-containers.com\/de\/wp-json\/wp\/v2\/types\/product"}],"replies":[{"embeddable":true,"href":"https:\/\/shop.steel-containers.com\/de\/wp-json\/wp\/v2\/comments?post=2074"}],"wp:featuredmedia":[{"embeddable":true,"href":"https:\/\/shop.steel-containers.com\/de\/wp-json\/wp\/v2\/media\/2047"}],"wp:attachment":[{"href":"https:\/\/shop.steel-containers.com\/de\/wp-json\/wp\/v2\/media?parent=2074"}],"wp:term":[{"taxonomy":"product_brand","embeddable":true,"href":"https:\/\/shop.steel-containers.com\/de\/wp-json\/wp\/v2\/product_brand?post=2074"},{"taxonomy":"product_cat","embeddable":true,"href":"https:\/\/shop.steel-containers.com\/de\/wp-json\/wp\/v2\/product_cat?post=2074"},{"taxonomy":"product_tag","embeddable":true,"href":"https:\/\/shop.steel-containers.com\/de\/wp-json\/wp\/v2\/product_tag?post=2074"}],"curies":[{"name":"wp","href":"https:\/\/api.w.org\/{rel}","templated":true}]}}