{"id":2083,"date":"2026-01-22T09:32:41","date_gmt":"2026-01-22T08:32:41","guid":{"rendered":"https:\/\/shop.steel-containers.com\/produkt\/kippbehaelter-tk-900\/"},"modified":"2026-01-22T09:32:41","modified_gmt":"2026-01-22T08:32:41","slug":"kippbehaelter-tk-900","status":"publish","type":"product","link":"https:\/\/shop.steel-containers.com\/de\/produkt\/kippbehaelter-tk-900\/","title":{"rendered":"Kippbeh\u00e4lter TK 900"},"content":{"rendered":"<p data-path-to-node=\"3\">Der Selbstkipper TK 900 ist ein robustes Anbauger\u00e4t f\u00fcr Gabelstapler, entwickelt f\u00fcr h\u00f6chste Effizienz im Lagerbetrieb. Dieses universelle Modell vereint eine verst\u00e4rkte Bauweise mit hoher Funktionalit\u00e4t und eignet sich ideal f\u00fcr den Transport von Sch\u00fcttg\u00fctern, Produktionsabf\u00e4llen, Schrott oder Sp\u00e4nen. <\/p>\n<h5>Solide Konstruktion und Langlebigkeit<\/h5>\n<p data-path-to-node=\"5\">Der TK 900 setzt Ma\u00dfst\u00e4be in Sachen mechanischer Widerstandsf\u00e4higkeit. Der Container wurde f\u00fcr den harten Dauereinsatz konzipiert: <\/p>\n<ul data-path-to-node=\"6\">\n<li>\n<p data-path-to-node=\"6,0,0\"><b>Wzmocniona budowa:<\/b> Zbiornik wykonano z blachy o grubo\u015bci <b>3 mm<\/b>, natomiast podstawa, kt\u00f3ra przenosi najwi\u0119ksze obci\u0105\u017cenia, zosta\u0142a zrobiona z blachy <b>4 mm<\/b>.<\/p>\n<\/li>\n<li>\n<p data-path-to-node=\"6,1,0\">Verst\u00e4rkungssystem: Zus\u00e4tzliche Versteifungsrippen garantieren maximale Stabilit\u00e4t und Verwindungssteifheit, selbst bei maximaler Beladung.<\/p>\n<\/li>\n<\/ul>\n<h5>Duales Entleerungssystem (Dual-Mode)<\/h5>\n<p data-path-to-node=\"8\">Der Kippbeh\u00e4lter TK 900 bietet Staplerfahrern volle Flexibilit\u00e4t durch zwei Entleerungsmethoden:<\/p>\n<ol start=\"1\" data-path-to-node=\"9\">\n<li>\n<p data-path-to-node=\"9,0,0\">Automatik-Modus (Stirnseitiger Ausl\u00f6ser): Der Fahrer dr\u00fcckt den Ausl\u00f6semechanismus an der Vorderseite gegen den Rand des Zielbeh\u00e4lters, wodurch die Verriegelung gel\u00f6st und der Inhalt automatisch ausgekippt wird.<\/p>\n<\/li>\n<li>\n<p data-path-to-node=\"9,1,0\">Manueller Modus (Hebel): Die Entriegelung erfolgt \u00fcber einen Hebel an der R\u00fcckseite des Rahmens (z.B. beim Abkippen auf Bodenh\u00f6he).<\/p>\n<\/li>\n<\/ol>\n<h5>Arbeitssicherheit<\/h5>\n<p data-path-to-node=\"11\">Das Modell TK 900 ist mit wichtigen Sicherheitssystemen zum Schutz von Mensch und Ladung ausgestattet:<\/p>\n<ul data-path-to-node=\"12\">\n<li>\n<p data-path-to-node=\"12,0,0\">Abrutschsicherung: Ein spezieller Sicherungsfu\u00df an der linken Einfahrtasche sch\u00fctzt den Beh\u00e4lter vor dem Abrutschen von den Zinken, selbst bei Gefahrenbremsungen.<\/p>\n<\/li>\n<li>\n<p data-path-to-node=\"12,1,0\">Kippsicherung: Ein mechanischer Riegel am Heck des Rahmens verhindert ein unkontrolliertes Kippen der Wanne w\u00e4hrend der Fahrt.<\/p>\n<\/li>\n<\/ul>\n","protected":false},"excerpt":{"rendered":"<h3><strong>Kippbeh\u00e4lter<\/strong><\/h3>\n","protected":false},"featured_media":2047,"comment_status":"open","ping_status":"closed","template":"","meta":[],"product_brand":[],"product_cat":[324],"product_tag":[],"class_list":{"0":"post-2083","1":"product","2":"type-product","3":"status-publish","4":"has-post-thumbnail","6":"product_cat-tk","7":"product_shipping_class-kurier-450","9":"first","10":"instock","11":"taxable","12":"shipping-taxable","13":"purchasable","14":"product-type-simple"},"_links":{"self":[{"href":"https:\/\/shop.steel-containers.com\/de\/wp-json\/wp\/v2\/product\/2083","targetHints":{"allow":["GET"]}}],"collection":[{"href":"https:\/\/shop.steel-containers.com\/de\/wp-json\/wp\/v2\/product"}],"about":[{"href":"https:\/\/shop.steel-containers.com\/de\/wp-json\/wp\/v2\/types\/product"}],"replies":[{"embeddable":true,"href":"https:\/\/shop.steel-containers.com\/de\/wp-json\/wp\/v2\/comments?post=2083"}],"wp:featuredmedia":[{"embeddable":true,"href":"https:\/\/shop.steel-containers.com\/de\/wp-json\/wp\/v2\/media\/2047"}],"wp:attachment":[{"href":"https:\/\/shop.steel-containers.com\/de\/wp-json\/wp\/v2\/media?parent=2083"}],"wp:term":[{"taxonomy":"product_brand","embeddable":true,"href":"https:\/\/shop.steel-containers.com\/de\/wp-json\/wp\/v2\/product_brand?post=2083"},{"taxonomy":"product_cat","embeddable":true,"href":"https:\/\/shop.steel-containers.com\/de\/wp-json\/wp\/v2\/product_cat?post=2083"},{"taxonomy":"product_tag","embeddable":true,"href":"https:\/\/shop.steel-containers.com\/de\/wp-json\/wp\/v2\/product_tag?post=2083"}],"curies":[{"name":"wp","href":"https:\/\/api.w.org\/{rel}","templated":true}]}}