{"id":2103,"date":"2026-01-22T09:32:41","date_gmt":"2026-01-22T08:32:41","guid":{"rendered":"https:\/\/shop.steel-containers.com\/produkt\/kippbehaelter-tk-1100\/"},"modified":"2026-01-22T09:32:41","modified_gmt":"2026-01-22T08:32:41","slug":"kippbehaelter-tk-1100","status":"publish","type":"product","link":"https:\/\/shop.steel-containers.com\/de\/produkt\/kippbehaelter-tk-1100\/","title":{"rendered":"Kippbeh\u00e4lter TK 1100"},"content":{"rendered":"<p>&nbsp;<\/p>\n<p>Das Modell TK 1100 ist ein universeller Selbstkipper, konzipiert als hocheffizienter Entleerungsbeh\u00e4lter f\u00fcr Gabelstapler. Als Hersteller von Metallcontainern liefern wir professionelle L\u00f6sungen, die Ihre t\u00e4glichen Arbeitsabl\u00e4ufe vereinfachen, beschleunigen und die Gesamtleistung Ihres Unternehmens steigern. <\/p>\n<h5>Solide Konstruktion und Korrosionsschutz<\/h5>\n<p>Die f\u00fcr einen sicheren und komfortablen Betrieb entwickelten Kippbeh\u00e4lter TK 1100 werden mit gr\u00f6\u00dfter Sorgfalt aus hochwertigen Materialien gefertigt. So entstehen universell einsetzbare Mehrzweckbeh\u00e4lter f\u00fcr h\u00f6chste Anspr\u00fcche. <\/p>\n<p>Konstruktionsmerkmale f\u00fcr maximale Langlebigkeit:<\/p>\n<ul>\n<li>Beh\u00e4lterwanne: Gefertigt aus robustem 3 mm Stahlblech.<\/li>\n<li>Basisrahmen: Verst\u00e4rkte Materialst\u00e4rke von 4 mm.<\/li>\n<li>Verst\u00e4rkungsprofile: Zahlreiche Versteifungen machen den Beh\u00e4lter extrem formstabil.<\/li>\n<\/ul>\n<p>Unsere Kippbeh\u00e4lter werden im Nasslackverfahren grundiert und mit Polyurethan-Lack endbeschichtet. Dieser Korrosionsschutz ist entscheidend f\u00fcr den Einsatz im Au\u00dfenbereich und sch\u00fctzt zuverl\u00e4ssig vor Rost und Witterungseinfl\u00fcssen. Die glatte Oberfl\u00e4che erm\u00f6glicht zudem eine schnelle und einfache Reinigung.   <\/p>\n<h5>Funktionalit\u00e4t und Sicherheitssysteme f\u00fcr Stapler<\/h5>\n<p>Der TK 1100 steht f\u00fcr Innovation und Funktionalit\u00e4t. Er ist mit einem dualen Entleerungssystem ausgestattet, bei dem der Kippmechanismus wie folgt aktiviert werden kann: <\/p>\n<ol>\n<li>\u00dcber den stirnseitigen Ausl\u00f6ser: Automatisches Abkippen durch Druckkontakt.<\/li>\n<li>\u00dcber den r\u00fcckseitigen Handhebel: Manuelle Steuerung durch den Bediener.<\/li>\n<\/ol>\n<p>Umfangreiche Sicherheitssysteme sch\u00fctzen vor Bedienfehlern: <\/p>\n<ul>\n<li>Abrutschsicherung: Eine Sicherung an der linken Einfahrtasche verhindert das Abgleiten von den Gabelzinken.<\/li>\n<li>Transportsicherung: Die r\u00fcckseitige Verriegelung verhindert ein unkontrolliertes Kippen w\u00e4hrend der Fahrt.<\/li>\n<\/ul>\n<p>Mit dem Modell TK 1100 erhalten Sie einen Industriebeh\u00e4lter mit dem besten Preis-Leistungs-Verh\u00e4ltnis. Wenn Sie einen Schrottcontainer oder einen Beh\u00e4lter f\u00fcr Industrieabf\u00e4lle suchen, ist der TK 1100 die perfekte Wahl. Gerne entwerfen und fertigen wir f\u00fcr Sie auch individuelle Metallcontainer nach Ma\u00df.  <\/p>\n","protected":false},"excerpt":{"rendered":"<h3><strong>Kippbeh\u00e4lter<\/strong><\/h3>\n","protected":false},"featured_media":2047,"comment_status":"open","ping_status":"closed","template":"","meta":[],"product_brand":[],"product_cat":[324],"product_tag":[],"class_list":{"0":"post-2103","1":"product","2":"type-product","3":"status-publish","4":"has-post-thumbnail","6":"product_cat-tk","7":"product_shipping_class-kurier-450","9":"first","10":"instock","11":"taxable","12":"shipping-taxable","13":"purchasable","14":"product-type-simple"},"_links":{"self":[{"href":"https:\/\/shop.steel-containers.com\/de\/wp-json\/wp\/v2\/product\/2103","targetHints":{"allow":["GET"]}}],"collection":[{"href":"https:\/\/shop.steel-containers.com\/de\/wp-json\/wp\/v2\/product"}],"about":[{"href":"https:\/\/shop.steel-containers.com\/de\/wp-json\/wp\/v2\/types\/product"}],"replies":[{"embeddable":true,"href":"https:\/\/shop.steel-containers.com\/de\/wp-json\/wp\/v2\/comments?post=2103"}],"wp:featuredmedia":[{"embeddable":true,"href":"https:\/\/shop.steel-containers.com\/de\/wp-json\/wp\/v2\/media\/2047"}],"wp:attachment":[{"href":"https:\/\/shop.steel-containers.com\/de\/wp-json\/wp\/v2\/media?parent=2103"}],"wp:term":[{"taxonomy":"product_brand","embeddable":true,"href":"https:\/\/shop.steel-containers.com\/de\/wp-json\/wp\/v2\/product_brand?post=2103"},{"taxonomy":"product_cat","embeddable":true,"href":"https:\/\/shop.steel-containers.com\/de\/wp-json\/wp\/v2\/product_cat?post=2103"},{"taxonomy":"product_tag","embeddable":true,"href":"https:\/\/shop.steel-containers.com\/de\/wp-json\/wp\/v2\/product_tag?post=2103"}],"curies":[{"name":"wp","href":"https:\/\/api.w.org\/{rel}","templated":true}]}}