{"id":2177,"date":"2026-01-22T09:34:03","date_gmt":"2026-01-22T08:34:03","guid":{"rendered":"https:\/\/shop.steel-containers.com\/produkt\/kippbehaelter-tk-mini-150\/"},"modified":"2026-01-22T09:34:03","modified_gmt":"2026-01-22T08:34:03","slug":"kippbehaelter-tk-mini-150","status":"publish","type":"product","link":"https:\/\/shop.steel-containers.com\/de\/produkt\/kippbehaelter-tk-mini-150\/","title":{"rendered":"Kippbeh\u00e4lter TK Mini 150"},"content":{"rendered":"<p data-path-to-node=\"4\">Der TK Mini 150 ist ein kompakter Industriebeh\u00e4lter, entwickelt f\u00fcr Betriebe mit begrenztem Platzangebot. Er ist einer der kleinsten staplerf\u00e4higen Metallbeh\u00e4lter auf dem Markt und eignet sich ideal f\u00fcr die Abfallsammlung direkt an Produktionsmaschinen, S\u00e4gen oder CNC-Bearbeitungszentren. <\/p>\n<h5>Kompakte, aber robuste Bauweise<\/h5>\n<p data-path-to-node=\"6\">Trotz seiner geringen Ma\u00dfe steht der TK Mini 150 in Sachen Langlebigkeit seinen gr\u00f6\u00dferen Verwandten in nichts nach: <\/p>\n<ul data-path-to-node=\"7\">\n<li>\n<p data-path-to-node=\"7,0,0\">Solide Materialien: Die Wanne besteht aus 2 mm starkem Stahlblech, der hochbelastete Grundrahmen aus 3 mm Blech.<\/p>\n<\/li>\n<li>\n<p data-path-to-node=\"7,1,0\">Fl\u00fcssigkeitsdichte Ausf\u00fchrung: Die doppelseitige Verschwei\u00dfung garantiert eine absolute Dichtheit des Beh\u00e4lters. Damit ist der Kipper hervorragend f\u00fcr Sp\u00e4ne mit K\u00fchlmitteln, nasse Abf\u00e4lle oder Kleinteile geeignet, ohne dass Fl\u00fcssigkeiten auf den Hallenboden gelangen. <\/p>\n<\/li>\n<li>\n<p data-path-to-node=\"7,2,0\">Verst\u00e4rkungen: Zus\u00e4tzliche Profile garantieren die Formstabilit\u00e4t des Beh\u00e4lters auch bei intensivem Einsatz.<\/p>\n<\/li>\n<\/ul>\n<h5>Duales Entleerungssystem \u2013 Komfort und Sicherheit<\/h5>\n<p data-path-to-node=\"9\">Der TK Mini 150 bietet volle Flexibilit\u00e4t durch zwei Entleerungsmethoden:<\/p>\n<h5>Automatische Entleerung (Ber\u00fchrungslos)<\/h5>\n<p data-path-to-node=\"11\">\u00dcber den stirnseitigen Ausl\u00f6semechanismus kann der Fahrer den Beh\u00e4lter entleeren, ohne den Stapler zu verlassen \u2013 einfach gegen den Rand des Zielcontainers dr\u00fccken. <\/p>\n<h5>Manuelle Entleerung (Seilzug-bereit)<\/h5>\n<p data-path-to-node=\"13\">Die Entriegelung kann \u00fcber den hinteren Hebel erfolgen.<\/p>\n<ul data-path-to-node=\"14\">\n<li>\n<p data-path-to-node=\"14,0,0\">Dies ist direkt vom Boden aus oder \u2013 durch Anbringen eines Stahlseils am Hebel \u2013 bequem und sicher vom Staplersitz aus m\u00f6glich,<\/p>\n<\/li>\n<li>\n<p data-path-to-node=\"14,1,0\">selbst wenn der Beh\u00e4lter hoch angehoben ist. <\/p>\n<\/li>\n<\/ul>\n<h5>Transportsicherheit<\/h5>\n<p data-path-to-node=\"16\">Jeder TK Mini Kipper ist mit einer soliden Sperre ausgestattet, die ein unbeabsichtigtes Kippen w\u00e4hrend der Fahrt verhindert. Dies garantiert Ladungsstabilit\u00e4t und maximale Sicherheit f\u00fcr den Bediener. <\/p>\n","protected":false},"excerpt":{"rendered":"<h5>Selbstkipper TK Mini 150: Der kleinste Industriebeh\u00e4lter am Markt. Dichte Konstruktion, 2\/3mm Blech, duales Kippsystem (Ausl\u00f6ser\/Hebel). Ideal f\u00fcr die Aufstellung unter Maschinen. Jetzt anfragen!   <\/h5>\n","protected":false},"featured_media":2169,"comment_status":"open","ping_status":"closed","template":"","meta":[],"product_brand":[],"product_cat":[327],"product_tag":[],"class_list":{"0":"post-2177","1":"product","2":"type-product","3":"status-publish","4":"has-post-thumbnail","6":"product_cat-tk-mini","7":"product_shipping_class-kurier-390","9":"first","10":"instock","11":"taxable","12":"shipping-taxable","13":"purchasable","14":"product-type-simple"},"_links":{"self":[{"href":"https:\/\/shop.steel-containers.com\/de\/wp-json\/wp\/v2\/product\/2177","targetHints":{"allow":["GET"]}}],"collection":[{"href":"https:\/\/shop.steel-containers.com\/de\/wp-json\/wp\/v2\/product"}],"about":[{"href":"https:\/\/shop.steel-containers.com\/de\/wp-json\/wp\/v2\/types\/product"}],"replies":[{"embeddable":true,"href":"https:\/\/shop.steel-containers.com\/de\/wp-json\/wp\/v2\/comments?post=2177"}],"wp:featuredmedia":[{"embeddable":true,"href":"https:\/\/shop.steel-containers.com\/de\/wp-json\/wp\/v2\/media\/2169"}],"wp:attachment":[{"href":"https:\/\/shop.steel-containers.com\/de\/wp-json\/wp\/v2\/media?parent=2177"}],"wp:term":[{"taxonomy":"product_brand","embeddable":true,"href":"https:\/\/shop.steel-containers.com\/de\/wp-json\/wp\/v2\/product_brand?post=2177"},{"taxonomy":"product_cat","embeddable":true,"href":"https:\/\/shop.steel-containers.com\/de\/wp-json\/wp\/v2\/product_cat?post=2177"},{"taxonomy":"product_tag","embeddable":true,"href":"https:\/\/shop.steel-containers.com\/de\/wp-json\/wp\/v2\/product_tag?post=2177"}],"curies":[{"name":"wp","href":"https:\/\/api.w.org\/{rel}","templated":true}]}}