{"id":2246,"date":"2026-01-22T09:32:42","date_gmt":"2026-01-22T08:32:42","guid":{"rendered":"https:\/\/shop.steel-containers.com\/produkt\/kippbehaelter-ntk-hd-300\/"},"modified":"2026-01-22T09:32:42","modified_gmt":"2026-01-22T08:32:42","slug":"kippbehaelter-ntk-hd-300","status":"publish","type":"product","link":"https:\/\/shop.steel-containers.com\/de\/produkt\/kippbehaelter-ntk-hd-300\/","title":{"rendered":"Kippbeh\u00e4lter NTK HD 300"},"content":{"rendered":"<p data-path-to-node=\"4\">Der Selbstkipper NTK HD 300 ist eine fortschrittliche L\u00f6sung f\u00fcr den innerbetrieblichen Transport, entwickelt f\u00fcr Unternehmen, die kompromisslose Widerstandsf\u00e4higkeit suchen. Im Gegensatz zu Standardbeh\u00e4ltern wurde die HD-Serie (Heavy Duty) f\u00fcr den Einsatz unter harten Industriebedingungen wie in Gie\u00dfereien, Schrottpl\u00e4tzen, Zerspanungsbetrieben oder Produktionsanlagen konzipiert. Wenn Ihr Gabelstapler ein Anbauger\u00e4t ben\u00f6tigt, das jahrelanger intensiver Nutzung standh\u00e4lt, ist dieses Modell die beste Wahl.  <\/p>\n<h2 data-path-to-node=\"5\">Die Langlebigkeit dieses Modells basiert auf der Verwendung von hochwertigem Qualit\u00e4tsstahl<\/h2>\n<p data-path-to-node=\"6\">Die NTK HD Kippmulde besteht aus 3 mm starkem Blech im Beh\u00e4lterbereich, w\u00e4hrend der besonders belastete Grundrahmen mit 4 mm Blech verst\u00e4rkt wurde. Diese Konfiguration garantiert maximale Formstabilit\u00e4t und Schutz gegen mechanische Besch\u00e4digungen. <\/p>\n<p data-path-to-node=\"7\">Kluczowym atutem jest r\u00f3wnie\u017c <b>wzmocniona g\u00f3rna kraw\u0119d\u017a<\/b>. Obwiedniowe wzmocnienie zapobiega odkszta\u0142ceniom burt przy pe\u0142nym za\u0142adunku ci\u0119\u017ckim materia\u0142em, takim jak gruz czy odpady stalowe. Co wi\u0119cej, kontener jest <b>dwustronnie spawany<\/b>. Technologia ta gwarantuje 100% szczelno\u015bci, co czyni ten osprz\u0119t idealnym do transportu nie tylko materia\u0142\u00f3w sta\u0142ych, ale r\u00f3wnie\u017c:   <\/p>\n<ul data-path-to-node=\"8\">\n<li>\n<p data-path-to-node=\"8,0,0\">\u00f6lhaltigen Stahlsp\u00e4nen,<\/p>\n<\/li>\n<li>\n<p data-path-to-node=\"8,1,0\">halbfl\u00fcssigen Abf\u00e4llen und Schl\u00e4mmen,<\/p>\n<\/li>\n<li>\n<p data-path-to-node=\"8,2,0\">nassem Sand oder Beton.<\/p>\n<\/li>\n<\/ul>\n<h2 data-path-to-node=\"9\">Doppelauswurfmechanismus \u2013 Ergonomie und Komfort<\/h2>\n<p data-path-to-node=\"10\">Um maximale Arbeitseffizienz f\u00fcr den Staplerfahrer zu gew\u00e4hrleisten, bietet der NTK HD zwei unabh\u00e4ngige Entleerungssysteme:<\/p>\n<ol start=\"1\" data-path-to-node=\"11\">\n<li>\n<p data-path-to-node=\"11,0,0\">Wartungsfreies System (Stirnseitiger Ausl\u00f6ser): Dies ist die schnellste Arbeitsmethode. Der Fahrer f\u00e4hrt \u00fcber den Sammelbeh\u00e4lter und senkt den Mast so weit ab, dass der Ausl\u00f6ser an der Vorderseite des Kippers gegen den Rand des Zielcontainers dr\u00fcckt. Dies entriegelt die Sperre und leitet den Kippvorgang ein, ohne dass der Fahrer den Stapler verlassen muss.  <\/p>\n<\/li>\n<li>\n<p data-path-to-node=\"11,1,0\">Manuelles System (Hebel): In Situationen, in denen Pr\u00e4zision gefragt ist, kann der Fahrer die Verriegelung manuell l\u00f6sen, indem er am Hebel an der R\u00fcckwand des Kippers (auf der Seite des Gabeltr\u00e4gers) zieht.<\/p>\n<\/li>\n<\/ol>\n<p data-path-to-node=\"12\">Nach dem Entleeren sorgt der pr\u00e4zise ausbalancierte Schwerpunkt daf\u00fcr, dass der leere Beh\u00e4lter selbstst\u00e4ndig in die Ausgangsposition zur\u00fcckschwenkt und automatisch verriegelt.<\/p>\n<h2 data-path-to-node=\"13\">Bezpiecze\u0144stwo i pow\u0142oka poliuretanowa<\/h2>\n<p data-path-to-node=\"14\">Sicherheit (Arbeitsschutz) hat im innerbetrieblichen Transport Priorit\u00e4t. Daher wurde der Selbstkipper mit einer robusten Transportsicherung gegen unbeabsichtigtes Kippen ausgestattet. Dieser Mechanismus eliminiert das Risiko einer versehentlichen Entleerung bei Gefahrenbremsungen oder Fahrten \u00fcber Bodenunebenheiten.  <\/p>\n<p data-path-to-node=\"15\">Auch die Oberfl\u00e4chenveredelung verdient Beachtung. Der Beh\u00e4lter ist mit hochwertigem Polyurethan-Lack spritzlackiert. Im Vergleich zu herk\u00f6mmlichen Grundierungen erzeugt Polyurethan eine glatte, glasartige Oberfl\u00e4che. Dies bietet:   <\/p>\n<ul data-path-to-node=\"16\">\n<li>\n<p data-path-to-node=\"16,0,0\">wesentlich h\u00f6here Best\u00e4ndigkeit gegen Korrosion und Witterungseinfl\u00fcsse,<\/p>\n<\/li>\n<li>\n<p data-path-to-node=\"16,1,0\">Schutz gegen Einwirkung von \u00d6len und Fetten,<\/p>\n<\/li>\n<li>\n<p data-path-to-node=\"16,2,0\">leichte Reinigung (Easy-Clean-System) \u2013 Schmutz haftet nicht an der glatten Beschichtung.<\/p>\n<\/li>\n<\/ul>\n","protected":false},"excerpt":{"rendered":"<p>Der Selbstkipper NTK HD 300 ist ein zuverl\u00e4ssiger Staplerbeh\u00e4lter, der speziell f\u00fcr den Materialtransport unter schwierigsten Industriebedingungen entwickelt wurde. Wenn Sie ein Anbauger\u00e4t suchen, das jahrelanger intensiver Nutzung standh\u00e4lt, ist dieses Modell der Heavy-Duty-Klasse die Antwort auf Ihre Anforderungen. Die Konstruktion besticht durch ihre massive Bauweise \u2013 die W\u00e4nde bestehen aus 3 mm Stahlblech, w\u00e4hrend die Basis mit 4 mm Blech verst\u00e4rkt wurde. Zus\u00e4tzlich verf\u00fcgt die Oberkante \u00fcber eine spezielle Verst\u00e4rkung, die den gesamten Korpus extrem stabil und unempfindlich gegen mechanische Verformungen macht.   <\/p>\n","protected":false},"featured_media":2234,"comment_status":"open","ping_status":"closed","template":"","meta":[],"product_brand":[],"product_cat":[411],"product_tag":[],"class_list":{"0":"post-2246","1":"product","2":"type-product","3":"status-publish","4":"has-post-thumbnail","6":"product_cat-ntk-hd","7":"product_shipping_class-kurier-390","9":"first","10":"instock","11":"taxable","12":"shipping-taxable","13":"purchasable","14":"product-type-simple"},"_links":{"self":[{"href":"https:\/\/shop.steel-containers.com\/de\/wp-json\/wp\/v2\/product\/2246","targetHints":{"allow":["GET"]}}],"collection":[{"href":"https:\/\/shop.steel-containers.com\/de\/wp-json\/wp\/v2\/product"}],"about":[{"href":"https:\/\/shop.steel-containers.com\/de\/wp-json\/wp\/v2\/types\/product"}],"replies":[{"embeddable":true,"href":"https:\/\/shop.steel-containers.com\/de\/wp-json\/wp\/v2\/comments?post=2246"}],"wp:featuredmedia":[{"embeddable":true,"href":"https:\/\/shop.steel-containers.com\/de\/wp-json\/wp\/v2\/media\/2234"}],"wp:attachment":[{"href":"https:\/\/shop.steel-containers.com\/de\/wp-json\/wp\/v2\/media?parent=2246"}],"wp:term":[{"taxonomy":"product_brand","embeddable":true,"href":"https:\/\/shop.steel-containers.com\/de\/wp-json\/wp\/v2\/product_brand?post=2246"},{"taxonomy":"product_cat","embeddable":true,"href":"https:\/\/shop.steel-containers.com\/de\/wp-json\/wp\/v2\/product_cat?post=2246"},{"taxonomy":"product_tag","embeddable":true,"href":"https:\/\/shop.steel-containers.com\/de\/wp-json\/wp\/v2\/product_tag?post=2246"}],"curies":[{"name":"wp","href":"https:\/\/api.w.org\/{rel}","templated":true}]}}