{"id":2334,"date":"2026-01-22T09:34:34","date_gmt":"2026-01-22T08:34:34","guid":{"rendered":"https:\/\/shop.steel-containers.com\/produkt\/fork-halbelektrischer-scherenhubwagen-prsp1500s\/"},"modified":"2026-03-13T11:14:52","modified_gmt":"2026-03-13T10:14:52","slug":"fork-halbelektrischer-scherenhubwagen-prsp1500s","status":"publish","type":"product","link":"https:\/\/shop.steel-containers.com\/de\/produkt\/fork-halbelektrischer-scherenhubwagen-prsp1500s\/","title":{"rendered":"FORK Halbelektrischer Scherenhubwagen PRSP1500S"},"content":{"rendered":"<p>Die \u00dcberlastung von Mitarbeitern durch h\u00e4ufiges Heben, Positionieren oder Tragen schwerer Lasten hat einen erheblichen Einfluss auf ihre Gesundheit. In solchen Situationen sind halbelektrische Scherenhubwagen aus dem FORK-Sortiment die ideale L\u00f6sung. Ein breites Spektrum an Tragf\u00e4higkeiten und Hubh\u00f6hen stellt sicher, dass jeder Kunde ein Produkt findet, das optimal zu seinen Anforderungen passt. Der Scherenhubwagen kann sowohl als klassischer Handhubwagen als auch als Hubplattform, Packtisch oder sogar als Werkbank eingesetzt werden.<\/p>\n<p>Halbelektrische Scherenhubwagen kombinieren einen elektrischen Hub mit manuellem Fahrantrieb. Das bedeutet, dass die Hubfunktion elektrisch erfolgt, w\u00e4hrend Lenken und Man\u00f6vrieren manuell ausgef\u00fchrt werden.<\/p>\n<p><strong>Halbelektrischer Scherenhubwagen PRSP1500S:<br \/>\n<\/strong><\/p>\n<ul>\n<li style=\"list-style-type: none;\">\n<ul>\n<li>Tragf\u00e4higkeit: 1.500 kg<\/li>\n<li>Hubh\u00f6he: 800 mm<\/li>\n<li><strong>Robuste, hochbelastbare Gabeln, verstellbar zur Anpassung an unterschiedliche Abmessungen<br \/>\n<\/strong><\/li>\n<li>\u00dcberdruckventil und \u00dcberlastschutzventil zum Schutz der Pumpe bei \u00dcberschreitung der maximalen Last<\/li>\n<li>Geschlossene Gabelenden und verst\u00e4rkte Gabelrahmen f\u00fcr eine lange Lebensdauer<\/li>\n<\/ul>\n<\/li>\n<\/ul>\n<p>&nbsp;<\/p>\n<p>Dieser Hubwagentyp bietet zahlreiche Vorteile, darunter eine geringere k\u00f6rperliche Belastung des Bedieners, eine h\u00f6here Produktivit\u00e4t sowie ein erh\u00f6htes Sicherheitsniveau. Damit ist er ein unverzichtbares Werkzeug zur Optimierung von Arbeitsprozessen.<\/p>\n","protected":false},"excerpt":{"rendered":"<p>Halbelektrischer Scherenhubwagen FORK PRSP1500S \u2013 Tragf\u00e4higkeit 1.500 kg, Hubh\u00f6he 800 mm<\/p>\n","protected":false},"featured_media":2333,"comment_status":"open","ping_status":"closed","template":"","meta":[],"product_brand":[],"product_cat":[522],"product_tag":[],"class_list":{"0":"post-2334","1":"product","2":"type-product","3":"status-publish","4":"has-post-thumbnail","6":"product_cat-elektrische-hubwagen","7":"product_shipping_class-kurier-450","9":"first","10":"instock","11":"taxable","12":"shipping-taxable","13":"purchasable","14":"product-type-simple"},"_links":{"self":[{"href":"https:\/\/shop.steel-containers.com\/de\/wp-json\/wp\/v2\/product\/2334","targetHints":{"allow":["GET"]}}],"collection":[{"href":"https:\/\/shop.steel-containers.com\/de\/wp-json\/wp\/v2\/product"}],"about":[{"href":"https:\/\/shop.steel-containers.com\/de\/wp-json\/wp\/v2\/types\/product"}],"replies":[{"embeddable":true,"href":"https:\/\/shop.steel-containers.com\/de\/wp-json\/wp\/v2\/comments?post=2334"}],"wp:featuredmedia":[{"embeddable":true,"href":"https:\/\/shop.steel-containers.com\/de\/wp-json\/wp\/v2\/media\/2333"}],"wp:attachment":[{"href":"https:\/\/shop.steel-containers.com\/de\/wp-json\/wp\/v2\/media?parent=2334"}],"wp:term":[{"taxonomy":"product_brand","embeddable":true,"href":"https:\/\/shop.steel-containers.com\/de\/wp-json\/wp\/v2\/product_brand?post=2334"},{"taxonomy":"product_cat","embeddable":true,"href":"https:\/\/shop.steel-containers.com\/de\/wp-json\/wp\/v2\/product_cat?post=2334"},{"taxonomy":"product_tag","embeddable":true,"href":"https:\/\/shop.steel-containers.com\/de\/wp-json\/wp\/v2\/product_tag?post=2334"}],"curies":[{"name":"wp","href":"https:\/\/api.w.org\/{rel}","templated":true}]}}