{"id":2346,"date":"2026-01-22T09:34:43","date_gmt":"2026-01-22T08:34:43","guid":{"rendered":"https:\/\/shop.steel-containers.com\/produkt\/fork-elektrischer-hubwagen-pre15\/"},"modified":"2026-03-13T10:57:00","modified_gmt":"2026-03-13T09:57:00","slug":"fork-elektrischer-hubwagen-pre15","status":"publish","type":"product","link":"https:\/\/shop.steel-containers.com\/de\/produkt\/fork-elektrischer-hubwagen-pre15\/","title":{"rendered":"FORK Elektrischer Hubwagen PRE15"},"content":{"rendered":"<p>Elektrische Hubwagen sind mit Lithium-Ionen-Akkus ausgestattet. Der elektrische Hubwagen FORK mit Lithium-Ionen-Batterie ist eine moderne L\u00f6sung, die Lagerarbeitern das Anheben und Transportieren von Paletten ohne k\u00f6rperliche Anstrengung erm\u00f6glicht.<\/p>\n<p>Der Lithium-Ionen-Akku versorgt sowohl den Hub- als auch den Fahrantrieb. Diese moderne Akkutechnologie bietet im Vergleich zu herk\u00f6mmlichen Blei-S\u00e4ure-Batterien zahlreiche Vorteile. Zu den wichtigsten Vorteilen von Lithium-Ionen-Batterien f\u00fcr Hubwagen geh\u00f6ren eine bis zu dreimal l\u00e4ngere Lebensdauer, ein geringeres Gewicht und eine einfachere Wartung des Ger\u00e4ts.<\/p>\n<p><strong>Elektrischer Hubwagen mit Lithium-Ionen-Batterie PRE15:<br \/>\n<\/strong><\/p>\n<ul>\n<li>Tragf\u00e4higkeit: 1.500 kg<\/li>\n<li>Gabel\u00adl\u00e4nge: 1.150 mm<\/li>\n<li>Kompakte und robuste Bauweise \u2013 das Geh\u00e4use besteht aus widerstandsf\u00e4higen Materialien ohne Verformungs- oder Biegetendenzen<\/li>\n<li>Einfache Bedienung \u2013 ergonomischer Griff<\/li>\n<li>Schildkr\u00f6tenmodus \u2013 Umschaltung zwischen schneller und langsamer Fahrstufe f\u00fcr mehr Sicherheit<\/li>\n<li>Kompakteste Maschine in ihrer Klasse bei gleicher Tragf\u00e4higkeit \u2013 ideal f\u00fcr kleine Arbeitsbereiche wie Werkst\u00e4tten, Lager, LKWs oder Lieferfahrzeuge<\/li>\n<li>Einzigartige Gabelkonstruktion \u2013 geeignet f\u00fcr Europaletten, amerikanische Paletten und Kunststoffpaletten; hohe Steifigkeit ohne Verformung f\u00fcr lange Lebensdauer<\/li>\n<li>Schnelles Laden \u2013 ca. 2 Stunden bis zur vollst\u00e4ndigen Aufladung des Akkus<\/li>\n<li>Lange Lebensdauer \u2013 Lithium-Ionen-Batterie f\u00fcr dauerhaften Einsatz<\/li>\n<li>Hohe Sicherheit \u2013 integriertes Schutzpanel und mehrere Sicherheitsmechanismen zum Schutz vor \u00dcberladung und Tiefentladung<\/li>\n<li>Verst\u00e4rkte Komponenten \u2013 Sto\u00dfschutz, Radrahmen und St\u00fctzauflage<\/li>\n<li>Dank Zusatzakku ist ein 24-Stunden-Dauerbetrieb m\u00f6glich<\/li>\n<\/ul>\n<p>Die automatisierte Fertigung der Hubwagen gew\u00e4hrleistet eine hohe Qualit\u00e4t bis ins kleinste Detail. Moderne Produktionstechnologien machen diese Hubwagen zu zuverl\u00e4ssigen Helfern im t\u00e4glichen Betrieb.<\/p>\n<p>Hubwagen geh\u00f6ren weltweit zu den beliebtesten L\u00f6sungen f\u00fcr die Palettenhandhabung. Sie bieten eine einfache, aber \u00e4u\u00dferst vielseitige M\u00f6glichkeit, Waren im Lager zu bewegen, zu organisieren und zu platzieren. Die ergonomische Konstruktion des elektrischen Hubwagens erm\u00f6glicht den effizienten Transport auch sehr schwerer Lasten bei minimalem k\u00f6rperlichem Aufwand und reduziert den Bedarf an Arbeitskr\u00e4ften.<\/p>\n","protected":false},"excerpt":{"rendered":"<p>Elektrischer Hubwagen FORK PRE15 \u2013 Lithium-Ionen-Batterie, Tragf\u00e4higkeit 1.500 kg<\/p>\n","protected":false},"featured_media":2344,"comment_status":"open","ping_status":"closed","template":"","meta":[],"product_brand":[],"product_cat":[522],"product_tag":[],"class_list":{"0":"post-2346","1":"product","2":"type-product","3":"status-publish","4":"has-post-thumbnail","6":"product_cat-elektrische-hubwagen","7":"product_shipping_class-kurier-450","9":"first","10":"instock","11":"taxable","12":"shipping-taxable","13":"purchasable","14":"product-type-simple"},"_links":{"self":[{"href":"https:\/\/shop.steel-containers.com\/de\/wp-json\/wp\/v2\/product\/2346","targetHints":{"allow":["GET"]}}],"collection":[{"href":"https:\/\/shop.steel-containers.com\/de\/wp-json\/wp\/v2\/product"}],"about":[{"href":"https:\/\/shop.steel-containers.com\/de\/wp-json\/wp\/v2\/types\/product"}],"replies":[{"embeddable":true,"href":"https:\/\/shop.steel-containers.com\/de\/wp-json\/wp\/v2\/comments?post=2346"}],"wp:featuredmedia":[{"embeddable":true,"href":"https:\/\/shop.steel-containers.com\/de\/wp-json\/wp\/v2\/media\/2344"}],"wp:attachment":[{"href":"https:\/\/shop.steel-containers.com\/de\/wp-json\/wp\/v2\/media?parent=2346"}],"wp:term":[{"taxonomy":"product_brand","embeddable":true,"href":"https:\/\/shop.steel-containers.com\/de\/wp-json\/wp\/v2\/product_brand?post=2346"},{"taxonomy":"product_cat","embeddable":true,"href":"https:\/\/shop.steel-containers.com\/de\/wp-json\/wp\/v2\/product_cat?post=2346"},{"taxonomy":"product_tag","embeddable":true,"href":"https:\/\/shop.steel-containers.com\/de\/wp-json\/wp\/v2\/product_tag?post=2346"}],"curies":[{"name":"wp","href":"https:\/\/api.w.org\/{rel}","templated":true}]}}