{"id":2445,"date":"2026-01-22T09:34:31","date_gmt":"2026-01-22T08:34:31","guid":{"rendered":"https:\/\/shop.steel-containers.com\/produkt\/fork-manueller-hochhub-palettenstapler-gm15-20\/"},"modified":"2026-03-13T12:08:48","modified_gmt":"2026-03-13T11:08:48","slug":"fork-manueller-hochhub-palettenstapler-gm15-20","status":"publish","type":"product","link":"https:\/\/shop.steel-containers.com\/de\/produkt\/fork-manueller-hochhub-palettenstapler-gm15-20\/","title":{"rendered":"FORK Manueller Hochhub-Palettenstapler GM15-20"},"content":{"rendered":"<p>Der standardm\u00e4\u00dfige manuelle Hochhub-Palettenstapler FORK GM15-20 ist f\u00fcr den Transport und das Anheben von Lasten ausgelegt. Dank verschiedener Mastoptionen und Tragf\u00e4higkeiten bew\u00e4ltigt er eine Vielzahl von Umschlagaufgaben in Lagern und anderen Betriebsst\u00e4tten.<\/p>\n<ul>\n<li>Tragf\u00e4higkeit: 1.500 kg<\/li>\n<li>Hubh\u00f6he: 2.000 mm<\/li>\n<li>Einfache und komfortable Bedienung dank ergonomischer Griffe und leichtg\u00e4ngigem Fahrverhalten<\/li>\n<li>Sicheres Parken in jeder Situation durch mechanische Feststellbremse<\/li>\n<\/ul>\n<p><strong>Hauptvorteile manueller Hochhubwagen:<br \/>\n<\/strong><\/p>\n<ul>\n<li>Ergonomische Griffkonstruktion, einfache Steuerung und komfortable Handhabung<\/li>\n<li>Hochwertige R\u00e4der<\/li>\n<li>Einfache Konstruktion \u2013 ideal als zuverl\u00e4ssiger Helfer in jedem Lager<\/li>\n<li>Konstruktion aus hochfestem Stahl<\/li>\n<li>Optimales Verh\u00e4ltnis von Qualit\u00e4t und Preis<\/li>\n<li>Wirtschaftliche L\u00f6sung f\u00fcr kleine Unternehmen oder Privatpersonen mit kleinem Lager<\/li>\n<\/ul>\n","protected":false},"excerpt":{"rendered":"<p>Manueller Hochhub-Palettenstapler FORK GM15-20 mit einer Tragf\u00e4higkeit von 1.500 kg und einer Hubh\u00f6he von 2.000 mm. Eine einfache, zuverl\u00e4ssige und kosteng\u00fcnstige L\u00f6sung f\u00fcr grundlegende Umschlagarbeiten in Lagern und kleineren Betrieben.<\/p>\n","protected":false},"featured_media":2444,"comment_status":"open","ping_status":"closed","template":"","meta":[],"product_brand":[],"product_cat":[518],"product_tag":[],"class_list":{"0":"post-2445","1":"product","2":"type-product","3":"status-publish","4":"has-post-thumbnail","6":"product_cat-handstapler","7":"product_shipping_class-kurier-450","9":"first","10":"instock","11":"taxable","12":"shipping-taxable","13":"purchasable","14":"product-type-simple"},"_links":{"self":[{"href":"https:\/\/shop.steel-containers.com\/de\/wp-json\/wp\/v2\/product\/2445","targetHints":{"allow":["GET"]}}],"collection":[{"href":"https:\/\/shop.steel-containers.com\/de\/wp-json\/wp\/v2\/product"}],"about":[{"href":"https:\/\/shop.steel-containers.com\/de\/wp-json\/wp\/v2\/types\/product"}],"replies":[{"embeddable":true,"href":"https:\/\/shop.steel-containers.com\/de\/wp-json\/wp\/v2\/comments?post=2445"}],"wp:featuredmedia":[{"embeddable":true,"href":"https:\/\/shop.steel-containers.com\/de\/wp-json\/wp\/v2\/media\/2444"}],"wp:attachment":[{"href":"https:\/\/shop.steel-containers.com\/de\/wp-json\/wp\/v2\/media?parent=2445"}],"wp:term":[{"taxonomy":"product_brand","embeddable":true,"href":"https:\/\/shop.steel-containers.com\/de\/wp-json\/wp\/v2\/product_brand?post=2445"},{"taxonomy":"product_cat","embeddable":true,"href":"https:\/\/shop.steel-containers.com\/de\/wp-json\/wp\/v2\/product_cat?post=2445"},{"taxonomy":"product_tag","embeddable":true,"href":"https:\/\/shop.steel-containers.com\/de\/wp-json\/wp\/v2\/product_tag?post=2445"}],"curies":[{"name":"wp","href":"https:\/\/api.w.org\/{rel}","templated":true}]}}