{"id":2452,"date":"2026-01-22T09:34:31","date_gmt":"2026-01-22T08:34:31","guid":{"rendered":"https:\/\/shop.steel-containers.com\/produkt\/fork-manueller-hochhub-palettenstapler-gm15-30\/"},"modified":"2026-03-13T12:11:44","modified_gmt":"2026-03-13T11:11:44","slug":"fork-manueller-hochhub-palettenstapler-gm15-30","status":"publish","type":"product","link":"https:\/\/shop.steel-containers.com\/de\/produkt\/fork-manueller-hochhub-palettenstapler-gm15-30\/","title":{"rendered":"FORK Manueller Hochhub-Palettenstapler GM15-30"},"content":{"rendered":"<p>Der manuelle Hochhub-Palettenstapler FORK GM15-30 ist f\u00fcr den Transport und das Anheben von Paletten konzipiert. Dank verschiedener Mastvarianten und Tragf\u00e4higkeiten eignet er sich f\u00fcr eine Vielzahl von Handhabungsaufgaben in Lagern und anderen Betriebsst\u00e4tten.<\/p>\n<ul>\n<li>Tragf\u00e4higkeit: 1.500 kg<\/li>\n<li>Hubh\u00f6he: 3.000 mm<\/li>\n<li>Einfache und komfortable Bedienung dank ergonomischem Griff und leichtg\u00e4ngiger F\u00fchrung;<\/li>\n<li>Sicheres Abstellen in jeder Situation durch mechanische Feststellbremse;<\/li>\n<\/ul>\n<p><strong>Hauptvorteile manueller Stapler:<\/strong><\/p>\n<ul>\n<li>Ergonomische Griffgestaltung, einfache Steuerung, komfortable Bedienung<\/li>\n<li>Hochwertige R\u00e4der<\/li>\n<li>Einfache Konstruktion als praktischer Helfer in jedem Lager<\/li>\n<li>Stabile Stahlkonstruktion mit hoher Belastbarkeit<\/li>\n<li>Optimales Preis-Leistungs-Verh\u00e4ltnis<\/li>\n<li>Wirtschaftliche L\u00f6sung f\u00fcr kleine Unternehmen oder Privatpersonen mit kleinem Lager.<\/li>\n<\/ul>\n","protected":false},"excerpt":{"rendered":"<p>Manueller Hochhub-Palettenstapler FORK GM15-30 mit 1500 kg Tragf\u00e4higkeit und 3000 mm Hubh\u00f6he f\u00fcr effiziente Palettenhandhabung. Ergonomische Bedienung, robuste Stahlkonstruktion und attraktives Preis-Leistungs-Verh\u00e4ltnis.<\/p>\n","protected":false},"featured_media":2450,"comment_status":"open","ping_status":"closed","template":"","meta":[],"product_brand":[],"product_cat":[518],"product_tag":[],"class_list":{"0":"post-2452","1":"product","2":"type-product","3":"status-publish","4":"has-post-thumbnail","6":"product_cat-handstapler","7":"product_shipping_class-kurier-450","9":"first","10":"instock","11":"taxable","12":"shipping-taxable","13":"purchasable","14":"product-type-simple"},"_links":{"self":[{"href":"https:\/\/shop.steel-containers.com\/de\/wp-json\/wp\/v2\/product\/2452","targetHints":{"allow":["GET"]}}],"collection":[{"href":"https:\/\/shop.steel-containers.com\/de\/wp-json\/wp\/v2\/product"}],"about":[{"href":"https:\/\/shop.steel-containers.com\/de\/wp-json\/wp\/v2\/types\/product"}],"replies":[{"embeddable":true,"href":"https:\/\/shop.steel-containers.com\/de\/wp-json\/wp\/v2\/comments?post=2452"}],"wp:featuredmedia":[{"embeddable":true,"href":"https:\/\/shop.steel-containers.com\/de\/wp-json\/wp\/v2\/media\/2450"}],"wp:attachment":[{"href":"https:\/\/shop.steel-containers.com\/de\/wp-json\/wp\/v2\/media?parent=2452"}],"wp:term":[{"taxonomy":"product_brand","embeddable":true,"href":"https:\/\/shop.steel-containers.com\/de\/wp-json\/wp\/v2\/product_brand?post=2452"},{"taxonomy":"product_cat","embeddable":true,"href":"https:\/\/shop.steel-containers.com\/de\/wp-json\/wp\/v2\/product_cat?post=2452"},{"taxonomy":"product_tag","embeddable":true,"href":"https:\/\/shop.steel-containers.com\/de\/wp-json\/wp\/v2\/product_tag?post=2452"}],"curies":[{"name":"wp","href":"https:\/\/api.w.org\/{rel}","templated":true}]}}