{"id":2471,"date":"2026-01-22T09:34:32","date_gmt":"2026-01-22T08:34:32","guid":{"rendered":"https:\/\/shop.steel-containers.com\/produkt\/fork-hydraulischer-scherenhubtisch-hdg350a\/"},"modified":"2026-03-13T11:38:38","modified_gmt":"2026-03-13T10:38:38","slug":"fork-hydraulischer-scherenhubtisch-hdg350a","status":"publish","type":"product","link":"https:\/\/shop.steel-containers.com\/de\/produkt\/fork-hydraulischer-scherenhubtisch-hdg350a\/","title":{"rendered":"FORK Hydraulischer Scherenhubtisch HDG350A"},"content":{"rendered":"<p>Der manuelle oder hydraulische Scherenhubtisch eignet sich f\u00fcr den Einsatz in Servicezentren, Garagen, Produktionsbetrieben, Fabriken, Lagern und anderen Arbeitsbereichen. Hydraulische Werkstatttische sind einfach und komfortabel in der t\u00e4glichen Bedienung. Die Hubtische sind f\u00fcr hohe Lasten sowie f\u00fcr den Einsatz unter hohem Druck ausgelegt. Sie verf\u00fcgen \u00fcber einen ergonomischen und komfortablen Griff, der eine einfache Handhabung und die Durchf\u00fchrung notwendiger Arbeiten erm\u00f6glicht. FORK ist ein professioneller Gro\u00dfhandelsanbieter von hydraulischen Scherenhubtischen. Ein breites Spektrum an Hubh\u00f6hen, Abmessungen und Tragf\u00e4higkeiten der hydraulischen Werkstatttische erm\u00f6glicht die Anpassung an unterschiedliche Einsatzbereiche und Arbeitsarten.<\/p>\n<p><strong>Hauptvorteile der hydraulischen Hubtische GUMI:<\/strong><\/p>\n<ul>\n<li style=\"list-style-type: none;\">\n<ul>\n<li>Ergonomische Griffkonstruktion, einfache Steuerung und komfortable Handhabung<\/li>\n<li>Hochwertige R\u00e4der<\/li>\n<li>Einfache Konstruktion als praktischer Helfer in jedem Lager<\/li>\n<li>Ergonomie in jedem Detail<\/li>\n<li>Stabile Stahlkonstruktion mit hoher Belastbarkeit<\/li>\n<li>Optimales Preis Leistungs Verh\u00e4ltnis<\/li>\n<li>Wirtschaftliche L\u00f6sung f\u00fcr kleine Unternehmen oder Privatpersonen mit kleinem Lager.<\/li>\n<\/ul>\n<\/li>\n<\/ul>\n<p>&nbsp;<\/p>\n","protected":false},"excerpt":{"rendered":"<p>Hydraulischer Scherenhubtisch FORK HDG350A f\u00fcr Werkst\u00e4tten, Lager und Produktionsbereiche. Robuste Stahlkonstruktion, ergonomische Bedienung und attraktives Preis Leistungs Verh\u00e4ltnis.<\/p>\n","protected":false},"featured_media":2470,"comment_status":"open","ping_status":"closed","template":"","meta":[],"product_brand":[],"product_cat":[516],"product_tag":[],"class_list":{"0":"post-2471","1":"product","2":"type-product","3":"status-publish","4":"has-post-thumbnail","6":"product_cat-scherenhubwagen","7":"product_shipping_class-kurier-450","9":"first","10":"instock","11":"taxable","12":"shipping-taxable","13":"purchasable","14":"product-type-simple"},"_links":{"self":[{"href":"https:\/\/shop.steel-containers.com\/de\/wp-json\/wp\/v2\/product\/2471","targetHints":{"allow":["GET"]}}],"collection":[{"href":"https:\/\/shop.steel-containers.com\/de\/wp-json\/wp\/v2\/product"}],"about":[{"href":"https:\/\/shop.steel-containers.com\/de\/wp-json\/wp\/v2\/types\/product"}],"replies":[{"embeddable":true,"href":"https:\/\/shop.steel-containers.com\/de\/wp-json\/wp\/v2\/comments?post=2471"}],"wp:featuredmedia":[{"embeddable":true,"href":"https:\/\/shop.steel-containers.com\/de\/wp-json\/wp\/v2\/media\/2470"}],"wp:attachment":[{"href":"https:\/\/shop.steel-containers.com\/de\/wp-json\/wp\/v2\/media?parent=2471"}],"wp:term":[{"taxonomy":"product_brand","embeddable":true,"href":"https:\/\/shop.steel-containers.com\/de\/wp-json\/wp\/v2\/product_brand?post=2471"},{"taxonomy":"product_cat","embeddable":true,"href":"https:\/\/shop.steel-containers.com\/de\/wp-json\/wp\/v2\/product_cat?post=2471"},{"taxonomy":"product_tag","embeddable":true,"href":"https:\/\/shop.steel-containers.com\/de\/wp-json\/wp\/v2\/product_tag?post=2471"}],"curies":[{"name":"wp","href":"https:\/\/api.w.org\/{rel}","templated":true}]}}