{"id":2486,"date":"2026-01-22T09:34:20","date_gmt":"2026-01-22T08:34:20","guid":{"rendered":"https:\/\/shop.steel-containers.com\/produkt\/fork-palettenhubwagen-mit-waage-spr-25\/"},"modified":"2026-03-13T12:14:48","modified_gmt":"2026-03-13T11:14:48","slug":"fork-palettenhubwagen-mit-waage-spr-25","status":"publish","type":"product","link":"https:\/\/shop.steel-containers.com\/de\/produkt\/fork-palettenhubwagen-mit-waage-spr-25\/","title":{"rendered":"FORK Palettenhubwagen mit Waage SPR 25"},"content":{"rendered":"<p>FORK Palettenhubwagen sind in einer breiten Palette von Typen und Spezifikationen erh\u00e4ltlich. Sie werden aus hochwertigen Materialien gefertigt, die eine lange Lebensdauer und niedrige Wartungskosten aller Komponenten gew\u00e4hrleisten.<\/p>\n<p>Die automatisierte Produktion der Palettenhubwagen sorgt f\u00fcr eine gleichbleibend hohe Qualit\u00e4t s\u00e4mtlicher Bauteile. Fortschrittliche und moderne Fertigungstechnologien machen die FORK Palettenhubwagen zu zuverl\u00e4ssigen Helfern f\u00fcr jeden Anwender.<\/p>\n<p>Palettenhubwagen geh\u00f6ren weltweit zu den am h\u00e4ufigsten eingesetzten L\u00f6sungen f\u00fcr die Palettenhandhabung. Sie erm\u00f6glichen einen einfachen und zugleich vielseitigen Transport, die Organisation und das Platzieren von Waren im Lager. Die ergonomische Konstruktion erlaubt das effiziente Bewegen sehr schwerer und gro\u00dfer Lasten bei geringerem k\u00f6rperlichem Aufwand und reduziert den Personalbedarf.<\/p>\n<p><strong>Palettenhubwagen mit Waage SPR25:<\/strong><\/p>\n<ul>\n<li>Elektronischer Indikator mit 6-stelliger roter LED-Anzeige mit 32 mm Ziffernh\u00f6he<\/li>\n<li>Vier W\u00e4gezellen gew\u00e4hrleisten eine pr\u00e4zise Messung in Kilogramm oder Pfund<\/li>\n<li>Durchdachte Konstruktion mit standardm\u00e4\u00dfiger Gabelbreite von 540 oder 680 mm statt 570 oder 700 mm<\/li>\n<li>Robuste Gabeln aus Stahl mit 4 mm Materialst\u00e4rke<\/li>\n<li>Niedrigprofil mit minimaler Gabelh\u00f6he von 78 mm<\/li>\n<li>Langlebiger interner Akku 6 V 4 Ah mit bis zu 40 Stunden Betriebszeit<\/li>\n<\/ul>\n<p><strong>Hochpr\u00e4zises multifunktionales LED-Display<\/strong><\/p>\n<ul>\n<li>7 Funktionstasten f\u00fcr eine einfache und komfortable Bedienung<\/li>\n<li>7 Statuskontrollleuchten<\/li>\n<li>Hohe Lebensdauer und Sto\u00dffestigkeit<\/li>\n<li>Automatischer Displayschutz und automatische Abschaltfunktion zur Energieeinsparung<\/li>\n<\/ul>\n","protected":false},"excerpt":{"rendered":"<p>FORK Palettenhubwagen mit Waage SPR25 f\u00fcr pr\u00e4zises Wiegen und effiziente Palettenhandhabung in Lager- und Betriebsbereichen. Robuste Konstruktion, genaue Messtechnik und einfache Bedienung.<\/p>\n","protected":false},"featured_media":2487,"comment_status":"open","ping_status":"closed","template":"","meta":[],"product_brand":[],"product_cat":[405],"product_tag":[],"class_list":{"0":"post-2486","1":"product","2":"type-product","3":"status-publish","4":"has-post-thumbnail","6":"product_cat-palettenwagen","7":"product_shipping_class-kurier-450","9":"first","10":"instock","11":"taxable","12":"shipping-taxable","13":"purchasable","14":"product-type-simple"},"_links":{"self":[{"href":"https:\/\/shop.steel-containers.com\/de\/wp-json\/wp\/v2\/product\/2486","targetHints":{"allow":["GET"]}}],"collection":[{"href":"https:\/\/shop.steel-containers.com\/de\/wp-json\/wp\/v2\/product"}],"about":[{"href":"https:\/\/shop.steel-containers.com\/de\/wp-json\/wp\/v2\/types\/product"}],"replies":[{"embeddable":true,"href":"https:\/\/shop.steel-containers.com\/de\/wp-json\/wp\/v2\/comments?post=2486"}],"wp:featuredmedia":[{"embeddable":true,"href":"https:\/\/shop.steel-containers.com\/de\/wp-json\/wp\/v2\/media\/2487"}],"wp:attachment":[{"href":"https:\/\/shop.steel-containers.com\/de\/wp-json\/wp\/v2\/media?parent=2486"}],"wp:term":[{"taxonomy":"product_brand","embeddable":true,"href":"https:\/\/shop.steel-containers.com\/de\/wp-json\/wp\/v2\/product_brand?post=2486"},{"taxonomy":"product_cat","embeddable":true,"href":"https:\/\/shop.steel-containers.com\/de\/wp-json\/wp\/v2\/product_cat?post=2486"},{"taxonomy":"product_tag","embeddable":true,"href":"https:\/\/shop.steel-containers.com\/de\/wp-json\/wp\/v2\/product_tag?post=2486"}],"curies":[{"name":"wp","href":"https:\/\/api.w.org\/{rel}","templated":true}]}}