{"id":2500,"date":"2026-01-22T09:34:20","date_gmt":"2026-01-22T08:34:20","guid":{"rendered":"https:\/\/shop.steel-containers.com\/produkt\/fork-scherenhubwagen-prs10d\/"},"modified":"2026-03-13T12:15:28","modified_gmt":"2026-03-13T11:15:28","slug":"fork-scherenhubwagen-prs10d","status":"publish","type":"product","link":"https:\/\/shop.steel-containers.com\/de\/produkt\/fork-scherenhubwagen-prs10d\/","title":{"rendered":"FORK Scherenhubwagen PRS10D"},"content":{"rendered":"<p>Jede k\u00f6rperliche \u00dcberlastung des Personals durch h\u00e4ufiges Heben, Absetzen oder Tragen schwerer Gegenst\u00e4nde hat einen erheblichen Einfluss auf die Gesundheit der Mitarbeiter. In solchen F\u00e4llen sind hydraulische Scherenhubger\u00e4te und Palettenhubwagen aus dem GUMI-Sortiment die ideale L\u00f6sung. Ein breites Spektrum an Tragf\u00e4higkeiten und Hubh\u00f6hen erm\u00f6glicht die Auswahl des optimalen Produkts, exakt abgestimmt auf die Anforderungen des jeweiligen Kunden. Der Scherenhubwagen kann nicht nur als manueller Palettenhubwagen, sondern auch als Hubplattform, Packtisch oder sogar als Werkstatttisch eingesetzt werden.<\/p>\n<p>Die Konstruktion des Scherenhubwagens mit Hubmechanismus ist f\u00fcr den Einsatz an Be- und Entladef\u00f6rderern, Zuf\u00fchrpressen oder in anderen Anwendungen vorgesehen, bei denen Paletten oder Beh\u00e4lter mit Materialien bewegt und pr\u00e4zise positioniert werden m\u00fcssen.<\/p>\n<p><strong>Scherenhubwagen GUMI PRS10D:<\/strong><\/p>\n<ul>\n<li>Tragf\u00e4higkeit: 1.000 kg<\/li>\n<li>Hubh\u00f6he: 800 mm<\/li>\n<li>Mit Schnellhubfunktion ausgestattet<\/li>\n<li>Doppelte Hubgeschwindigkeit bei Lasten unter 200 kg<\/li>\n<li>Mit \u00dcberdruck- und \u00dcberlastventil zum Schutz der Pumpe bei \u00dcberschreitung der maximalen Last<\/li>\n<li>Geschlossene Gabelspitzen und verst\u00e4rkte Gabelrahmen sorgen f\u00fcr eine lange Lebensdauer<\/li>\n<\/ul>\n","protected":false},"excerpt":{"rendered":"<p>FORK Scherenhubwagen PRS10D mit 1000 kg Tragf\u00e4higkeit und 800 mm Hubh\u00f6he f\u00fcr ergonomisches Arbeiten, Palettenpositionierung und den Einsatz als Arbeits oder Packtisch.<\/p>\n","protected":false},"featured_media":2333,"comment_status":"open","ping_status":"closed","template":"","meta":[],"product_brand":[],"product_cat":[405],"product_tag":[],"class_list":{"0":"post-2500","1":"product","2":"type-product","3":"status-publish","4":"has-post-thumbnail","6":"product_cat-palettenwagen","7":"product_shipping_class-kurier-450","9":"first","10":"instock","11":"taxable","12":"shipping-taxable","13":"purchasable","14":"product-type-simple"},"_links":{"self":[{"href":"https:\/\/shop.steel-containers.com\/de\/wp-json\/wp\/v2\/product\/2500","targetHints":{"allow":["GET"]}}],"collection":[{"href":"https:\/\/shop.steel-containers.com\/de\/wp-json\/wp\/v2\/product"}],"about":[{"href":"https:\/\/shop.steel-containers.com\/de\/wp-json\/wp\/v2\/types\/product"}],"replies":[{"embeddable":true,"href":"https:\/\/shop.steel-containers.com\/de\/wp-json\/wp\/v2\/comments?post=2500"}],"wp:featuredmedia":[{"embeddable":true,"href":"https:\/\/shop.steel-containers.com\/de\/wp-json\/wp\/v2\/media\/2333"}],"wp:attachment":[{"href":"https:\/\/shop.steel-containers.com\/de\/wp-json\/wp\/v2\/media?parent=2500"}],"wp:term":[{"taxonomy":"product_brand","embeddable":true,"href":"https:\/\/shop.steel-containers.com\/de\/wp-json\/wp\/v2\/product_brand?post=2500"},{"taxonomy":"product_cat","embeddable":true,"href":"https:\/\/shop.steel-containers.com\/de\/wp-json\/wp\/v2\/product_cat?post=2500"},{"taxonomy":"product_tag","embeddable":true,"href":"https:\/\/shop.steel-containers.com\/de\/wp-json\/wp\/v2\/product_tag?post=2500"}],"curies":[{"name":"wp","href":"https:\/\/api.w.org\/{rel}","templated":true}]}}