{"id":2518,"date":"2026-01-22T09:34:30","date_gmt":"2026-01-22T08:34:30","guid":{"rendered":"https:\/\/shop.steel-containers.com\/produkt\/fork-manueller-palettenhubwagen-pr30\/"},"modified":"2026-03-13T12:12:44","modified_gmt":"2026-03-13T11:12:44","slug":"fork-manueller-palettenhubwagen-pr30","status":"publish","type":"product","link":"https:\/\/shop.steel-containers.com\/de\/produkt\/fork-manueller-palettenhubwagen-pr30\/","title":{"rendered":"FORK Manueller Palettenhubwagen PR30"},"content":{"rendered":"<p>&nbsp;<\/p>\n<p><span class=\"HwtZe jCAhz ChMk0b ryNqvb\" lang=\"ru\">Der standardm\u00e4\u00dfige manuelle Palettenhubwagen ist ein einfaches, leistungsstarkes und unverzichtbares Arbeitsger\u00e4t f\u00fcr den Einsatz in verschiedenen Industriezweigen und Arbeitsumgebungen. Er ist f\u00fcr den Transport und das Anheben von palettierten Lasten mittels Muskelkraft und hydraulischem Hubmechanismus ausgelegt. Die einfache Bedienung und gute Man\u00f6vrierbarkeit gew\u00e4hrleisten eine sichere und effiziente Handhabung von Lasten in Lagern, Produktionshallen, Fabriken und weiteren Einsatzorten. Standardm\u00e4\u00dfige manuelle Palettenhubwagen sind robust, anpassungsf\u00e4hig an unterschiedliche Anforderungen und Aufgaben und bieten eine hohe Leistung zu einem wirtschaftlichen Preis. Sie sind ein unverzichtbares Hilfsmittel f\u00fcr eine effiziente Organisation von Arbeitsprozessen, bei denen das Bewegen und Lagern von Lasten erforderlich ist.<br \/>\n<\/span><\/p>\n<p><span class=\"HwtZe jCAhz ChMk0b ryNqvb\" lang=\"ru\"><strong>Manueller Palettenhubwagen PR30:<\/strong><\/span><\/p>\n<ul>\n<li><span class=\"HwtZe jCAhz ChMk0b ryNqvb\" lang=\"ru\">Tragf\u00e4higkeit 3000 kg<\/span><\/li>\n<li><span class=\"HwtZe jCAhz ChMk0b ryNqvb\" lang=\"ru\">Hochwertige und wartungsfreundliche Pumpe<\/span><\/li>\n<li><span class=\"HwtZe jCAhz ChMk0b ryNqvb\" lang=\"ru\">Kompakte Bauweise mit demontierbarem Pumpenk\u00f6rper f\u00fcr schnelle Reparaturen ohne Austausch der gesamten Einheit<\/span><\/li>\n<li><span class=\"HwtZe jCAhz ChMk0b ryNqvb\" lang=\"ru\">Hochwertige Feder f\u00fcr eine lange Lebensdauer<\/span><\/li>\n<li><span class=\"HwtZe jCAhz ChMk0b ryNqvb\" lang=\"ru\">Optimierte \u00d6ffnung f\u00fcr das Lastrollenrad f\u00fcr besseren Schutz von Rad, Schubstange und Gabeln<\/span><\/li>\n<li><span class=\"HwtZe jCAhz ChMk0b ryNqvb\" lang=\"ru\">Robuste Fahrwerkskonstruktion f\u00fcr Stabilit\u00e4t und Zuverl\u00e4ssigkeit<\/span><\/li>\n<li>Einzigartige Gabelkonstruktion mit Rillen, unter hohem Druck gepresst, deutlich stabiler als herk\u00f6mmliche Flachgabeln<\/li>\n<li><span class=\"HwtZe jCAhz ChMk0b ryNqvb\" lang=\"ru\">Konstruktion mit einstellbarer Schubstange erm\u00f6glicht eine einfache Justierung auch nach l\u00e4ngerer Nutzungsdauer<\/span><\/li>\n<li><span class=\"HwtZe jCAhz ChMk0b ryNqvb\" lang=\"ru\">Standardm\u00e4\u00dfige Verst\u00e4rkung unter den Gabeln<\/span><\/li>\n<li><span class=\"HwtZe jCAhz ChMk0b ryNqvb\" lang=\"ru\">M\u00f6glichkeit der Verwendung verschiedener Beschichtungsmaterialien f\u00fcr Lenkrollen und Gabeln<\/span><\/li>\n<li><span class=\"HwtZe jCAhz ChMk0b ryNqvb\" lang=\"ru\">Zuverl\u00e4ssige Qualit\u00e4t der Last- und Lenkr\u00e4der<\/span><\/li>\n<li><span class=\"HwtZe jCAhz ChMk0b ryNqvb\" lang=\"ru\">Hochwertige R\u00e4der und Lager<br \/>\n<\/span><\/li>\n<\/ul>\n","protected":false},"excerpt":{"rendered":"<p>FORK manueller Palettenhubwagen PR30 mit 3000 kg Tragf\u00e4higkeit f\u00fcr die intensive t\u00e4gliche Handhabung schwerer Paletten in Lager- und Produktionsumgebungen.<\/p>\n","protected":false},"featured_media":2515,"comment_status":"open","ping_status":"closed","template":"","meta":[],"product_brand":[],"product_cat":[405],"product_tag":[],"class_list":{"0":"post-2518","1":"product","2":"type-product","3":"status-publish","4":"has-post-thumbnail","6":"product_cat-palettenwagen","7":"product_shipping_class-kurier-450","9":"first","10":"instock","11":"taxable","12":"shipping-taxable","13":"purchasable","14":"product-type-simple"},"_links":{"self":[{"href":"https:\/\/shop.steel-containers.com\/de\/wp-json\/wp\/v2\/product\/2518","targetHints":{"allow":["GET"]}}],"collection":[{"href":"https:\/\/shop.steel-containers.com\/de\/wp-json\/wp\/v2\/product"}],"about":[{"href":"https:\/\/shop.steel-containers.com\/de\/wp-json\/wp\/v2\/types\/product"}],"replies":[{"embeddable":true,"href":"https:\/\/shop.steel-containers.com\/de\/wp-json\/wp\/v2\/comments?post=2518"}],"wp:featuredmedia":[{"embeddable":true,"href":"https:\/\/shop.steel-containers.com\/de\/wp-json\/wp\/v2\/media\/2515"}],"wp:attachment":[{"href":"https:\/\/shop.steel-containers.com\/de\/wp-json\/wp\/v2\/media?parent=2518"}],"wp:term":[{"taxonomy":"product_brand","embeddable":true,"href":"https:\/\/shop.steel-containers.com\/de\/wp-json\/wp\/v2\/product_brand?post=2518"},{"taxonomy":"product_cat","embeddable":true,"href":"https:\/\/shop.steel-containers.com\/de\/wp-json\/wp\/v2\/product_cat?post=2518"},{"taxonomy":"product_tag","embeddable":true,"href":"https:\/\/shop.steel-containers.com\/de\/wp-json\/wp\/v2\/product_tag?post=2518"}],"curies":[{"name":"wp","href":"https:\/\/api.w.org\/{rel}","templated":true}]}}