{"id":2526,"date":"2026-01-22T09:34:30","date_gmt":"2026-01-22T08:34:30","guid":{"rendered":"https:\/\/shop.steel-containers.com\/produkt\/fork-manueller-palettenhubwagen-pr25-800-mit-kurzen-gabeln-800-mm\/"},"modified":"2026-03-13T12:13:06","modified_gmt":"2026-03-13T11:13:06","slug":"fork-manueller-palettenhubwagen-pr25-800-mit-kurzen-gabeln-800-mm","status":"publish","type":"product","link":"https:\/\/shop.steel-containers.com\/de\/produkt\/fork-manueller-palettenhubwagen-pr25-800-mit-kurzen-gabeln-800-mm\/","title":{"rendered":"FORK Manueller Palettenhubwagen PR25-800 mit kurzen Gabeln 800 mm"},"content":{"rendered":"<p>Manuelle Palettenhubwagen sind einfache, leistungsstarke und unverzichtbare Arbeitsger\u00e4te f\u00fcr den Einsatz in verschiedenen Industriezweigen und Arbeitsumgebungen.<br \/>\n<strong>K\u00fcrzere Gabeln eignen sich besonders f\u00fcr spezielle Lasten oder Situationen, in denen eine hohe Wendigkeit in engen R\u00e4umen entscheidend ist. Sie erm\u00f6glichen enge Wendeman\u00f6ver und ein leichteres<\/strong> Bewegen in beengten und stark frequentierten Bereichen.<\/p>\n<p>Diese Hubwagen sind f\u00fcr den Transport und das Anheben von Paletten mit Lasten mittels Muskelkraft und hydraulischem Hubmechanismus ausgelegt. Sie sind leicht zu f\u00fchren und gut man\u00f6vrierbar und gew\u00e4hrleisten einen sicheren und effizienten Lasttransport in Lagern, Fabriken und anderen Einsatzorten. Manuelle Palettenhubwagen sind robust, an unterschiedliche Anforderungen anpassbar und werden h\u00e4ufig als kosteneffiziente Basisl\u00f6sung f\u00fcr den Materialtransport eingesetzt. Sie sind ein unverzichtbares Hilfsmittel f\u00fcr eine effiziente Organisation von Arbeitsprozessen.<\/p>\n<p><strong>Kurzer manueller Palettenhubwagen PR25-800:<\/strong><\/p>\n<ul>\n<li style=\"list-style-type: none;\">\n<ul>\n<li>Gabell\u00e4nge 800 mm<\/li>\n<li>Tragf\u00e4higkeit 2500 kg<\/li>\n<li>Hochwertige und wartungsfreundliche Pumpe<\/li>\n<li>Kompakter Pumpenk\u00f6rper mit Demontagem\u00f6glichkeit erm\u00f6glicht Reparaturen durch Austausch der Pumpe selbst<\/li>\n<li>Hochwertige Feder f\u00fcr eine lange Lebensdauer<\/li>\n<li>Optimierte \u00d6ffnung f\u00fcr das Lastrollenrad f\u00fcr besseren Schutz von Rad, Schubstange und Gabeln<\/li>\n<li>Robuste Fahrwerkskonstruktion f\u00fcr Stabilit\u00e4t und Zuverl\u00e4ssigkeit<br \/>\nEinzigartige Gabelkonstruktion mit Rillen, unter hohem Druck gepresst, deutlich stabiler als herk\u00f6mmliche Flachgabeln<\/li>\n<li>Konstruktion mit einstellbarer Schubstange erm\u00f6glicht eine einfache Justierung auch nach l\u00e4ngerer Nutzungsdauer<\/li>\n<li>Standardm\u00e4\u00dfige Verst\u00e4rkung unter den Gabeln<\/li>\n<li>M\u00f6glichkeit der Verwendung verschiedener Beschichtungsmaterialien f\u00fcr Lenkrollen und Gabeln<\/li>\n<li>Zuverl\u00e4ssige Qualit\u00e4t der Last- und Lenkr\u00e4der<\/li>\n<li>Hochwertige R\u00e4der und Lager<\/li>\n<\/ul>\n<\/li>\n<\/ul>\n<p>&nbsp;<\/p>\n","protected":false},"excerpt":{"rendered":"<p>FORK manueller Palettenhubwagen PR25-800 mit kurzen Gabeln 800 mm und 2500 kg Tragf\u00e4higkeit, ideal f\u00fcr den Einsatz in engen und begrenzten Arbeitsbereichen.<\/p>\n","protected":false},"featured_media":2527,"comment_status":"open","ping_status":"closed","template":"","meta":[],"product_brand":[],"product_cat":[405],"product_tag":[],"class_list":{"0":"post-2526","1":"product","2":"type-product","3":"status-publish","4":"has-post-thumbnail","6":"product_cat-palettenwagen","7":"product_shipping_class-kurier-450","9":"first","10":"instock","11":"taxable","12":"shipping-taxable","13":"purchasable","14":"product-type-simple"},"_links":{"self":[{"href":"https:\/\/shop.steel-containers.com\/de\/wp-json\/wp\/v2\/product\/2526","targetHints":{"allow":["GET"]}}],"collection":[{"href":"https:\/\/shop.steel-containers.com\/de\/wp-json\/wp\/v2\/product"}],"about":[{"href":"https:\/\/shop.steel-containers.com\/de\/wp-json\/wp\/v2\/types\/product"}],"replies":[{"embeddable":true,"href":"https:\/\/shop.steel-containers.com\/de\/wp-json\/wp\/v2\/comments?post=2526"}],"wp:featuredmedia":[{"embeddable":true,"href":"https:\/\/shop.steel-containers.com\/de\/wp-json\/wp\/v2\/media\/2527"}],"wp:attachment":[{"href":"https:\/\/shop.steel-containers.com\/de\/wp-json\/wp\/v2\/media?parent=2526"}],"wp:term":[{"taxonomy":"product_brand","embeddable":true,"href":"https:\/\/shop.steel-containers.com\/de\/wp-json\/wp\/v2\/product_brand?post=2526"},{"taxonomy":"product_cat","embeddable":true,"href":"https:\/\/shop.steel-containers.com\/de\/wp-json\/wp\/v2\/product_cat?post=2526"},{"taxonomy":"product_tag","embeddable":true,"href":"https:\/\/shop.steel-containers.com\/de\/wp-json\/wp\/v2\/product_tag?post=2526"}],"curies":[{"name":"wp","href":"https:\/\/api.w.org\/{rel}","templated":true}]}}