{"id":2535,"date":"2026-01-22T09:34:30","date_gmt":"2026-01-22T08:34:30","guid":{"rendered":"https:\/\/shop.steel-containers.com\/produkt\/fork-manueller-palettenhubwagen-mit-langen-gabeln-2000-mm-pr20-2000\/"},"modified":"2026-03-13T12:13:27","modified_gmt":"2026-03-13T11:13:27","slug":"fork-manueller-palettenhubwagen-mit-langen-gabeln-2000-mm-pr20-2000","status":"publish","type":"product","link":"https:\/\/shop.steel-containers.com\/de\/produkt\/fork-manueller-palettenhubwagen-mit-langen-gabeln-2000-mm-pr20-2000\/","title":{"rendered":"FORK Manueller Palettenhubwagen mit langen Gabeln 2000 mm PR20-2000"},"content":{"rendered":"<p>Der standardm\u00e4\u00dfige manuelle Palettenhubwagen ist ein einfaches, leistungsstarkes und unverzichtbares Arbeitsger\u00e4t f\u00fcr den Einsatz in verschiedenen Industriezweigen und Arbeitsumgebungen.<br \/>\n<strong>L\u00e4ngere Gabeln erm\u00f6glichen die Handhabung gr\u00f6\u00dferer Lasten oder mehrerer Paletten gleichzeitig.<br \/>\n<\/strong><\/p>\n<p>Diese Hubwagen sind f\u00fcr den Transport und das Anheben von Paletten mit Lasten mittels Muskelkraft und hydraulischem Hubmechanismus ausgelegt. Sie sind leicht zu f\u00fchren und gut man\u00f6vrierbar und gew\u00e4hrleisten einen sicheren und effizienten Lasttransport in Lagern, Fabriken und anderen Einsatzorten. Standardm\u00e4\u00dfige manuelle Palettenhubwagen sind robust, an unterschiedliche Anforderungen und Aufgaben anpassbar und werden h\u00e4ufig als kosteneffiziente Basisl\u00f6sung f\u00fcr den Materialtransport eingesetzt. Sie sind an vielen Arbeitspl\u00e4tzen unverzichtbar, an denen das Bewegen und Lagern von Lasten erforderlich ist, und stellen ein wesentliches Werkzeug f\u00fcr die effiziente Organisation von Arbeitsprozessen dar.<\/p>\n<p><strong>Langer Palettenhubwagen PR20-2000:<\/strong><\/p>\n<ul>\n<li style=\"list-style-type: none;\">\n<ul>\n<li>Gabel\u00adl\u00e4nge 2000 mm<\/li>\n<li>Tragf\u00e4higkeit 2.000 kg<\/li>\n<li>Hochwertige und wartungsfreundliche Pumpe<\/li>\n<li>Kompakter Pumpenk\u00f6rper mit Demontagem\u00f6glichkeit erm\u00f6glicht Reparaturen durch Austausch der Pumpe selbst<\/li>\n<li>Hochwertige Feder f\u00fcr lange Lebensdauer<\/li>\n<li>Optimierte \u00d6ffnung f\u00fcr das Lastrollenrad f\u00fcr besseren Schutz von Rad, Schubstange und Gabeln<\/li>\n<li>Robuste Fahrwerkskonstruktion f\u00fcr Stabilit\u00e4t und Zuverl\u00e4ssigkeit<\/li>\n<li>Einzigartige Gabelkonstruktion mit Rillen, unter hohem Druck gepresst, deutlich stabiler als herk\u00f6mmliche Flachgabeln<\/li>\n<li>Einstellbare Schubstangenkonstruktion erm\u00f6glicht eine einfache Justierung auch nach l\u00e4ngerer Nutzungsdauer<\/li>\n<li>Standardm\u00e4\u00dfige Verst\u00e4rkung unter den Gabeln<\/li>\n<li>Standardm\u00e4\u00dfige Verst\u00e4rkung unter den Gabeln<\/li>\n<li>M\u00f6glichkeit der Verwendung verschiedener Beschichtungsmaterialien f\u00fcr Last- und Lenkr\u00e4der sowie f\u00fcr die Gabeln<\/li>\n<li>Zuverl\u00e4ssige Qualit\u00e4t der Last- und Lenkr\u00e4der<\/li>\n<li>Hochwertige R\u00e4der und Lager<\/li>\n<\/ul>\n<\/li>\n<\/ul>\n<p>&nbsp;<\/p>\n","protected":false},"excerpt":{"rendered":"<p>FORK manueller Palettenhubwagen PR20-2000 mit langen Gabeln 2000 mm und 2000 kg Tragf\u00e4higkeit, ideal f\u00fcr die Handhabung gro\u00dfer Lasten oder mehrerer Paletten gleichzeitig.<\/p>\n","protected":false},"featured_media":2534,"comment_status":"open","ping_status":"closed","template":"","meta":[],"product_brand":[],"product_cat":[405],"product_tag":[],"class_list":{"0":"post-2535","1":"product","2":"type-product","3":"status-publish","4":"has-post-thumbnail","6":"product_cat-palettenwagen","7":"product_shipping_class-kurier-450","9":"first","10":"instock","11":"taxable","12":"shipping-taxable","13":"purchasable","14":"product-type-simple"},"_links":{"self":[{"href":"https:\/\/shop.steel-containers.com\/de\/wp-json\/wp\/v2\/product\/2535","targetHints":{"allow":["GET"]}}],"collection":[{"href":"https:\/\/shop.steel-containers.com\/de\/wp-json\/wp\/v2\/product"}],"about":[{"href":"https:\/\/shop.steel-containers.com\/de\/wp-json\/wp\/v2\/types\/product"}],"replies":[{"embeddable":true,"href":"https:\/\/shop.steel-containers.com\/de\/wp-json\/wp\/v2\/comments?post=2535"}],"wp:featuredmedia":[{"embeddable":true,"href":"https:\/\/shop.steel-containers.com\/de\/wp-json\/wp\/v2\/media\/2534"}],"wp:attachment":[{"href":"https:\/\/shop.steel-containers.com\/de\/wp-json\/wp\/v2\/media?parent=2535"}],"wp:term":[{"taxonomy":"product_brand","embeddable":true,"href":"https:\/\/shop.steel-containers.com\/de\/wp-json\/wp\/v2\/product_brand?post=2535"},{"taxonomy":"product_cat","embeddable":true,"href":"https:\/\/shop.steel-containers.com\/de\/wp-json\/wp\/v2\/product_cat?post=2535"},{"taxonomy":"product_tag","embeddable":true,"href":"https:\/\/shop.steel-containers.com\/de\/wp-json\/wp\/v2\/product_tag?post=2535"}],"curies":[{"name":"wp","href":"https:\/\/api.w.org\/{rel}","templated":true}]}}