{"id":2565,"date":"2026-01-22T09:34:46","date_gmt":"2026-01-22T08:34:46","guid":{"rendered":"https:\/\/shop.steel-containers.com\/produkt\/niedrige-auffangwanne-fuer-4-faesser-volumen-180-260-l\/"},"modified":"2026-03-13T10:54:43","modified_gmt":"2026-03-13T09:54:43","slug":"niedrige-auffangwanne-fuer-4-faesser-volumen-180-260-l","status":"publish","type":"product","link":"https:\/\/shop.steel-containers.com\/de\/produkt\/niedrige-auffangwanne-fuer-4-faesser-volumen-180-260-l\/","title":{"rendered":"Niedrige Auffangwanne f\u00fcr 4 F\u00e4sser (Volumen 180 \/ 260 l)"},"content":{"rendered":"<p class=\"\" data-start=\"133\" data-end=\"375\">Auffangwanne aus Kunststoff zur Lagerung von bis zu vier 200-Liter-F\u00e4ssern. Erh\u00e4ltlich in zwei Auffangvolumen-Varianten \u2013 180 Liter und 260 Liter. Das Produkt ist f\u00fcr die Handhabung mit Gabelstapler oder Palettenhubwagen ausgelegt.<\/p>\n<h4 class=\"\" data-start=\"377\" data-end=\"402\">Hauptmerkmale:<\/h4>\n<ul data-start=\"403\" data-end=\"726\">\n<li class=\"\" data-start=\"403\" data-end=\"485\">\n<p class=\"\" data-start=\"405\" data-end=\"485\">Gew\u00e4hrleistet die sichere Lagerung gef\u00e4hrlicher Fl\u00fcssigkeiten und sch\u00fctzt vor Leckagen<\/p>\n<\/li>\n<li class=\"\" data-start=\"486\" data-end=\"587\">\n<p class=\"\" data-start=\"488\" data-end=\"587\">Ausgestattet mit herausnehmbaren und teilbaren Gitterrosten, die die Reinigung und Entleerung der Wanne erleichtern<\/p>\n<\/li>\n<li class=\"\" data-start=\"588\" data-end=\"666\">\n<p class=\"\" data-start=\"590\" data-end=\"666\">Nach dem Entfernen der Roste ist die Wanne stapelbar, was Lagerplatz spart<\/p>\n<\/li>\n<li class=\"\" data-start=\"667\" data-end=\"726\">\n<p class=\"\" data-start=\"669\" data-end=\"726\">Hergestellt aus widerstandsf\u00e4higem Kunststoff in gelb-schwarzer Ausf\u00fchrung<\/p>\n<\/li>\n<\/ul>\n<h4 class=\"\" data-start=\"728\" data-end=\"772\">Grundabmessungen (f\u00fcr beide Varianten):<\/h4>\n<ul data-start=\"773\" data-end=\"822\">\n<li class=\"\" data-start=\"773\" data-end=\"797\">\n<p class=\"\" data-start=\"775\" data-end=\"797\">L\u00e4nge 1300 mm<\/p>\n<\/li>\n<li class=\"\" data-start=\"798\" data-end=\"822\">\n<p class=\"\" data-start=\"800\" data-end=\"822\">Breite 1300 mm<\/p>\n<\/li>\n<\/ul>\n<ol>\n<li style=\"list-style-type: none;\">\n<ol data-start=\"850\" data-end=\"1578\">\n<li class=\"\" style=\"list-style-type: none;\" data-start=\"1206\" data-end=\"1578\"><\/li>\n<\/ol>\n<\/li>\n<\/ol>\n","protected":false},"excerpt":{"rendered":"<p><strong>Niedrige Kunststoff-Auffangwanne f\u00fcr vier 200-Liter-F\u00e4sser mit einem Auffangvolumen von 180 oder 260 Litern. Sichere, stapelbare L\u00f6sung f\u00fcr die Lagerung von Fl\u00fcssigkeiten.<br \/>\n<\/strong><\/p>\n","protected":false},"featured_media":2566,"comment_status":"open","ping_status":"closed","template":"","meta":[],"product_brand":[],"product_cat":[396],"product_tag":[],"class_list":{"0":"post-2565","1":"product","2":"type-product","3":"status-publish","4":"has-post-thumbnail","6":"product_cat-auffangwannen-aus-polyethylen","8":"first","9":"outofstock","10":"taxable","11":"shipping-taxable","12":"product-type-variable"},"_links":{"self":[{"href":"https:\/\/shop.steel-containers.com\/de\/wp-json\/wp\/v2\/product\/2565","targetHints":{"allow":["GET"]}}],"collection":[{"href":"https:\/\/shop.steel-containers.com\/de\/wp-json\/wp\/v2\/product"}],"about":[{"href":"https:\/\/shop.steel-containers.com\/de\/wp-json\/wp\/v2\/types\/product"}],"replies":[{"embeddable":true,"href":"https:\/\/shop.steel-containers.com\/de\/wp-json\/wp\/v2\/comments?post=2565"}],"wp:featuredmedia":[{"embeddable":true,"href":"https:\/\/shop.steel-containers.com\/de\/wp-json\/wp\/v2\/media\/2566"}],"wp:attachment":[{"href":"https:\/\/shop.steel-containers.com\/de\/wp-json\/wp\/v2\/media?parent=2565"}],"wp:term":[{"taxonomy":"product_brand","embeddable":true,"href":"https:\/\/shop.steel-containers.com\/de\/wp-json\/wp\/v2\/product_brand?post=2565"},{"taxonomy":"product_cat","embeddable":true,"href":"https:\/\/shop.steel-containers.com\/de\/wp-json\/wp\/v2\/product_cat?post=2565"},{"taxonomy":"product_tag","embeddable":true,"href":"https:\/\/shop.steel-containers.com\/de\/wp-json\/wp\/v2\/product_tag?post=2565"}],"curies":[{"name":"wp","href":"https:\/\/api.w.org\/{rel}","templated":true}]}}